{"id":29273,"date":"2026-02-27T00:46:21","date_gmt":"2026-02-27T00:46:21","guid":{"rendered":"https:\/\/nordicmart.andreevmaster.com\/product\/tooky-toy-stort-traekokken-til-born-10-stk-fsc\/"},"modified":"2026-02-27T09:22:32","modified_gmt":"2026-02-27T09:22:32","slug":"tooky-toy-stort-traekokken-til-born-10-stk-fsc","status":"publish","type":"product","link":"https:\/\/nordicmart.andreevmaster.com\/da\/vare\/tooky-toy-stort-traekokken-til-born-10-stk-fsc\/","title":{"rendered":"TOOKY TOY Stort Tr\u00e6K\u00f8kken til B\u00f8rn, 10 stk. FSC"},"content":{"rendered":"<p>Dette smukke tr\u00e6k\u00f8kken fra TOOKY TOY er perfekt til lille kokke, der elsker at lege voksne. Dette unikke s\u00e6t kombinerer moderne design med funktionalitet og tilbyder b\u00f8rn en realistisk kulinarisk oplevelse takket v\u00e6re lyd- og lyseffekter. Lavet af h\u00f8j kvalitet materialer, vil dette tr\u00e6k\u00f8kken gl\u00e6de ethvert barn med dets autenticitet og rigdom af detaljer.<\/p>\n<p>Funktioner:<\/p>\n<p>* &#8211; Til b\u00f8rn fra 3 \u00e5r og op<br \/>\n* &#8211; Moderne design med en ovn, induktionskogeplade, emh\u00e6tte og mikrob\u00f8lgeovn<br \/>\n* &#8211; K\u00f8kkenet har lyd- og lyseffekter, der forbedrer realismen af leg<br \/>\n* &#8211; Lavet af h\u00f8j kvalitet FSC-certificeret tr\u00e6<\/p>\n<p>S\u00e6ttet inkluderer:<\/p>\n<p>* &#8211; Tr\u00e6k\u00f8kken med mikrob\u00f8lgeovn, emh\u00e6tte, ovn og induktionskogeplade<br \/>\n* &#8211; Vask med hane<br \/>\n* &#8211; Gryde med l\u00e5g<br \/>\n* &#8211; Stegepander<br \/>\n* &#8211; 3 tr\u00e6 k\u00f8kken spatler<br \/>\n* &#8211; 2 Salt og peber shakere<br \/>\n* &#8211; Tavler<\/p>\n<p>Leget\u00f8jet udvikler:<\/p>\n<p>* &#8211; Imagination<br \/>\n* &#8211; Kreativitet<br \/>\n* &#8211; Logik<br \/>\n* &#8211; Motorik<br \/>\n* &#8211; Sociale f\u00e6rdigheder<\/p>\n","protected":false},"excerpt":{"rendered":"<p>Dette smukke tr\u00e6k\u00f8kken fra TOOKY TOY er perfekt til lille kokke, der elsker at lege voksne. Dette unikke s\u00e6t kombinerer moderne design med funktionalitet og tilbyder b\u00f8rn en realistisk kulinarisk oplevelse takket v\u00e6re lyd- og lyseffekter. Lavet af h\u00f8j kvalitet materialer, vil dette tr\u00e6k\u00f8kken gl\u00e6de ethvert barn med dets autenticitet og rigdom af detaljer. Funktioner: [&hellip;]<\/p>\n","protected":false},"featured_media":0,"comment_status":"open","ping_status":"closed","template":"","meta":[],"product_brand":[],"product_cat":[31],"product_tag":[],"class_list":{"0":"post-29273","1":"product","2":"type-product","3":"status-publish","5":"product_cat-uncategorized-da","7":"first","8":"instock","9":"shipping-taxable","10":"purchasable","11":"product-type-simple"},"_links":{"self":[{"href":"https:\/\/nordicmart.andreevmaster.com\/da\/wp-json\/wp\/v2\/product\/29273","targetHints":{"allow":["GET"]}}],"collection":[{"href":"https:\/\/nordicmart.andreevmaster.com\/da\/wp-json\/wp\/v2\/product"}],"about":[{"href":"https:\/\/nordicmart.andreevmaster.com\/da\/wp-json\/wp\/v2\/types\/product"}],"replies":[{"embeddable":true,"href":"https:\/\/nordicmart.andreevmaster.com\/da\/wp-json\/wp\/v2\/comments?post=29273"}],"wp:attachment":[{"href":"https:\/\/nordicmart.andreevmaster.com\/da\/wp-json\/wp\/v2\/media?parent=29273"}],"wp:term":[{"taxonomy":"product_brand","embeddable":true,"href":"https:\/\/nordicmart.andreevmaster.com\/da\/wp-json\/wp\/v2\/product_brand?post=29273"},{"taxonomy":"product_cat","embeddable":true,"href":"https:\/\/nordicmart.andreevmaster.com\/da\/wp-json\/wp\/v2\/product_cat?post=29273"},{"taxonomy":"product_tag","embeddable":true,"href":"https:\/\/nordicmart.andreevmaster.com\/da\/wp-json\/wp\/v2\/product_tag?post=29273"}],"curies":[{"name":"wp","href":"https:\/\/api.w.org\/{rel}","templated":true}]}}