{"id":29265,"date":"2026-02-27T00:46:19","date_gmt":"2026-02-27T00:46:19","guid":{"rendered":"https:\/\/nordicmart.andreevmaster.com\/product\/tekstiler-til-moses-kurv-candy\/"},"modified":"2026-02-27T09:22:30","modified_gmt":"2026-02-27T09:22:30","slug":"tekstiler-til-moses-kurv-candy","status":"publish","type":"product","link":"https:\/\/nordicmart.andreevmaster.com\/da\/vare\/tekstiler-til-moses-kurv-candy\/","title":{"rendered":"Tekstiler til Moses kurv Candy"},"content":{"rendered":"<p>S\u00e6ttet indeholder: senget\u00f8j, lagen, dyne og pude med en hovedfordybning <\/p>\n<p>Detaljer:<br \/>\n &#8211; senget\u00f8j med fyld lavet af bomuldsmuslin med Oeko-TEX Standard 100 certifikat, <\/p>\n<p>&#8211; fyldt med certificeret hypoallergen silicon fiber <\/p>\n<p>&#8211; luftig og bl\u00f8d at r\u00f8re ved, vil muslin senget\u00f8j med fyld perfekt sv\u00f8be din baby og minimere risikoen for overophedning, <\/p>\n<p>&#8211; puden har en fordybning til hovedet \u2013 takket v\u00e6re denne l\u00f8sning vil babyens hoved ikke v\u00e6re udsat for fladning, <\/p>\n<p>&#8211; sikrer tilstr\u00e6kkelig luftcirkulation,<br \/>\n &#8211; tekstilerne er delikate og bl\u00f8de at r\u00f8re ved,<br \/>\n &#8211; farven falmer ikke, selv efter gentagen vask, <\/p>\n<p>&#8211; ideelt egnet til en kurv s\u00e5 stor som 86x43x26 og 83x47x26. <\/p>\n<p> Stof:<br \/>\n &#8211; bomuldsmuslin med Oeko-TEX Standard 100 certifikat <\/p>\n<p>&#8211; hypoallergen silicon fiber.<\/p>\n<p>Tekstiler (cm):<br \/>\n -lagen: passer til 72&#215;25 og 65&#215;31 madras<br \/>\n -dyne: 77&#215;63 (+\/- 2cm)<br \/>\n -pude : 24&#215;18 (+\/- 2cm) <\/p>\n<p> Vask:<br \/>\n &#8211; maskinvaskbar ( ved 30 grader),<br \/>\n &#8211; m\u00e5 ikke tumble t\u00f8rres,<br \/>\n &#8211; kan dampes stryges ved h\u00f8j temperatur,<br \/>\n &#8211; m\u00e5 ikke bleges. <\/p>\n<p>Farver: <\/p>\n<p>&#8211; Sne, <\/p>\n<p>&#8211; Honning, <\/p>\n<p>&#8211; M\u00e6lk, <\/p>\n<p>&#8211; Valmue, <\/p>\n<p>&#8211; Mynte, <\/p>\n<p>&#8211; Fin Bl\u00e5 <\/p>\n<p>&#8211; Candy<\/p>\n","protected":false},"excerpt":{"rendered":"<p>S\u00e6ttet indeholder: senget\u00f8j, lagen, dyne og pude med en hovedfordybning Detaljer: &#8211; senget\u00f8j med fyld lavet af bomuldsmuslin med Oeko-TEX Standard 100 certifikat, &#8211; fyldt med certificeret hypoallergen silicon fiber &#8211; luftig og bl\u00f8d at r\u00f8re ved, vil muslin senget\u00f8j med fyld perfekt sv\u00f8be din baby og minimere risikoen for overophedning, &#8211; puden har en [&hellip;]<\/p>\n","protected":false},"featured_media":0,"comment_status":"open","ping_status":"closed","template":"","meta":[],"product_brand":[],"product_cat":[31],"product_tag":[],"class_list":{"0":"post-29265","1":"product","2":"type-product","3":"status-publish","5":"product_cat-uncategorized-da","7":"first","8":"instock","9":"shipping-taxable","10":"purchasable","11":"product-type-simple"},"_links":{"self":[{"href":"https:\/\/nordicmart.andreevmaster.com\/da\/wp-json\/wp\/v2\/product\/29265","targetHints":{"allow":["GET"]}}],"collection":[{"href":"https:\/\/nordicmart.andreevmaster.com\/da\/wp-json\/wp\/v2\/product"}],"about":[{"href":"https:\/\/nordicmart.andreevmaster.com\/da\/wp-json\/wp\/v2\/types\/product"}],"replies":[{"embeddable":true,"href":"https:\/\/nordicmart.andreevmaster.com\/da\/wp-json\/wp\/v2\/comments?post=29265"}],"wp:attachment":[{"href":"https:\/\/nordicmart.andreevmaster.com\/da\/wp-json\/wp\/v2\/media?parent=29265"}],"wp:term":[{"taxonomy":"product_brand","embeddable":true,"href":"https:\/\/nordicmart.andreevmaster.com\/da\/wp-json\/wp\/v2\/product_brand?post=29265"},{"taxonomy":"product_cat","embeddable":true,"href":"https:\/\/nordicmart.andreevmaster.com\/da\/wp-json\/wp\/v2\/product_cat?post=29265"},{"taxonomy":"product_tag","embeddable":true,"href":"https:\/\/nordicmart.andreevmaster.com\/da\/wp-json\/wp\/v2\/product_tag?post=29265"}],"curies":[{"name":"wp","href":"https:\/\/api.w.org\/{rel}","templated":true}]}}