{"id":29264,"date":"2026-02-27T00:46:19","date_gmt":"2026-02-27T00:46:19","guid":{"rendered":"https:\/\/nordicmart.andreevmaster.com\/product\/teepee-seng-90x200-med-skuffe\/"},"modified":"2026-02-27T09:22:29","modified_gmt":"2026-02-27T09:22:29","slug":"teepee-seng-90x200-med-skuffe","status":"publish","type":"product","link":"https:\/\/nordicmart.andreevmaster.com\/da\/vare\/teepee-seng-90x200-med-skuffe\/","title":{"rendered":"TeePee seng 90&#215;200 med skuffe"},"content":{"rendered":"<p>En ideal seng til \u00e6ldre b\u00f8rn. Takket v\u00e6re dens form, inspireret af den indiske telt, teepee, vil hver ung mand f\u00f8le sig som en opdagelsesrejsende, modig kriger eller vil simpelthen skjule sig fra hele verden. Formen er universal og tidl\u00f8s nok til perfekt at matche m\u00f8bler fra andre kollektioner. Sengen med et tr\u00e6 tag kan arrangeres p\u00e5 forskellige m\u00e5der. Den kan blive et telt, skib eller en usikker hule, hvis n\u00f8dvendigt. Materialerne, der bruges, er fremkaldende af naturen, hendes sk\u00f8nhed og frihed nydt af oprindelige folk, der lever i vildeste omr\u00e5der af Jorden, takket v\u00e6re hvilket dit barn kan f\u00f8le sig fri og uh\u00e6mmet. Sengen, s\u00e5 stor som 90 x 200 cm, kommer udstyret med en beskyttelsesr\u00e6ling, der beskytter dit barn mod at falde ud af sengen, som du vil kunne nemt fjerne til bagsiden af sengen, n\u00e5r de vokser op. Den udvidelige skuffe kan huse mange skatte af dit barn eller, efter at have placeret en madras i den, blive et ekstra soverum til en uforglemmelig pyjamas fest.   **N\u00f8glefordele:<br \/>\n **- fremstillet i overensstemmelse med europ\u00e6iske sikkerhedsstandarder<br \/>\n &#8211; trendy hus-formet ramme med rygl\u00e6n p\u00e5 to sider<br \/>\n &#8211; skuffe med en forst\u00e6rket bund, som kan bruges til opbevaring eller som en ekstra seng<br \/>\n &#8211; skuffe udstyret med hjul afsluttet med en gummistripe, sikker for dit gulv<br \/>\n &#8211; udstyret med beskyttelses barrierer som kan nemt fjernes til bagsiden af sengen<br \/>\n &#8211; den kan dekoreres med indskriften eller med barnets navn<\/p>\n<p> **Yderligere oplysninger:<br \/>\n **- den \u00f8verste seng er egnet til en madras: 90cm x 200 cm<br \/>\n &#8211;  Med en 8cm-h\u00f8j madras, kan skuffen med madrassen og senget\u00f8jet nemt glides under sengen<br \/>\n &#8211; maksimal belastning af sengen 120 kg<br \/>\n &#8211; maksimal belastning af skuffen 100 kg<br \/>\n &#8211; beregnet til b\u00f8rn fra omkring 5\/6 \u00e5rs alder **M\u00e5l (cm):<br \/>\n **l\u00e6ngde: 206<br \/>\n bredde: 96<br \/>\n seng h\u00f8jde: 156<br \/>\n ramme h\u00f8jde: 156 cm<\/p>\n<p> **Finish og fremstillingsdetaljer:**<br \/>\n &#8211; krop af sengen og skuffe er lavet af h\u00f8j-kvalitets laminatplade<br \/>\n &#8211; front af skuffen lavet af MDF lakeret med hvid maling som er sikker for b\u00f8rn, certificeret i henhold til normen EN71\/3<br \/>\n &#8211; teepee -formet ramme og styreskinner lavet af fyrretr\u00e6 lakeret med klar maling som er sikker for b\u00f8rn, certificeret i henhold til normen EN71\/3<br \/>\n &#8211; madras st\u00f8tte platform lavet af b\u00f8ge krydsfiner<br \/>\n &#8211; skuffe udstyret med hjul med en gummib\u00e5nd finish<\/p>\n<p> **Farver:<br \/>\n **- snehvidhed, neutral gr\u00e5hed, lyst fyrretr\u00e6, alt mat finish **Brugsanvisning:<br \/>\n **M\u00f8bler skal t\u00f8rres af med en bl\u00f8d bomuldsklud fugtet med vand eller m\u00f8belpolish. **Yderligere oplysninger:<br \/>\n **M\u00f8bler leveres i kasser til selvmontering. Kasser indeholder en detaljeret samlemanual sammen med udstyr (skruer osv.)<\/p>\n","protected":false},"excerpt":{"rendered":"<p>En ideal seng til \u00e6ldre b\u00f8rn. Takket v\u00e6re dens form, inspireret af den indiske telt, teepee, vil hver ung mand f\u00f8le sig som en opdagelsesrejsende, modig kriger eller vil simpelthen skjule sig fra hele verden. Formen er universal og tidl\u00f8s nok til perfekt at matche m\u00f8bler fra andre kollektioner. Sengen med et tr\u00e6 tag kan [&hellip;]<\/p>\n","protected":false},"featured_media":0,"comment_status":"open","ping_status":"closed","template":"","meta":[],"product_brand":[],"product_cat":[31],"product_tag":[],"class_list":{"0":"post-29264","1":"product","2":"type-product","3":"status-publish","5":"product_cat-uncategorized-da","7":"first","8":"instock","9":"shipping-taxable","10":"purchasable","11":"product-type-simple"},"_links":{"self":[{"href":"https:\/\/nordicmart.andreevmaster.com\/da\/wp-json\/wp\/v2\/product\/29264","targetHints":{"allow":["GET"]}}],"collection":[{"href":"https:\/\/nordicmart.andreevmaster.com\/da\/wp-json\/wp\/v2\/product"}],"about":[{"href":"https:\/\/nordicmart.andreevmaster.com\/da\/wp-json\/wp\/v2\/types\/product"}],"replies":[{"embeddable":true,"href":"https:\/\/nordicmart.andreevmaster.com\/da\/wp-json\/wp\/v2\/comments?post=29264"}],"wp:attachment":[{"href":"https:\/\/nordicmart.andreevmaster.com\/da\/wp-json\/wp\/v2\/media?parent=29264"}],"wp:term":[{"taxonomy":"product_brand","embeddable":true,"href":"https:\/\/nordicmart.andreevmaster.com\/da\/wp-json\/wp\/v2\/product_brand?post=29264"},{"taxonomy":"product_cat","embeddable":true,"href":"https:\/\/nordicmart.andreevmaster.com\/da\/wp-json\/wp\/v2\/product_cat?post=29264"},{"taxonomy":"product_tag","embeddable":true,"href":"https:\/\/nordicmart.andreevmaster.com\/da\/wp-json\/wp\/v2\/product_tag?post=29264"}],"curies":[{"name":"wp","href":"https:\/\/api.w.org\/{rel}","templated":true}]}}