{"id":29257,"date":"2026-02-27T00:46:17","date_gmt":"2026-02-27T00:46:17","guid":{"rendered":"https:\/\/nordicmart.andreevmaster.com\/product\/2-i-1-dynebetraek-saet-135-x-200-cm-dynebetraek-med-150-gsm-sommer-dynebetraek-og-350-gsm-vinter-dynebetraek-500-gsm-all-season-dynebetraek-4-arstider-skyhvid\/"},"modified":"2026-02-27T09:22:28","modified_gmt":"2026-02-27T09:22:28","slug":"2-i-1-dynebetraek-saet-135-x-200-cm-dynebetraek-med-150-gsm-sommer-dynebetraek-og-350-gsm-vinter-dynebetraek-500-gsm-all-season-dynebetraek-4-arstider-skyhvid","status":"publish","type":"product","link":"https:\/\/nordicmart.andreevmaster.com\/da\/vare\/2-i-1-dynebetraek-saet-135-x-200-cm-dynebetraek-med-150-gsm-sommer-dynebetraek-og-350-gsm-vinter-dynebetraek-500-gsm-all-season-dynebetraek-4-arstider-skyhvid\/","title":{"rendered":"2 i 1 dynebetr\u00e6k s\u00e6t, 135 x 200 cm dynebetr\u00e6k, med 150 GSM sommer dynebetr\u00e6k og 350 GSM vinter dynebetr\u00e6k, 500 GSM All Season dynebetr\u00e6k, 4 \u00e5rstider, skyhvid"},"content":{"rendered":"<p>\u3010\u00c5RET RUNDT KOMFORT\u3011Dette s\u00e6t indeholder 2 dynebetr\u00e6k. Brug 150 GSM let dynebetr\u00e6k til afk\u00f8ling om sommeren, 350 GSM tungt dynebetr\u00e6k til komfort om for\u00e5ret og efter\u00e5ret eller kombiner disse to til optimal varme om vinteren.<\/p>\n<p>\u3010BL\u00d8D OG \u00c5NDBAR\u3011Dynebetr\u00e6k er lavet af 110 g\/m2 mikrofiber og fyldt med 7D-polyfiber, s\u00e5 de er hudvenlige og \u00e5ndbare, hvilket sikrer komfortable n\u00e6tter.<\/p>\n<p>\u3010DYNEBETR\u00c6K IDENTIFIKATION\u3011Dynebetr\u00e6k er nemme at skelne fra hinanden ved hj\u00e6lp af farvede kanter. Hvide kanter svarer til let dynebetr\u00e6k og gr\u00e5 kanter til tungt dynebetr\u00e6k, nemt at v\u00e6lge det rigtige dynebetr\u00e6k til \u00e5rstiden!<\/p>\n<p>\u3010ST\u00c6RKT BUNDET SAMMEN\u3011Ved at fastg\u00f8re det tynde dynebetr\u00e6ks st\u00e6rke b\u00e5nd til det tykke dynebetr\u00e6ks robuste l\u00f8kker, f\u00e5r du et varmere dynebetr\u00e6k. B\u00e5nd og l\u00f8kker er st\u00e6rke, s\u00e5 dette 2 i 1 dynebetr\u00e6k forbliver p\u00e5 plads.<\/p>\n<p>\u3010NEM VEDLIGEHOLDELSE\u3011Disse dynebetr\u00e6k kan vaskes i maskine ved 60\u00b0C og de kan t\u00f8rretumbles ved lav varme. De forbliver rene og friske uden at miste kvalitet<\/p>\n<p>Egenskaber :<\/p>\n<p>Farve: Farver: 1: Farve: Skyhvid<br \/>\nMaterialer: 7D polyfiber.<br \/>\nM\u00e5l: 135 x 200 cm (L x B)<br \/>\nV\u00e6gt: 2,8 kg<\/p>\n<p>Levering :<\/p>\n<p>1 x Let dynebetr\u00e6k 150 GSM<br \/>\n1 x Tungt dynebetr\u00e6k 350 GSM<\/p>\n","protected":false},"excerpt":{"rendered":"<p>\u3010\u00c5RET RUNDT KOMFORT\u3011Dette s\u00e6t indeholder 2 dynebetr\u00e6k. Brug 150 GSM let dynebetr\u00e6k til afk\u00f8ling om sommeren, 350 GSM tungt dynebetr\u00e6k til komfort om for\u00e5ret og efter\u00e5ret eller kombiner disse to til optimal varme om vinteren. \u3010BL\u00d8D OG \u00c5NDBAR\u3011Dynebetr\u00e6k er lavet af 110 g\/m2 mikrofiber og fyldt med 7D-polyfiber, s\u00e5 de er hudvenlige og \u00e5ndbare, hvilket [&hellip;]<\/p>\n","protected":false},"featured_media":0,"comment_status":"open","ping_status":"closed","template":"","meta":[],"product_brand":[],"product_cat":[31],"product_tag":[],"class_list":{"0":"post-29257","1":"product","2":"type-product","3":"status-publish","5":"product_cat-uncategorized-da","7":"first","8":"instock","9":"shipping-taxable","10":"product-type-simple"},"_links":{"self":[{"href":"https:\/\/nordicmart.andreevmaster.com\/da\/wp-json\/wp\/v2\/product\/29257","targetHints":{"allow":["GET"]}}],"collection":[{"href":"https:\/\/nordicmart.andreevmaster.com\/da\/wp-json\/wp\/v2\/product"}],"about":[{"href":"https:\/\/nordicmart.andreevmaster.com\/da\/wp-json\/wp\/v2\/types\/product"}],"replies":[{"embeddable":true,"href":"https:\/\/nordicmart.andreevmaster.com\/da\/wp-json\/wp\/v2\/comments?post=29257"}],"wp:attachment":[{"href":"https:\/\/nordicmart.andreevmaster.com\/da\/wp-json\/wp\/v2\/media?parent=29257"}],"wp:term":[{"taxonomy":"product_brand","embeddable":true,"href":"https:\/\/nordicmart.andreevmaster.com\/da\/wp-json\/wp\/v2\/product_brand?post=29257"},{"taxonomy":"product_cat","embeddable":true,"href":"https:\/\/nordicmart.andreevmaster.com\/da\/wp-json\/wp\/v2\/product_cat?post=29257"},{"taxonomy":"product_tag","embeddable":true,"href":"https:\/\/nordicmart.andreevmaster.com\/da\/wp-json\/wp\/v2\/product_tag?post=29257"}],"curies":[{"name":"wp","href":"https:\/\/api.w.org\/{rel}","templated":true}]}}