{"id":29251,"date":"2026-02-27T00:46:14","date_gmt":"2026-02-27T00:46:14","guid":{"rendered":"https:\/\/nordicmart.andreevmaster.com\/product\/pudesaet-2-vendbar-80-x-40-cm-kolende-blod-betraek-650-g-fyld-vinter-sommer-maskinvaskbar-torretumbler-torring-op-til-60c-skyhvid\/"},"modified":"2026-02-27T09:22:26","modified_gmt":"2026-02-27T09:22:26","slug":"pudesaet-2-vendbar-80-x-40-cm-kolende-blod-betraek-650-g-fyld-vinter-sommer-maskinvaskbar-torretumbler-torring-op-til-60c-skyhvid","status":"publish","type":"product","link":"https:\/\/nordicmart.andreevmaster.com\/da\/vare\/pudesaet-2-vendbar-80-x-40-cm-kolende-blod-betraek-650-g-fyld-vinter-sommer-maskinvaskbar-torretumbler-torring-op-til-60c-skyhvid\/","title":{"rendered":"Pudes\u00e6t 2, vendbar 80 x 40 cm, k\u00f8lende bl\u00f8d betr\u00e6k, 650 g fyld, vinter, sommer, maskinvaskbar, t\u00f8rretumbler t\u00f8rring op til 60\u00b0C, skyhvid"},"content":{"rendered":"<p>To sider til \u00e5ret rundt komfort: K\u00f8ligt stof mod sommerens varme og bl\u00f8d polyester mod vinterens kulde. Det tilbyder \u00e5ret rundt komfort n\u00e5r \u00e5rstiderne skifter<\/p>\n<p>Fordyb dig i bl\u00f8dhed: Pude fyldt med kvalitets 650 g polyesterfiber sv\u00f8ber dig i h\u00f8jeste bl\u00f8dhed. Den er lugtfri og elastisk og lader dig glide bl\u00f8dt ind i dr\u00f8mmeverdenen hver nat.<\/p>\n<p>Mindre sved, bedre s\u00f8vn: Denne pudes betr\u00e6k har et innovativt, svedafvisende lag. Dette snedige design forhindrer klumpning, forl\u00e6nger levetiden og sikrer, at du kan sove i fred.<\/p>\n<p>Langvarig elegance: Vores pude, med diamantquiltning og kontrasterende, forst\u00e6rket kant, kombinerer elegance og holdbarhed. Omhu og h\u00e5ndv\u00e6rk sikrer, at puden ikke tr\u00e6kker sine tr\u00e5de<\/p>\n<p>Nem pleje: Denne sengepude er maskinvaskbar og kan t\u00f8rres ved 60 \u00b0C. Dermed forbliver den frisk og ren, bevarer sin bl\u00f8dhed og tilbyder nem pleje, hvilket reducerer stress i hverdagen!<\/p>\n<p>Produktinformation: Polstret pude er udstyret med bl\u00f8dt og bl\u00f8dt materiale:<\/p>\n<p>Farve: skyhvid<br \/>\nMateriale: Hvid, hvid, hvid, hvid, hvid, hvid, hvid, hvid, hvid, hvid, hvid: Polyamidblanding, 110 g\/m2 b\u00f8rstet polyester stof, 3D polyesterfiber, 7D polyesterfiber.<br \/>\nSt\u00f8rrelse: 80 x 40 cm (l\u00e6ngde x bredde).<br \/>\nV\u00e6gt: 1,8 kg<br \/>\nLeveringsomfang:<\/p>\n<p>2 x pude<\/p>\n","protected":false},"excerpt":{"rendered":"<p>To sider til \u00e5ret rundt komfort: K\u00f8ligt stof mod sommerens varme og bl\u00f8d polyester mod vinterens kulde. Det tilbyder \u00e5ret rundt komfort n\u00e5r \u00e5rstiderne skifter Fordyb dig i bl\u00f8dhed: Pude fyldt med kvalitets 650 g polyesterfiber sv\u00f8ber dig i h\u00f8jeste bl\u00f8dhed. Den er lugtfri og elastisk og lader dig glide bl\u00f8dt ind i dr\u00f8mmeverdenen hver [&hellip;]<\/p>\n","protected":false},"featured_media":0,"comment_status":"open","ping_status":"closed","template":"","meta":[],"product_brand":[],"product_cat":[31],"product_tag":[],"class_list":{"0":"post-29251","1":"product","2":"type-product","3":"status-publish","5":"product_cat-uncategorized-da","7":"first","8":"instock","9":"shipping-taxable","10":"product-type-simple"},"_links":{"self":[{"href":"https:\/\/nordicmart.andreevmaster.com\/da\/wp-json\/wp\/v2\/product\/29251","targetHints":{"allow":["GET"]}}],"collection":[{"href":"https:\/\/nordicmart.andreevmaster.com\/da\/wp-json\/wp\/v2\/product"}],"about":[{"href":"https:\/\/nordicmart.andreevmaster.com\/da\/wp-json\/wp\/v2\/types\/product"}],"replies":[{"embeddable":true,"href":"https:\/\/nordicmart.andreevmaster.com\/da\/wp-json\/wp\/v2\/comments?post=29251"}],"wp:attachment":[{"href":"https:\/\/nordicmart.andreevmaster.com\/da\/wp-json\/wp\/v2\/media?parent=29251"}],"wp:term":[{"taxonomy":"product_brand","embeddable":true,"href":"https:\/\/nordicmart.andreevmaster.com\/da\/wp-json\/wp\/v2\/product_brand?post=29251"},{"taxonomy":"product_cat","embeddable":true,"href":"https:\/\/nordicmart.andreevmaster.com\/da\/wp-json\/wp\/v2\/product_cat?post=29251"},{"taxonomy":"product_tag","embeddable":true,"href":"https:\/\/nordicmart.andreevmaster.com\/da\/wp-json\/wp\/v2\/product_tag?post=29251"}],"curies":[{"name":"wp","href":"https:\/\/api.w.org\/{rel}","templated":true}]}}