{"id":29249,"date":"2026-02-27T00:46:14","date_gmt":"2026-02-27T00:46:14","guid":{"rendered":"https:\/\/nordicmart.andreevmaster.com\/product\/skyhvid-tbp002w02-pude-2-stk-80-x-80-cm-fyld-1500-g-blod-borstet-polyester-stof-pude-maskinvaskbar-ved-60-med-opbevaringspose\/"},"modified":"2026-02-27T09:22:26","modified_gmt":"2026-02-27T09:22:26","slug":"skyhvid-tbp002w02-pude-2-stk-80-x-80-cm-fyld-1500-g-blod-borstet-polyester-stof-pude-maskinvaskbar-ved-60-med-opbevaringspose","status":"publish","type":"product","link":"https:\/\/nordicmart.andreevmaster.com\/da\/vare\/skyhvid-tbp002w02-pude-2-stk-80-x-80-cm-fyld-1500-g-blod-borstet-polyester-stof-pude-maskinvaskbar-ved-60-med-opbevaringspose\/","title":{"rendered":"Skyhvid TBP002W02 Pude, 2 stk, 80 x 80 cm, fyld 1500 g, bl\u00f8d b\u00f8rstet polyester stof, pude, maskinvaskbar ved 60\u00b0, med opbevaringspose"},"content":{"rendered":"<p>[Rigeligt fyld] 65 % fluffy 3D-polyesterfiber og 35 % fast 7D-polyesterfiber, forholdet er valgt efter flere tests. Hver pudes fyld: Hver morgen v\u00e5gner du fuld af energi.<\/p>\n<p>[Bl\u00f8d og behagelig betr\u00e6k] Puderne er betr\u00e6kket med 110 GSM b\u00f8rstet polyester stof betr\u00e6k, som er behageligt at r\u00f8re ved, komfortabelt og fremmer bedre s\u00f8vnkvalitet. Lidt irriterende lyd fra stof gnidning n\u00e5r du vender dig<\/p>\n<p>[Med opbevaringsposer] Disse 80 x 80 cm puder leveres med poser, bekvem til hjemmeopbevaring og nem at transportere p\u00e5 rejser eller camping.<\/p>\n<p>[H\u00f8j kvalitet finish] Pudens konturer er lavet med en fin \u00e6stetisk dobbelt s\u00f8m. S\u00f8mmene er t\u00e6tte og holder til tidens tand<\/p>\n<p>[MASKINEVASKELIG] Puderne kan vaskes og t\u00f8rres i maskine ved moderat 60 \u00b0C temperatur, hvilket sikrer renhed uden at g\u00e5 p\u00e5 kompromis med komfort.<\/p>\n<p>Egenskaber:<\/p>\n<p>Farve : Skyhvid<br \/>\nMateriale: 3D-polyesterfiber, 7D-polyesterfiber.<br \/>\nHver pudes st\u00f8rrelse 70 x 50 cm (L x B).<br \/>\nHver pudes v\u00e6gt: 1,5 kg: 0,85 kg<br \/>\nBoks indhold:<\/p>\n<p>2 x pude.<br \/>\n1 x opbevaringspose.<\/p>\n","protected":false},"excerpt":{"rendered":"<p>[Rigeligt fyld] 65 % fluffy 3D-polyesterfiber og 35 % fast 7D-polyesterfiber, forholdet er valgt efter flere tests. Hver pudes fyld: Hver morgen v\u00e5gner du fuld af energi. [Bl\u00f8d og behagelig betr\u00e6k] Puderne er betr\u00e6kket med 110 GSM b\u00f8rstet polyester stof betr\u00e6k, som er behageligt at r\u00f8re ved, komfortabelt og fremmer bedre s\u00f8vnkvalitet. Lidt irriterende lyd [&hellip;]<\/p>\n","protected":false},"featured_media":0,"comment_status":"open","ping_status":"closed","template":"","meta":[],"product_brand":[],"product_cat":[31],"product_tag":[],"class_list":{"0":"post-29249","1":"product","2":"type-product","3":"status-publish","5":"product_cat-uncategorized-da","7":"first","8":"instock","9":"shipping-taxable","10":"product-type-simple"},"_links":{"self":[{"href":"https:\/\/nordicmart.andreevmaster.com\/da\/wp-json\/wp\/v2\/product\/29249","targetHints":{"allow":["GET"]}}],"collection":[{"href":"https:\/\/nordicmart.andreevmaster.com\/da\/wp-json\/wp\/v2\/product"}],"about":[{"href":"https:\/\/nordicmart.andreevmaster.com\/da\/wp-json\/wp\/v2\/types\/product"}],"replies":[{"embeddable":true,"href":"https:\/\/nordicmart.andreevmaster.com\/da\/wp-json\/wp\/v2\/comments?post=29249"}],"wp:attachment":[{"href":"https:\/\/nordicmart.andreevmaster.com\/da\/wp-json\/wp\/v2\/media?parent=29249"}],"wp:term":[{"taxonomy":"product_brand","embeddable":true,"href":"https:\/\/nordicmart.andreevmaster.com\/da\/wp-json\/wp\/v2\/product_brand?post=29249"},{"taxonomy":"product_cat","embeddable":true,"href":"https:\/\/nordicmart.andreevmaster.com\/da\/wp-json\/wp\/v2\/product_cat?post=29249"},{"taxonomy":"product_tag","embeddable":true,"href":"https:\/\/nordicmart.andreevmaster.com\/da\/wp-json\/wp\/v2\/product_tag?post=29249"}],"curies":[{"name":"wp","href":"https:\/\/api.w.org\/{rel}","templated":true}]}}