{"id":29248,"date":"2026-02-27T00:46:14","date_gmt":"2026-02-27T00:46:14","guid":{"rendered":"https:\/\/nordicmart.andreevmaster.com\/product\/pude-80-x-80-cm-fyld-1500-g-blod-betraek-borstet-polyester-stof-pude-maskinvaskbar-ved-60-med-opbevaringspose-skyhvid\/"},"modified":"2026-02-27T09:22:26","modified_gmt":"2026-02-27T09:22:26","slug":"pude-80-x-80-cm-fyld-1500-g-blod-betraek-borstet-polyester-stof-pude-maskinvaskbar-ved-60-med-opbevaringspose-skyhvid","status":"publish","type":"product","link":"https:\/\/nordicmart.andreevmaster.com\/da\/vare\/pude-80-x-80-cm-fyld-1500-g-blod-betraek-borstet-polyester-stof-pude-maskinvaskbar-ved-60-med-opbevaringspose-skyhvid\/","title":{"rendered":"Pude, 80 x 80 cm, fyld 1500 g, bl\u00f8d betr\u00e6k b\u00f8rstet polyester stof, pude, maskinvaskbar ved 60\u00b0, med opbevaringspose, skyhvid"},"content":{"rendered":"<p>[Rigeligt fyld] 65 % fluffy 3D-polyesterfiber og 35 % fast 7D-polyesterfiber, forholdet er valgt efter flere tests. \u00c9n pudes fyld: Hver morgen v\u00e5gner du fuld af energi.<\/p>\n<p>[Bl\u00f8d og behagelig betr\u00e6k] Puderne er betr\u00e6kket med 110 GSM b\u00f8rstet polyester stof betr\u00e6k, som er behageligt at r\u00f8re ved og tilbyder bedre s\u00f8vnkvalitet. Lidt irriterende lyd fra stof gnidning n\u00e5r du vender dig<\/p>\n<p>[Med opbevaringspose] Denne 80 x 80 cm pude leveres med en pose, som er bekvem til hjemmeopbevaring og nem at transportere p\u00e5 ture eller camping.<\/p>\n<p>[H\u00f8j kvalitet finish] Pudens konturer er lavet med en fin \u00e6stetisk dobbelt s\u00f8m. S\u00f8mmene er t\u00e6tte og holder til tidens tand<\/p>\n<p>[MASKINEVASK] Puden kan vaskes og t\u00f8rres i maskine ved moderat 60 \u00b0C temperatur, hvilket sikrer renhed uden at g\u00e5 p\u00e5 kompromis med komfort.<\/p>\n<p>Egenskaber:<\/p>\n<p>Farve : Skyhvid<br \/>\nMateriale: 3D-polyesterfiber, 7D-polyesterfiber.<br \/>\nPude st\u00f8rrelse: 74 x 48 cm (L x B)<br \/>\nPude v\u00e6gt: 0,85 kg<Boks indhold:\n\n1 x pude.\n1 x opbevaringspose.\n<\/p>\n","protected":false},"excerpt":{"rendered":"<p>[Rigeligt fyld] 65 % fluffy 3D-polyesterfiber og 35 % fast 7D-polyesterfiber, forholdet er valgt efter flere tests. \u00c9n pudes fyld: Hver morgen v\u00e5gner du fuld af energi. [Bl\u00f8d og behagelig betr\u00e6k] Puderne er betr\u00e6kket med 110 GSM b\u00f8rstet polyester stof betr\u00e6k, som er behageligt at r\u00f8re ved og tilbyder bedre s\u00f8vnkvalitet. Lidt irriterende lyd fra [&hellip;]<\/p>\n","protected":false},"featured_media":0,"comment_status":"open","ping_status":"closed","template":"","meta":[],"product_brand":[],"product_cat":[31],"product_tag":[],"class_list":{"0":"post-29248","1":"product","2":"type-product","3":"status-publish","5":"product_cat-uncategorized-da","7":"first","8":"instock","9":"shipping-taxable","10":"product-type-simple"},"_links":{"self":[{"href":"https:\/\/nordicmart.andreevmaster.com\/da\/wp-json\/wp\/v2\/product\/29248","targetHints":{"allow":["GET"]}}],"collection":[{"href":"https:\/\/nordicmart.andreevmaster.com\/da\/wp-json\/wp\/v2\/product"}],"about":[{"href":"https:\/\/nordicmart.andreevmaster.com\/da\/wp-json\/wp\/v2\/types\/product"}],"replies":[{"embeddable":true,"href":"https:\/\/nordicmart.andreevmaster.com\/da\/wp-json\/wp\/v2\/comments?post=29248"}],"wp:attachment":[{"href":"https:\/\/nordicmart.andreevmaster.com\/da\/wp-json\/wp\/v2\/media?parent=29248"}],"wp:term":[{"taxonomy":"product_brand","embeddable":true,"href":"https:\/\/nordicmart.andreevmaster.com\/da\/wp-json\/wp\/v2\/product_brand?post=29248"},{"taxonomy":"product_cat","embeddable":true,"href":"https:\/\/nordicmart.andreevmaster.com\/da\/wp-json\/wp\/v2\/product_cat?post=29248"},{"taxonomy":"product_tag","embeddable":true,"href":"https:\/\/nordicmart.andreevmaster.com\/da\/wp-json\/wp\/v2\/product_tag?post=29248"}],"curies":[{"name":"wp","href":"https:\/\/api.w.org\/{rel}","templated":true}]}}