{"id":29246,"date":"2026-02-27T00:46:13","date_gmt":"2026-02-27T00:46:13","guid":{"rendered":"https:\/\/nordicmart.andreevmaster.com\/product\/pude-40-x-80-cm-800-g-fyld-blod-borstet-polyester-stof-overflade-pude-maskinvaskbar-ved-60-opbevaringspose-skyhvid\/"},"modified":"2026-02-27T09:22:25","modified_gmt":"2026-02-27T09:22:25","slug":"pude-40-x-80-cm-800-g-fyld-blod-borstet-polyester-stof-overflade-pude-maskinvaskbar-ved-60-opbevaringspose-skyhvid","status":"publish","type":"product","link":"https:\/\/nordicmart.andreevmaster.com\/da\/vare\/pude-40-x-80-cm-800-g-fyld-blod-borstet-polyester-stof-overflade-pude-maskinvaskbar-ved-60-opbevaringspose-skyhvid\/","title":{"rendered":"Pude 40 x 80 cm, 800 g fyld, bl\u00f8d b\u00f8rstet polyester stof overflade, pude, maskinvaskbar ved 60\u00b0, opbevaringspose, skyhvid."},"content":{"rendered":"<p>[Godt fyldt] 65 % bl\u00f8d 3D-polyesterfiber, 35 % st\u00f8ttende 7D-polyesterfiber og 800 g fyldv\u00e6gt sikrer komfortabel st\u00f8tte og s\u00f8de dr\u00f8mme.<\/p>\n<p>[Bl\u00f8d og behagelig stof overflade] Lavet af 110 GSM b\u00f8rstet polyester, stoffets overflade er bl\u00f8d, hudvenlig og hj\u00e6lper med at forbedre s\u00f8vnkvaliteten. Stoffet laver ikke irriterende gnidningsst\u00f8j, n\u00e5r du vender dig om mens du sover.<\/p>\n<p>[Med opbevaringspose] N\u00e5r den ikke er i brug, kan du opbevare denne pude (40 x 80 cm) i denne pose. I denne pose kan du ogs\u00e5 nemt tage den med p\u00e5 lange ture eller camping.<\/p>\n<p>[H\u00f8j kvalitet arbejde] Pudens kant har en fin og \u00e6stetisk dobbelt s\u00f8m. S\u00f8mmene er st\u00e6rke og holder til tidens tand<\/p>\n<p>[Maskinvaskbar] Puden kan vaskes i maskine og t\u00f8rres ved passende 60 \u00b0C temperatur, hvilket sikrer nem pleje uden at g\u00e5 p\u00e5 kompromis med komfort.<\/p>\n<p>Produktinformation: Polstret pude er udstyret og er nem at installere:<br \/>\n&#8211; Farve: Polstret polstret pude, hvis farve er mm: Farve: Skyhvid.<br \/>\n&#8211; Materiale: 3D-polyesterfiber, 7D-polyesterfiber.<br \/>\n&#8211; St\u00f8rrelse: 80 x 40 cm (L x B).<\/p>\n<p>&#8211; V\u00e6gt: 0,85 kg<\/p>\n<p>Hvad du f\u00e5r:<br \/>\n&#8211; 1 x pude.<br \/>\n&#8211; 1 x opbevaringspose.<\/p>\n","protected":false},"excerpt":{"rendered":"<p>[Godt fyldt] 65 % bl\u00f8d 3D-polyesterfiber, 35 % st\u00f8ttende 7D-polyesterfiber og 800 g fyldv\u00e6gt sikrer komfortabel st\u00f8tte og s\u00f8de dr\u00f8mme. [Bl\u00f8d og behagelig stof overflade] Lavet af 110 GSM b\u00f8rstet polyester, stoffets overflade er bl\u00f8d, hudvenlig og hj\u00e6lper med at forbedre s\u00f8vnkvaliteten. Stoffet laver ikke irriterende gnidningsst\u00f8j, n\u00e5r du vender dig om mens du sover. [&hellip;]<\/p>\n","protected":false},"featured_media":0,"comment_status":"open","ping_status":"closed","template":"","meta":[],"product_brand":[],"product_cat":[31],"product_tag":[],"class_list":{"0":"post-29246","1":"product","2":"type-product","3":"status-publish","5":"product_cat-uncategorized-da","7":"first","8":"instock","9":"shipping-taxable","10":"product-type-simple"},"_links":{"self":[{"href":"https:\/\/nordicmart.andreevmaster.com\/da\/wp-json\/wp\/v2\/product\/29246","targetHints":{"allow":["GET"]}}],"collection":[{"href":"https:\/\/nordicmart.andreevmaster.com\/da\/wp-json\/wp\/v2\/product"}],"about":[{"href":"https:\/\/nordicmart.andreevmaster.com\/da\/wp-json\/wp\/v2\/types\/product"}],"replies":[{"embeddable":true,"href":"https:\/\/nordicmart.andreevmaster.com\/da\/wp-json\/wp\/v2\/comments?post=29246"}],"wp:attachment":[{"href":"https:\/\/nordicmart.andreevmaster.com\/da\/wp-json\/wp\/v2\/media?parent=29246"}],"wp:term":[{"taxonomy":"product_brand","embeddable":true,"href":"https:\/\/nordicmart.andreevmaster.com\/da\/wp-json\/wp\/v2\/product_brand?post=29246"},{"taxonomy":"product_cat","embeddable":true,"href":"https:\/\/nordicmart.andreevmaster.com\/da\/wp-json\/wp\/v2\/product_cat?post=29246"},{"taxonomy":"product_tag","embeddable":true,"href":"https:\/\/nordicmart.andreevmaster.com\/da\/wp-json\/wp\/v2\/product_tag?post=29246"}],"curies":[{"name":"wp","href":"https:\/\/api.w.org\/{rel}","templated":true}]}}