{"id":29245,"date":"2026-02-27T00:46:13","date_gmt":"2026-02-27T00:46:13","guid":{"rendered":"https:\/\/nordicmart.andreevmaster.com\/product\/toteme-botanic-garderobe\/"},"modified":"2026-02-27T09:22:25","modified_gmt":"2026-02-27T09:22:25","slug":"toteme-botanic-garderobe","status":"publish","type":"product","link":"https:\/\/nordicmart.andreevmaster.com\/da\/vare\/toteme-botanic-garderobe\/","title":{"rendered":"Toteme botanic garderobe"},"content":{"rendered":"<p>En h\u00f8j og rummelig dobbelt-d\u00f8rs garderobe med en bundskuffe gemt indeni er et must i ethvert b\u00f8rnev\u00e6relse. Den hj\u00e6lper dig med at holde rummet ryddeligt og opbevare alt fra senget\u00f8j og t\u00f8j til leget\u00f8j. Garderoben er opdelt i tre sektioner \u2013 til venstre side, er der en justerbar hylde og to b\u00f8jlest\u00e6nger og, til h\u00f8jre, er der justerbare hylder, mens sektionen best\u00e5r af en skuffe udstyret med &#8220;push to open&#8221; system. B\u00e5de omhyggeligt designet interi\u00f8r layout og justerbare hylder og st\u00e6nger g\u00f8r garderoben tilpasselig til individuelle brugerkrav. Derudover kan du v\u00e6lge fra en r\u00e6kke d\u00f8r finishes: dekoreret med et taktilt design: geometrisk eller botanisk.<\/p>\n<p> **Hovedfunktioner:**<br \/>\n &#8211; en rummelig indvendig skuffe<br \/>\n &#8211; sektion til h\u00f8jre udstyret med 5 hylder, inklusive 4 justerbare; sektion til venstre udstyret med 2 b\u00f8jlest\u00e6nger og en justerbar hylde<br \/>\n &#8211; kan fastg\u00f8res til v\u00e6g &#8211; anbefales<br \/>\n &#8211; opfylder europ\u00e6iske standarder og sikkerhedskrav<br \/>\n **M\u00e5l (cm):<br \/>\n **h\u00f8jde: 200<br \/>\n dybde: 50<br \/>\n bredde: 90 Farver:<br \/>\n &#8211; hvid, eg, alt i mat finish <\/p>\n<p> Materialer og finish:<br \/>\n &#8211; d\u00f8re er lavet af MDF plade i mat hvid folie med h\u00f8jere modstandsdygtighed over for ridser, skader og fingeraftryk &#8211; sider og indvendige komponenter er lavet af h\u00f8j kvalitet laminatplade modstandsdygtig over for slid og fugt, nem at reng\u00f8re og vedligeholde &#8211; ben er lavet af egetr\u00e6<br \/>\n &#8211; skuffer og d\u00f8re er udstyret med &#8220;push to open&#8221; system &#8211; h\u00f8j kvalitet Hafele udtr\u00e6ksskinner &#8211; m\u00f8bler kan fastg\u00f8res til v\u00e6g &#8211; anbefalet &#8211; folie brugt i fremstillingsprocessen overholder ISO PN-EN ISO 90001:2015 kvalitetsstandard samt ISO PN-EN ISO 14001:2015 milj\u00f8standard<br \/>\n **Vedligeholdelse:<br \/>\n **T\u00f8r af med bl\u00f8d bomuldsklud fugtet med vand eller et produkt til m\u00f8belpleje.<br \/>\n **<br \/>\n Yderligere oplysninger:<br \/>\n **M\u00f8bler leveres i fladpakke til selvmontering. Pakken indeholder en samlevejledning samt tilbeh\u00f8r (bolte osv.).<\/p>\n","protected":false},"excerpt":{"rendered":"<p>En h\u00f8j og rummelig dobbelt-d\u00f8rs garderobe med en bundskuffe gemt indeni er et must i ethvert b\u00f8rnev\u00e6relse. Den hj\u00e6lper dig med at holde rummet ryddeligt og opbevare alt fra senget\u00f8j og t\u00f8j til leget\u00f8j. Garderoben er opdelt i tre sektioner \u2013 til venstre side, er der en justerbar hylde og to b\u00f8jlest\u00e6nger og, til h\u00f8jre, [&hellip;]<\/p>\n","protected":false},"featured_media":0,"comment_status":"open","ping_status":"closed","template":"","meta":[],"product_brand":[],"product_cat":[31],"product_tag":[],"class_list":{"0":"post-29245","1":"product","2":"type-product","3":"status-publish","5":"product_cat-uncategorized-da","7":"first","8":"instock","9":"shipping-taxable","10":"purchasable","11":"product-type-simple"},"_links":{"self":[{"href":"https:\/\/nordicmart.andreevmaster.com\/da\/wp-json\/wp\/v2\/product\/29245","targetHints":{"allow":["GET"]}}],"collection":[{"href":"https:\/\/nordicmart.andreevmaster.com\/da\/wp-json\/wp\/v2\/product"}],"about":[{"href":"https:\/\/nordicmart.andreevmaster.com\/da\/wp-json\/wp\/v2\/types\/product"}],"replies":[{"embeddable":true,"href":"https:\/\/nordicmart.andreevmaster.com\/da\/wp-json\/wp\/v2\/comments?post=29245"}],"wp:attachment":[{"href":"https:\/\/nordicmart.andreevmaster.com\/da\/wp-json\/wp\/v2\/media?parent=29245"}],"wp:term":[{"taxonomy":"product_brand","embeddable":true,"href":"https:\/\/nordicmart.andreevmaster.com\/da\/wp-json\/wp\/v2\/product_brand?post=29245"},{"taxonomy":"product_cat","embeddable":true,"href":"https:\/\/nordicmart.andreevmaster.com\/da\/wp-json\/wp\/v2\/product_cat?post=29245"},{"taxonomy":"product_tag","embeddable":true,"href":"https:\/\/nordicmart.andreevmaster.com\/da\/wp-json\/wp\/v2\/product_tag?post=29245"}],"curies":[{"name":"wp","href":"https:\/\/api.w.org\/{rel}","templated":true}]}}