{"id":29244,"date":"2026-02-27T00:46:12","date_gmt":"2026-02-27T00:46:12","guid":{"rendered":"https:\/\/nordicmart.andreevmaster.com\/product\/toteme-botanic-reol\/"},"modified":"2026-02-27T09:22:25","modified_gmt":"2026-02-27T09:22:25","slug":"toteme-botanic-reol","status":"publish","type":"product","link":"https:\/\/nordicmart.andreevmaster.com\/da\/vare\/toteme-botanic-reol\/","title":{"rendered":"Toteme botanic reol"},"content":{"rendered":"<p>En simpel, geometrisk reol med en bundskuffe udstyret med &#8220;push to open&#8221; system g\u00f8r bekvem opbevaring og visning af b\u00f8ger, kasser, leget\u00f8j og andre skatte uundv\u00e6rlige i b\u00f8rnev\u00e6relset. Komplementerer andre stykker i Toteme linjen perfekt. Skuffefronten kan dekoreres med et taktilt geometrisk eller botanisk design.<br \/>\n **Hovedfunktioner:**<br \/>\n &#8211; en rummelig skuffe udstyret med &#8220;push to open&#8221; system<br \/>\n &#8211; kan fastg\u00f8res til v\u00e6g &#8211; anbefales<br \/>\n &#8211; opfylder europ\u00e6iske standarder og sikkerhedskrav **M\u00e5l (cm):<br \/>\n **h\u00f8jde: 183<br \/>\n dybde: 40<br \/>\n bredde: 90 Farver:<br \/>\n &#8211; hvid, eg, alt i mat finish<br \/>\n Materialer og finish:<br \/>\n &#8211; toppen, skuffefront og sider er lavet af MDF plade i mat hvid folie med h\u00f8jere modstandsdygtighed over for ridser, skader og fingeraftryk &#8211; hylder og bagsiden af skuffen er lavet af h\u00f8j kvalitet laminatplade modstandsdygtig over for slid og fugt, nem at reng\u00f8re og vedligeholde &#8211; ben er lavet af egetr\u00e6<br \/>\n &#8211; skuffen er udstyret med &#8220;push to open&#8221; system &#8211; h\u00f8j kvalitet Hafele udtr\u00e6ksskinner &#8211; m\u00f8bler kan fastg\u00f8res til v\u00e6g &#8211; anbefalet &#8211; folie brugt i fremstillingsprocessen overholder ISO PN-EN ISO 90001:2015 kvalitetsstandard samt ISO PN-EN ISO 14001:2015 milj\u00f8standard<br \/>\n **Vedligeholdelse:<br \/>\n **T\u00f8r af med bl\u00f8d bomuldsklud fugtet med vand eller et produkt til m\u00f8belpleje.<br \/>\n **<br \/>\n Yderligere oplysninger:<br \/>\n **M\u00f8bler leveres i fladpakke til selvmontering. Pakken indeholder en samlevejledning samt tilbeh\u00f8r (bolte osv.).<\/p>\n","protected":false},"excerpt":{"rendered":"<p>En simpel, geometrisk reol med en bundskuffe udstyret med &#8220;push to open&#8221; system g\u00f8r bekvem opbevaring og visning af b\u00f8ger, kasser, leget\u00f8j og andre skatte uundv\u00e6rlige i b\u00f8rnev\u00e6relset. Komplementerer andre stykker i Toteme linjen perfekt. Skuffefronten kan dekoreres med et taktilt geometrisk eller botanisk design. **Hovedfunktioner:** &#8211; en rummelig skuffe udstyret med &#8220;push to open&#8221; [&hellip;]<\/p>\n","protected":false},"featured_media":0,"comment_status":"open","ping_status":"closed","template":"","meta":[],"product_brand":[],"product_cat":[31],"product_tag":[],"class_list":{"0":"post-29244","1":"product","2":"type-product","3":"status-publish","5":"product_cat-uncategorized-da","7":"first","8":"instock","9":"shipping-taxable","10":"purchasable","11":"product-type-simple"},"_links":{"self":[{"href":"https:\/\/nordicmart.andreevmaster.com\/da\/wp-json\/wp\/v2\/product\/29244","targetHints":{"allow":["GET"]}}],"collection":[{"href":"https:\/\/nordicmart.andreevmaster.com\/da\/wp-json\/wp\/v2\/product"}],"about":[{"href":"https:\/\/nordicmart.andreevmaster.com\/da\/wp-json\/wp\/v2\/types\/product"}],"replies":[{"embeddable":true,"href":"https:\/\/nordicmart.andreevmaster.com\/da\/wp-json\/wp\/v2\/comments?post=29244"}],"wp:attachment":[{"href":"https:\/\/nordicmart.andreevmaster.com\/da\/wp-json\/wp\/v2\/media?parent=29244"}],"wp:term":[{"taxonomy":"product_brand","embeddable":true,"href":"https:\/\/nordicmart.andreevmaster.com\/da\/wp-json\/wp\/v2\/product_brand?post=29244"},{"taxonomy":"product_cat","embeddable":true,"href":"https:\/\/nordicmart.andreevmaster.com\/da\/wp-json\/wp\/v2\/product_cat?post=29244"},{"taxonomy":"product_tag","embeddable":true,"href":"https:\/\/nordicmart.andreevmaster.com\/da\/wp-json\/wp\/v2\/product_tag?post=29244"}],"curies":[{"name":"wp","href":"https:\/\/api.w.org\/{rel}","templated":true}]}}