{"id":29243,"date":"2026-02-27T00:46:12","date_gmt":"2026-02-27T00:46:12","guid":{"rendered":"https:\/\/nordicmart.andreevmaster.com\/product\/toteme-nomi-puslebord\/"},"modified":"2026-02-27T09:22:25","modified_gmt":"2026-02-27T09:22:25","slug":"toteme-nomi-puslebord","status":"publish","type":"product","link":"https:\/\/nordicmart.andreevmaster.com\/da\/vare\/toteme-nomi-puslebord\/","title":{"rendered":"Toteme\/ Nomi puslebord"},"content":{"rendered":"<p>Et puslebord er en n\u00f8dvendighed i ethvert sp\u00e6dbarns rum. Det skaber et sikkert og komfortabelt rum til daglig pleje og skifterutine. Toteme puslebordet er monteret ovenp\u00e5 en kommode, i central position, med nemt tilg\u00e6ngeligt plads tilbage p\u00e5 begge sider til alt det tilbeh\u00f8r, du f\u00e5r brug for. St\u00f8rrelsen af vores puslebord blev omhyggeligt valgt, s\u00e5 det sikrer maksimal sikkerhed for din lille. Ikke-invasivt monteringssystem efterlader kommoden intakt, n\u00e5r du beslutter at fjerne puslebordet og forts\u00e6tte med at bruge kommoden som opbevaring.<br \/>\n **Hovedfunktioner:<br \/>\n **- opfylder europ\u00e6iske standarder og sikkerhedskrav<br \/>\n &#8211; center-monteret ovenp\u00e5 kommoden   Materialer og finish:<br \/>\n &#8211; laminatplade i mat hvid <\/p>\n<p> M\u00e5l (cm):<br \/>\n l\u00e6ngde: 75,9<br \/>\n bredde: 60,2<br \/>\n h\u00f8jde: 9,6<br \/>\n **Yderligere oplysninger:<br \/>\n **- puslebord er kompatibelt med stofindsatse\/ puslem\u00e5tter op til dimensionerne p\u00e5 cm x 75cm<br \/>\n &#8211; maksimal belastning : baby op til 15 kg **<br \/>\n ****Farver:<br \/>\n **- hvid i mat finish<\/p>\n","protected":false},"excerpt":{"rendered":"<p>Et puslebord er en n\u00f8dvendighed i ethvert sp\u00e6dbarns rum. Det skaber et sikkert og komfortabelt rum til daglig pleje og skifterutine. Toteme puslebordet er monteret ovenp\u00e5 en kommode, i central position, med nemt tilg\u00e6ngeligt plads tilbage p\u00e5 begge sider til alt det tilbeh\u00f8r, du f\u00e5r brug for. St\u00f8rrelsen af vores puslebord blev omhyggeligt valgt, s\u00e5 [&hellip;]<\/p>\n","protected":false},"featured_media":0,"comment_status":"open","ping_status":"closed","template":"","meta":[],"product_brand":[],"product_cat":[31],"product_tag":[],"class_list":{"0":"post-29243","1":"product","2":"type-product","3":"status-publish","5":"product_cat-uncategorized-da","7":"first","8":"instock","9":"shipping-taxable","10":"purchasable","11":"product-type-simple"},"_links":{"self":[{"href":"https:\/\/nordicmart.andreevmaster.com\/da\/wp-json\/wp\/v2\/product\/29243","targetHints":{"allow":["GET"]}}],"collection":[{"href":"https:\/\/nordicmart.andreevmaster.com\/da\/wp-json\/wp\/v2\/product"}],"about":[{"href":"https:\/\/nordicmart.andreevmaster.com\/da\/wp-json\/wp\/v2\/types\/product"}],"replies":[{"embeddable":true,"href":"https:\/\/nordicmart.andreevmaster.com\/da\/wp-json\/wp\/v2\/comments?post=29243"}],"wp:attachment":[{"href":"https:\/\/nordicmart.andreevmaster.com\/da\/wp-json\/wp\/v2\/media?parent=29243"}],"wp:term":[{"taxonomy":"product_brand","embeddable":true,"href":"https:\/\/nordicmart.andreevmaster.com\/da\/wp-json\/wp\/v2\/product_brand?post=29243"},{"taxonomy":"product_cat","embeddable":true,"href":"https:\/\/nordicmart.andreevmaster.com\/da\/wp-json\/wp\/v2\/product_cat?post=29243"},{"taxonomy":"product_tag","embeddable":true,"href":"https:\/\/nordicmart.andreevmaster.com\/da\/wp-json\/wp\/v2\/product_tag?post=29243"}],"curies":[{"name":"wp","href":"https:\/\/api.w.org\/{rel}","templated":true}]}}