{"id":29242,"date":"2026-02-27T00:46:11","date_gmt":"2026-02-27T00:46:11","guid":{"rendered":"https:\/\/nordicmart.andreevmaster.com\/product\/toteme-botanic-seng-seng-70x140\/"},"modified":"2026-02-27T09:22:24","modified_gmt":"2026-02-27T09:22:24","slug":"toteme-botanic-seng-seng-70x140","status":"publish","type":"product","link":"https:\/\/nordicmart.andreevmaster.com\/da\/vare\/toteme-botanic-seng-seng-70x140\/","title":{"rendered":"Toteme botanic seng\/seng 70&#215;140"},"content":{"rendered":"<p>En komfortabel og sikker seng, hvor din lille hviler, leger og dr\u00f8mmer, er et fokuspunkt i ethvert b\u00f8rnev\u00e6relse. Toteme linjen seng opfylder strenge sikkerhedskrav, hvilket g\u00f8r det til et venligt rum for ethvert barn. Takket v\u00e6re justerbar sengbund med tre h\u00f8jdeniveauer og to aftagelige st\u00e6nger i den ene side, vokser sengen med dit barn og tilpasser sig dets udvikling, fra nyf\u00f8dt stadiet (den h\u00f8jeste madras position), n\u00e5r det l\u00e6rer at sidde (den mellemste position), indtil det g\u00e5r og begynder at udforske verden (den laveste madras position, fjernede st\u00e6nger). Sengen kan nemt omdannes til dagseng ved at fjerne en af st\u00e6ngerne.   **Hovedfunktioner:<br \/>\n **- opfylder europ\u00e6iske standarder og sikkerhedskrav**<br \/>\n **- **to aftagelige st\u00e6nger** p\u00e5 den ene side af sengen enabling dit barn at komme ind og ud af sengen frit &#8211; **sengbund justerbar p\u00e5 tre h\u00f8jdeniveauer** g\u00f8r sengen tilpasselig til barnets udvikling (27,1 cm\/ 44,7 cm\/ 57,5 cm fra gulvet)**<br \/>\n ****- kan omdannes til dagseng** ved at fjerne en af siderne<br \/>\n  Materialer og finish:<br \/>\n &#8211; hovedg\u00e6rder og paneler under rammen er lavet af MDF plade i mat hvid folie med h\u00f8jere modstandsdygtighed over for ridser, skader og fingeraftryk &#8211; ben er lavet af egetr\u00e6 &#8211; st\u00e6nger er lavet af b\u00f8getr\u00e6 lakeret plade i hvid, b\u00f8rne-sikker og certificeret i overensstemmelse med EN71\/3 standard<br \/>\n &#8211; maling brugt i dette m\u00f8bel er sikker for b\u00f8rn, certificeret i overensstemmelse med EN71\/3 standard, ikke-allergifremkaldende. &#8211; folie brugt i fremstillingsprocessen overholder ISO PN-EN ISO 90001:2015 kvalitetsstandard samt ISO PN-EN ISO 14001:2015 milj\u00f8standard   **M\u00e5l (cm):<br \/>\n **h\u00f8jde: 89,7<br \/>\n dybde: 143,7<br \/>\n bredde: 74,2 **Farver:<br \/>\n **- hvid, eg, alt i mat finish <\/p>\n<p> **Vedligeholdelse:<br \/>\n **T\u00f8r af med bl\u00f8d bomuldsklud fugtet med vand eller et produkt til m\u00f8belpleje.<br \/>\n **<br \/>\n Yderligere oplysninger:<br \/>\n **M\u00f8bler leveres i fladpakke til selvmontering. Pakken indeholder en samlevejledning samt tilbeh\u00f8r (bolte osv.).<\/p>\n","protected":false},"excerpt":{"rendered":"<p>En komfortabel og sikker seng, hvor din lille hviler, leger og dr\u00f8mmer, er et fokuspunkt i ethvert b\u00f8rnev\u00e6relse. Toteme linjen seng opfylder strenge sikkerhedskrav, hvilket g\u00f8r det til et venligt rum for ethvert barn. Takket v\u00e6re justerbar sengbund med tre h\u00f8jdeniveauer og to aftagelige st\u00e6nger i den ene side, vokser sengen med dit barn og [&hellip;]<\/p>\n","protected":false},"featured_media":0,"comment_status":"open","ping_status":"closed","template":"","meta":[],"product_brand":[],"product_cat":[31],"product_tag":[],"class_list":{"0":"post-29242","1":"product","2":"type-product","3":"status-publish","5":"product_cat-uncategorized-da","7":"first","8":"instock","9":"shipping-taxable","10":"purchasable","11":"product-type-simple"},"_links":{"self":[{"href":"https:\/\/nordicmart.andreevmaster.com\/da\/wp-json\/wp\/v2\/product\/29242","targetHints":{"allow":["GET"]}}],"collection":[{"href":"https:\/\/nordicmart.andreevmaster.com\/da\/wp-json\/wp\/v2\/product"}],"about":[{"href":"https:\/\/nordicmart.andreevmaster.com\/da\/wp-json\/wp\/v2\/types\/product"}],"replies":[{"embeddable":true,"href":"https:\/\/nordicmart.andreevmaster.com\/da\/wp-json\/wp\/v2\/comments?post=29242"}],"wp:attachment":[{"href":"https:\/\/nordicmart.andreevmaster.com\/da\/wp-json\/wp\/v2\/media?parent=29242"}],"wp:term":[{"taxonomy":"product_brand","embeddable":true,"href":"https:\/\/nordicmart.andreevmaster.com\/da\/wp-json\/wp\/v2\/product_brand?post=29242"},{"taxonomy":"product_cat","embeddable":true,"href":"https:\/\/nordicmart.andreevmaster.com\/da\/wp-json\/wp\/v2\/product_cat?post=29242"},{"taxonomy":"product_tag","embeddable":true,"href":"https:\/\/nordicmart.andreevmaster.com\/da\/wp-json\/wp\/v2\/product_tag?post=29242"}],"curies":[{"name":"wp","href":"https:\/\/api.w.org\/{rel}","templated":true}]}}