{"id":29241,"date":"2026-02-27T00:46:11","date_gmt":"2026-02-27T00:46:11","guid":{"rendered":"https:\/\/nordicmart.andreevmaster.com\/product\/toteme-botanic-3-skuffers-kommode\/"},"modified":"2026-02-27T09:22:24","modified_gmt":"2026-02-27T09:22:24","slug":"toteme-botanic-3-skuffers-kommode","status":"publish","type":"product","link":"https:\/\/nordicmart.andreevmaster.com\/da\/vare\/toteme-botanic-3-skuffers-kommode\/","title":{"rendered":"Toteme botanic 3-skuffers kommode"},"content":{"rendered":"<p>Uundv\u00e6rlig i et b\u00f8rnev\u00e6relse, denne kommode vil forvandle sig til en perfekt babyplejestation med et puslebord monteret ovenp\u00e5 (centreret). Rummelige skuffer vil opbevare alle n\u00f8dvendige tilbeh\u00f8r, t\u00f8j eller leget\u00f8j og andre b\u00f8rneskatte. Skuffer er tilg\u00e6ngelige i en r\u00e6kke finishes: dekoreret med et af to designs: geometrisk eller botanisk. **Hovedfunktioner:<br \/>\n **- tre rummelige skuffer<br \/>\n &#8211; kan kombineres med et puslebord<br \/>\n &#8211; kan fastg\u00f8res til v\u00e6g &#8211; anbefales<br \/>\n &#8211; opfylder europ\u00e6iske standarder og sikkerhedskrav<br \/>\n **<br \/>\n M\u00e5l (cm):<br \/>\n **h\u00f8jde: 91<br \/>\n dybde: 50<br \/>\n bredde: 90<br \/>\n  Farver:<br \/>\n &#8211; hvid, eg, alt i mat finish <\/p>\n<p> Materialer og finish:<br \/>\n &#8211; top, skuffefronter og sider er lavet af MDF plade i mat hvid folie med h\u00f8jere modstandsdygtighed over for ridser, skader og fingeraftryk &#8211; ramme er lavet af h\u00f8j kvalitet laminatplade modstandsdygtig over for slid og fugt, nem at reng\u00f8re og vedligeholde &#8211; ben er lavet af egetr\u00e6<br \/>\n &#8211; skuffer og d\u00f8re er udstyret med &#8220;push to open&#8221; system &#8211; h\u00f8j kvalitet Hafele udtr\u00e6ksskinner &#8211; m\u00f8bler kan fastg\u00f8res til v\u00e6g &#8211; anbefalet &#8211; folie brugt i fremstillingsprocessen overholder ISO PN-EN ISO 90001:2015 kvalitetsstandard samt ISO PN-EN ISO 14001:2015 milj\u00f8standard<br \/>\n **Vedligeholdelse:<br \/>\n **T\u00f8r af med bl\u00f8d bomuldsklud fugtet med vand eller et produkt til m\u00f8belpleje.<br \/>\n **<br \/>\n Yderligere oplysninger:<br \/>\n **M\u00f8bler leveres i fladpakke til selvmontering. Pakken indeholder en samlevejledning samt tilbeh\u00f8r (bolte osv.).<\/p>\n","protected":false},"excerpt":{"rendered":"<p>Uundv\u00e6rlig i et b\u00f8rnev\u00e6relse, denne kommode vil forvandle sig til en perfekt babyplejestation med et puslebord monteret ovenp\u00e5 (centreret). Rummelige skuffer vil opbevare alle n\u00f8dvendige tilbeh\u00f8r, t\u00f8j eller leget\u00f8j og andre b\u00f8rneskatte. Skuffer er tilg\u00e6ngelige i en r\u00e6kke finishes: dekoreret med et af to designs: geometrisk eller botanisk. **Hovedfunktioner: **- tre rummelige skuffer &#8211; kan [&hellip;]<\/p>\n","protected":false},"featured_media":0,"comment_status":"open","ping_status":"closed","template":"","meta":[],"product_brand":[],"product_cat":[31],"product_tag":[],"class_list":{"0":"post-29241","1":"product","2":"type-product","3":"status-publish","5":"product_cat-uncategorized-da","7":"first","8":"instock","9":"shipping-taxable","10":"purchasable","11":"product-type-simple"},"_links":{"self":[{"href":"https:\/\/nordicmart.andreevmaster.com\/da\/wp-json\/wp\/v2\/product\/29241","targetHints":{"allow":["GET"]}}],"collection":[{"href":"https:\/\/nordicmart.andreevmaster.com\/da\/wp-json\/wp\/v2\/product"}],"about":[{"href":"https:\/\/nordicmart.andreevmaster.com\/da\/wp-json\/wp\/v2\/types\/product"}],"replies":[{"embeddable":true,"href":"https:\/\/nordicmart.andreevmaster.com\/da\/wp-json\/wp\/v2\/comments?post=29241"}],"wp:attachment":[{"href":"https:\/\/nordicmart.andreevmaster.com\/da\/wp-json\/wp\/v2\/media?parent=29241"}],"wp:term":[{"taxonomy":"product_brand","embeddable":true,"href":"https:\/\/nordicmart.andreevmaster.com\/da\/wp-json\/wp\/v2\/product_brand?post=29241"},{"taxonomy":"product_cat","embeddable":true,"href":"https:\/\/nordicmart.andreevmaster.com\/da\/wp-json\/wp\/v2\/product_cat?post=29241"},{"taxonomy":"product_tag","embeddable":true,"href":"https:\/\/nordicmart.andreevmaster.com\/da\/wp-json\/wp\/v2\/product_tag?post=29241"}],"curies":[{"name":"wp","href":"https:\/\/api.w.org\/{rel}","templated":true}]}}