{"id":29214,"date":"2026-02-27T00:45:49","date_gmt":"2026-02-27T00:45:49","guid":{"rendered":"https:\/\/nordicmart.andreevmaster.com\/product\/2-x-3-omradetaeppe-til-sovevaerelset-skridsikkert-taeppe-traditionel-vintage-stil-hjemmeindretning-til-stuen-kokkenet-entreen-spisestuen-vaskbar\/"},"modified":"2026-02-27T09:22:18","modified_gmt":"2026-02-27T09:22:18","slug":"2-x-3-omradetaeppe-til-sovevaerelset-skridsikkert-taeppe-traditionel-vintage-stil-hjemmeindretning-til-stuen-kokkenet-entreen-spisestuen-vaskbar","status":"publish","type":"product","link":"https:\/\/nordicmart.andreevmaster.com\/da\/vare\/2-x-3-omradetaeppe-til-sovevaerelset-skridsikkert-taeppe-traditionel-vintage-stil-hjemmeindretning-til-stuen-kokkenet-entreen-spisestuen-vaskbar\/","title":{"rendered":"2&#8242; x 3&#8242; omr\u00e5det\u00e6ppe til sovev\u00e6relset, skridsikkert t\u00e6ppe, traditionel vintage-stil, hjemmeindretning, til stuen, k\u00f8kkenet, entr\u00e9en, spisestuen, vaskbar"},"content":{"rendered":"<p>Bl\u00f8d polstring: Nyd den luksuri\u00f8se f\u00f8lelse af 700 g\/\u33a1 polyesterfibre kombineret med et 200 g\/\u33a1 filt mellemlag, der giver exceptionel bl\u00f8d polstring til det f\u00f8rste skridt ud af sengen eller komfortabelt ophold.<\/p>\n<p>\u3010Vintage Charm\u3011Pr\u00f8v en unik blanding af tidl\u00f8s elegance og moderne komfort med dette t\u00e6ppe. Dets indviklede m\u00f8nstre og rige farver skaber en varm og indbydende atmosf\u00e6re, der forvandler ethvert rum med nostalgisk charme.<\/p>\n<p>Holdbart og maskinvaskbart: Dette sovev\u00e6relsest\u00e6ppe er designet til at v\u00e6re holdbart, og det bevarer sin bl\u00f8de struktur selv efter langvarig brug uden at det f\u00e6lder. Selv efter flere maskinvask beholder det sin kvalitet.<\/p>\n<p>Skridsikkert og alsidigt: T\u00e6ppet med termoplastisk gummi baggrund giver exceptionel skridsikker ydeevne, hvilket sikrer, at det forbliver fast p\u00e5 plads p\u00e5 forskellige gulvtyper, s\u00e5som h\u00e5rdttr\u00e6- og flisegulve.<\/p>\n<p>Problemfri transport og opbevaring: Stuet\u00e6ppet er sammenklappeligt, s\u00e5 det er nemt at opbevare og transportere. Uanset om du skal flytte det til reng\u00f8ring eller nyder at opfriske dit v\u00e6relses udseende, giver det sammenklappelige design stor komfort.<\/p>\n<p>Tekniske specifikationer:<br \/>\nFarve: Farver: Farver: Farver: Farver: 1: Farve: Due Gr\u00e5<br \/>\nMateriale: Materiale: 700 g\/\u33a1 Polyester (\u00b115 g\/\u33a1), 200 g\/\u33a1 Filt (\u00b15 g\/\u33a1), 650 g\/\u33a1 TPR (termoplastisk gummi) (\u00b110 g\/\u33a1).<br \/>\nProdukt st\u00f8rrelse: (1,5 mm):<br \/>\nL\u00e6ngde: 92 cm (3 ft)<br \/>\nBredde: 61 cm (2 ft)<br \/>\nProdukt v\u00e6gt: 0,9 kg (2 lb)<\/p>\n<p>Pakkens indhold:<br \/>\n1 x omr\u00e5det\u00e6ppe<\/p>\n","protected":false},"excerpt":{"rendered":"<p>Bl\u00f8d polstring: Nyd den luksuri\u00f8se f\u00f8lelse af 700 g\/\u33a1 polyesterfibre kombineret med et 200 g\/\u33a1 filt mellemlag, der giver exceptionel bl\u00f8d polstring til det f\u00f8rste skridt ud af sengen eller komfortabelt ophold. \u3010Vintage Charm\u3011Pr\u00f8v en unik blanding af tidl\u00f8s elegance og moderne komfort med dette t\u00e6ppe. Dets indviklede m\u00f8nstre og rige farver skaber en varm [&hellip;]<\/p>\n","protected":false},"featured_media":0,"comment_status":"open","ping_status":"closed","template":"","meta":[],"product_brand":[],"product_cat":[31],"product_tag":[],"class_list":{"0":"post-29214","1":"product","2":"type-product","3":"status-publish","5":"product_cat-uncategorized-da","7":"first","8":"instock","9":"shipping-taxable","10":"product-type-simple"},"_links":{"self":[{"href":"https:\/\/nordicmart.andreevmaster.com\/da\/wp-json\/wp\/v2\/product\/29214","targetHints":{"allow":["GET"]}}],"collection":[{"href":"https:\/\/nordicmart.andreevmaster.com\/da\/wp-json\/wp\/v2\/product"}],"about":[{"href":"https:\/\/nordicmart.andreevmaster.com\/da\/wp-json\/wp\/v2\/types\/product"}],"replies":[{"embeddable":true,"href":"https:\/\/nordicmart.andreevmaster.com\/da\/wp-json\/wp\/v2\/comments?post=29214"}],"wp:attachment":[{"href":"https:\/\/nordicmart.andreevmaster.com\/da\/wp-json\/wp\/v2\/media?parent=29214"}],"wp:term":[{"taxonomy":"product_brand","embeddable":true,"href":"https:\/\/nordicmart.andreevmaster.com\/da\/wp-json\/wp\/v2\/product_brand?post=29214"},{"taxonomy":"product_cat","embeddable":true,"href":"https:\/\/nordicmart.andreevmaster.com\/da\/wp-json\/wp\/v2\/product_cat?post=29214"},{"taxonomy":"product_tag","embeddable":true,"href":"https:\/\/nordicmart.andreevmaster.com\/da\/wp-json\/wp\/v2\/product_tag?post=29214"}],"curies":[{"name":"wp","href":"https:\/\/api.w.org\/{rel}","templated":true}]}}