{"id":29211,"date":"2026-02-27T00:45:47","date_gmt":"2026-02-27T00:45:47","guid":{"rendered":"https:\/\/nordicmart.andreevmaster.com\/product\/omradetaeppe-160-x-230-cm-stuetaeppe-skridsikkert-taeppe-traditionel-vintage-stil-til-stue-kokken-entre-spisestue-maskinvaskbar-duegra\/"},"modified":"2026-02-27T09:22:17","modified_gmt":"2026-02-27T09:22:17","slug":"omradetaeppe-160-x-230-cm-stuetaeppe-skridsikkert-taeppe-traditionel-vintage-stil-til-stue-kokken-entre-spisestue-maskinvaskbar-duegra","status":"publish","type":"product","link":"https:\/\/nordicmart.andreevmaster.com\/da\/vare\/omradetaeppe-160-x-230-cm-stuetaeppe-skridsikkert-taeppe-traditionel-vintage-stil-til-stue-kokken-entre-spisestue-maskinvaskbar-duegra\/","title":{"rendered":"Omr\u00e5det\u00e6ppe 160 x 230 cm Stuet\u00e6ppe Skridsikkert t\u00e6ppe Traditionel vintage-stil til Stue K\u00f8kken Entr\u00e9 Spisestue Maskinvaskbar Duegr\u00e5"},"content":{"rendered":"<p>Bl\u00f8dt skridt: Takket v\u00e6re overfladen lavet af 700 g\/m\u00b2 polyesterfibre og et 200 g\/m\u00b2 filt lag er dette stuet\u00e6ppe behageligt bl\u00f8dt og perfekt egnet til det f\u00f8rste skridt ud af sengen eller afslapning.<\/p>\n<p>Vintage-charme: Fordyb dig i kombinationen af tidl\u00f8s elegance og moderne komfort med t\u00e6ppet. Indviklede m\u00f8nstre og fyldige farver skaber en varm og hyggelig atmosf\u00e6re og bringer et strejf af nostalgi til ethvert rum.<\/p>\n<p>Holdbart og maskinvaskbart: Dette sovev\u00e6relsest\u00e6ppe er ekstremt holdbart og bevarer sin bl\u00f8dhed selv efter langvarig brug uden at f\u00e6lde. Selv efter flere maskinvask beholder det sin kvalitet.<\/p>\n<p>Skridsikkert og alsidigt: T\u00e6ppets bagside er lavet af TPR og er derfor s\u00e6rligt skridsikkert, s\u00e5 det er perfekt egnet til forskellige gulvbel\u00e6gninger, f.eks. h\u00e5rdt tr\u00e6, fliser osv.<\/p>\n<p>Problemfri opbevaring og transport: T\u00e6ppet er sammenklappeligt, hvilket g\u00f8r opbevaring og transport nemmere. Uanset om du vil tage det med til reng\u00f8ring eller opdatere dit v\u00e6relse, er det sammenklappelige design meget praktisk.<\/p>\n<p>Farve: Duegr\u00e5<br \/>\nMateriale: Bl\u00f8d, mat overflade, farvet, farvet og farvet: (\u00b115 g\/m\u00b2), 200 g\/m\u00b2 filt (\u00b15 g\/m\u00b2), 650 g\/m\u00b2 TPR (termoplastisk gummi) (\u00b110 g\/m\u00b2).<br \/>\nSt\u00f8rrelse:<br \/>\nL\u00e6ngde: 230 cm<br \/>\nBredde: 160 cm<br \/>\nV\u00e6gt: 6,05 kg<br \/>\nLeveringsomfang:<\/p>\n<p>1 x t\u00e6ppe<br \/>\nSONGMICS HOME Bem\u00e6rkninger:<\/p>\n","protected":false},"excerpt":{"rendered":"<p>Bl\u00f8dt skridt: Takket v\u00e6re overfladen lavet af 700 g\/m\u00b2 polyesterfibre og et 200 g\/m\u00b2 filt lag er dette stuet\u00e6ppe behageligt bl\u00f8dt og perfekt egnet til det f\u00f8rste skridt ud af sengen eller afslapning. Vintage-charme: Fordyb dig i kombinationen af tidl\u00f8s elegance og moderne komfort med t\u00e6ppet. Indviklede m\u00f8nstre og fyldige farver skaber en varm og [&hellip;]<\/p>\n","protected":false},"featured_media":0,"comment_status":"open","ping_status":"closed","template":"","meta":[],"product_brand":[],"product_cat":[31],"product_tag":[],"class_list":{"0":"post-29211","1":"product","2":"type-product","3":"status-publish","5":"product_cat-uncategorized-da","7":"first","8":"instock","9":"shipping-taxable","10":"product-type-simple"},"_links":{"self":[{"href":"https:\/\/nordicmart.andreevmaster.com\/da\/wp-json\/wp\/v2\/product\/29211","targetHints":{"allow":["GET"]}}],"collection":[{"href":"https:\/\/nordicmart.andreevmaster.com\/da\/wp-json\/wp\/v2\/product"}],"about":[{"href":"https:\/\/nordicmart.andreevmaster.com\/da\/wp-json\/wp\/v2\/types\/product"}],"replies":[{"embeddable":true,"href":"https:\/\/nordicmart.andreevmaster.com\/da\/wp-json\/wp\/v2\/comments?post=29211"}],"wp:attachment":[{"href":"https:\/\/nordicmart.andreevmaster.com\/da\/wp-json\/wp\/v2\/media?parent=29211"}],"wp:term":[{"taxonomy":"product_brand","embeddable":true,"href":"https:\/\/nordicmart.andreevmaster.com\/da\/wp-json\/wp\/v2\/product_brand?post=29211"},{"taxonomy":"product_cat","embeddable":true,"href":"https:\/\/nordicmart.andreevmaster.com\/da\/wp-json\/wp\/v2\/product_cat?post=29211"},{"taxonomy":"product_tag","embeddable":true,"href":"https:\/\/nordicmart.andreevmaster.com\/da\/wp-json\/wp\/v2\/product_tag?post=29211"}],"curies":[{"name":"wp","href":"https:\/\/api.w.org\/{rel}","templated":true}]}}