{"id":29207,"date":"2026-02-27T00:45:44","date_gmt":"2026-02-27T00:45:44","guid":{"rendered":"https:\/\/nordicmart.andreevmaster.com\/product\/omradetaeppe-3x5-ft-taeppe-til-sovevaerelset-skridsikkert-taeppe-traditionel-vintage-stil-hjemmeindretning-til-stuen-kokkenet-entreen-spisestuen-maskinvaskbar-teal-bla-u\/"},"modified":"2026-02-27T09:22:16","modified_gmt":"2026-02-27T09:22:16","slug":"omradetaeppe-3x5-ft-taeppe-til-sovevaerelset-skridsikkert-taeppe-traditionel-vintage-stil-hjemmeindretning-til-stuen-kokkenet-entreen-spisestuen-maskinvaskbar-teal-bla-u","status":"publish","type":"product","link":"https:\/\/nordicmart.andreevmaster.com\/da\/vare\/omradetaeppe-3x5-ft-taeppe-til-sovevaerelset-skridsikkert-taeppe-traditionel-vintage-stil-hjemmeindretning-til-stuen-kokkenet-entreen-spisestuen-maskinvaskbar-teal-bla-u\/","title":{"rendered":"Omr\u00e5det\u00e6ppe, 3&#215;5 ft t\u00e6ppe til sovev\u00e6relset, skridsikkert t\u00e6ppe, traditionel vintage-stil, hjemmeindretning, til stuen, k\u00f8kkenet, entr\u00e9en, spisestuen, maskinvaskbar, teal bl\u00e5 U"},"content":{"rendered":"<p>\u3010Bl\u00f8d polstring\u3011 Nyd den luksuri\u00f8se f\u00f8lelse af 700 g\/\u33a1 polyesterfibre kombineret med et 200 g\/\u33a1 filt lag, der giver exceptionel bl\u00f8d polstring til det f\u00f8rste skridt ud af sengen eller komfortabelt ophold.<\/p>\n<p>\u3010VINTAGE CHARME\u3011Pr\u00f8v en unik blanding af tidl\u00f8s elegance og moderne komfort med dette t\u00e6ppe. Dets indviklede m\u00f8nstre og rige farver skaber en varm, indbydende atmosf\u00e6re og forvandler ethvert rum med nostalgisk charme.<\/p>\n<p>\u3010HOLDBART OG MASKINEVASKELIGT\u3011Designet til holdbarhed bevarer sovev\u00e6relsest\u00e6ppet sin bl\u00f8de struktur selv efter langvarig brug uden at f\u00e6lde. Selv efter flere maskinvask beholder det sin kvalitet.<\/p>\n<p>\u3010NON-SLIP OG ALSIDIG\u3011Dette omr\u00e5det\u00e6ppe har en TPR-baggrund og giver exceptionel skridsikker ydeevne, hvilket sikrer, at det forbliver fast p\u00e5 plads p\u00e5 forskellige gulvtyper, inklusive h\u00e5rdttr\u00e6, fliser og andre.<\/p>\n<p>\u3010PROBLEMFRI TRANSPORT OG OPBEVARING\u3011Stuet\u00e6ppet er foldbart, hvilket g\u00f8r opbevaring og transport nemmere. Uanset om du skal flytte det til reng\u00f8ring eller nyder at opfriske dit v\u00e6relses udseende, giver det foldbare design stor komfort<\/p>\n<p>Tekniske specifikationer:<\/p>\n<p>Farve: Teal bl\u00e5<br \/>\nMateriale: Materiale: 700 g\/\u33a1 Polyester (\u00b115 g\/\u33a1), 200 g\/\u33a1 Filt (\u00b15 g\/\u33a1), 650 g\/\u33a1 TPR (termoplastisk gummi) (\u00b110 g\/\u33a1).<br \/>\nProdukt st\u00f8rrelse: (1,5 mm):<br \/>\nL\u00e6ngde: 153 cm (5 ft)<br \/>\nBredde: 92 cm (3 ft)<br \/>\nProdukt v\u00e6gt: 2,4 kg (5,2 lb)<\/p>\n<p>Pakkens indhold:<\/p>\n<p>1 x omr\u00e5det\u00e6ppe<\/p>\n","protected":false},"excerpt":{"rendered":"<p>\u3010Bl\u00f8d polstring\u3011 Nyd den luksuri\u00f8se f\u00f8lelse af 700 g\/\u33a1 polyesterfibre kombineret med et 200 g\/\u33a1 filt lag, der giver exceptionel bl\u00f8d polstring til det f\u00f8rste skridt ud af sengen eller komfortabelt ophold. \u3010VINTAGE CHARME\u3011Pr\u00f8v en unik blanding af tidl\u00f8s elegance og moderne komfort med dette t\u00e6ppe. Dets indviklede m\u00f8nstre og rige farver skaber en varm, [&hellip;]<\/p>\n","protected":false},"featured_media":0,"comment_status":"open","ping_status":"closed","template":"","meta":[],"product_brand":[],"product_cat":[31],"product_tag":[],"class_list":{"0":"post-29207","1":"product","2":"type-product","3":"status-publish","5":"product_cat-uncategorized-da","7":"first","8":"instock","9":"shipping-taxable","10":"product-type-simple"},"_links":{"self":[{"href":"https:\/\/nordicmart.andreevmaster.com\/da\/wp-json\/wp\/v2\/product\/29207","targetHints":{"allow":["GET"]}}],"collection":[{"href":"https:\/\/nordicmart.andreevmaster.com\/da\/wp-json\/wp\/v2\/product"}],"about":[{"href":"https:\/\/nordicmart.andreevmaster.com\/da\/wp-json\/wp\/v2\/types\/product"}],"replies":[{"embeddable":true,"href":"https:\/\/nordicmart.andreevmaster.com\/da\/wp-json\/wp\/v2\/comments?post=29207"}],"wp:attachment":[{"href":"https:\/\/nordicmart.andreevmaster.com\/da\/wp-json\/wp\/v2\/media?parent=29207"}],"wp:term":[{"taxonomy":"product_brand","embeddable":true,"href":"https:\/\/nordicmart.andreevmaster.com\/da\/wp-json\/wp\/v2\/product_brand?post=29207"},{"taxonomy":"product_cat","embeddable":true,"href":"https:\/\/nordicmart.andreevmaster.com\/da\/wp-json\/wp\/v2\/product_cat?post=29207"},{"taxonomy":"product_tag","embeddable":true,"href":"https:\/\/nordicmart.andreevmaster.com\/da\/wp-json\/wp\/v2\/product_tag?post=29207"}],"curies":[{"name":"wp","href":"https:\/\/api.w.org\/{rel}","templated":true}]}}