{"id":29203,"date":"2026-02-27T00:45:42","date_gmt":"2026-02-27T00:45:42","guid":{"rendered":"https:\/\/nordicmart.andreevmaster.com\/product\/omradetaeppe-120-x-170-cm-sovevaerelsestaeppe-stuetaeppe-skridsikkert-taeppe-hjemmeindretning-til-stuen-maskinvaskbar-boho-stil-cappuccino-beige\/"},"modified":"2026-02-27T09:22:15","modified_gmt":"2026-02-27T09:22:15","slug":"omradetaeppe-120-x-170-cm-sovevaerelsestaeppe-stuetaeppe-skridsikkert-taeppe-hjemmeindretning-til-stuen-maskinvaskbar-boho-stil-cappuccino-beige","status":"publish","type":"product","link":"https:\/\/nordicmart.andreevmaster.com\/da\/vare\/omradetaeppe-120-x-170-cm-sovevaerelsestaeppe-stuetaeppe-skridsikkert-taeppe-hjemmeindretning-til-stuen-maskinvaskbar-boho-stil-cappuccino-beige\/","title":{"rendered":"Omr\u00e5det\u00e6ppe, 120 x 170 cm Sovev\u00e6relsest\u00e6ppe, stuet\u00e6ppe, skridsikkert t\u00e6ppe, hjemmeindretning, til stuen, maskinvaskbar, Boho-stil, Cappuccino Beige"},"content":{"rendered":"<p>\u3010KOMFORT\u3011Dette t\u00e6ppe, med en 600 g\/\u33a1 polyesterfiberoverflade og et 200 g\/\u33a1 filt lag, giver en bl\u00f8d struktur, der passer perfekt til at bl\u00f8dg\u00f8re f\u00f8dderne, n\u00e5r du tr\u00e6der ud af sengen eller slapper af med l\u00e6sning.<\/p>\n<p>\u3010SKRIDSikkerhed OG ALSIDIGHED\u3011Bagsiden af omr\u00e5det\u00e6pper bruger TPR, hvilket sikrer fremragende skridsikker ydeevne, s\u00e5 t\u00e6ppet passer perfekt til forskellige gulvtyper, s\u00e5som h\u00e5rdttr\u00e6 og fliser.<\/p>\n<p>\u3010HOLDBART OG MASKINEVASKELIGT\u3011Dette omr\u00e5det\u00e6ppe i f\u00f8rsteklasses materialer er maskinvaskbart og holder til lang brug. Bem\u00e6rkelsesv\u00e6rdigt er, at det bevarer sin bl\u00f8de struktur selv efter flere vaske, hvilket sikrer j\u00e6vn komfort over tid.<\/p>\n<p>\u3010BOHO CHIC\u3011Dette omr\u00e5det\u00e6ppe, med dets distinkte m\u00f8nstre og opfriskende nuance, puster liv i ethvert rum, hvad enten det er et hyggeligt sovev\u00e6relse eller en travl stue. Det giver dit boligrum en hyggelig, bohemisk atmosf\u00e6re.<\/p>\n<p>\u3010KOMFORTABEL TRANSPORT OG OPBEVARING\u3011Stuet\u00e6ppet er sammenklappeligt, hvilket g\u00f8r opbevaring og transport nemmere. Uanset om du skal flytte det til reng\u00f8ring eller nyder at opfriske dit v\u00e6relses udseende, giver det sammenklappelige design stor komfort<\/p>\n<p>Tekniske specifikationer:<br \/>\nFarve: Farver: Farver: Farver: 1: Cappuccino Beige<br \/>\nMateriale: Polyester, filt, TPR (termoplastisk gummi).<br \/>\nProdukt st\u00f8rrelse: Produkt st\u00f8rrelse: H\u00f8jde: 1,5 mm:<br \/>\nL\u00e6ngde: 170 cm (5,6 ft).<br \/>\nBredde: 3,9 fod (120 cm)<br \/>\nProdukt v\u00e6gt: 6.4 lb (2.9 kg)<\/p>\n<p>Pakkens indhold:<br \/>\n1 x omr\u00e5det\u00e6ppe<\/p>\n","protected":false},"excerpt":{"rendered":"<p>\u3010KOMFORT\u3011Dette t\u00e6ppe, med en 600 g\/\u33a1 polyesterfiberoverflade og et 200 g\/\u33a1 filt lag, giver en bl\u00f8d struktur, der passer perfekt til at bl\u00f8dg\u00f8re f\u00f8dderne, n\u00e5r du tr\u00e6der ud af sengen eller slapper af med l\u00e6sning. \u3010SKRIDSikkerhed OG ALSIDIGHED\u3011Bagsiden af omr\u00e5det\u00e6pper bruger TPR, hvilket sikrer fremragende skridsikker ydeevne, s\u00e5 t\u00e6ppet passer perfekt til forskellige gulvtyper, s\u00e5som [&hellip;]<\/p>\n","protected":false},"featured_media":0,"comment_status":"open","ping_status":"closed","template":"","meta":[],"product_brand":[],"product_cat":[31],"product_tag":[],"class_list":{"0":"post-29203","1":"product","2":"type-product","3":"status-publish","5":"product_cat-uncategorized-da","7":"first","8":"instock","9":"shipping-taxable","10":"product-type-simple"},"_links":{"self":[{"href":"https:\/\/nordicmart.andreevmaster.com\/da\/wp-json\/wp\/v2\/product\/29203","targetHints":{"allow":["GET"]}}],"collection":[{"href":"https:\/\/nordicmart.andreevmaster.com\/da\/wp-json\/wp\/v2\/product"}],"about":[{"href":"https:\/\/nordicmart.andreevmaster.com\/da\/wp-json\/wp\/v2\/types\/product"}],"replies":[{"embeddable":true,"href":"https:\/\/nordicmart.andreevmaster.com\/da\/wp-json\/wp\/v2\/comments?post=29203"}],"wp:attachment":[{"href":"https:\/\/nordicmart.andreevmaster.com\/da\/wp-json\/wp\/v2\/media?parent=29203"}],"wp:term":[{"taxonomy":"product_brand","embeddable":true,"href":"https:\/\/nordicmart.andreevmaster.com\/da\/wp-json\/wp\/v2\/product_brand?post=29203"},{"taxonomy":"product_cat","embeddable":true,"href":"https:\/\/nordicmart.andreevmaster.com\/da\/wp-json\/wp\/v2\/product_cat?post=29203"},{"taxonomy":"product_tag","embeddable":true,"href":"https:\/\/nordicmart.andreevmaster.com\/da\/wp-json\/wp\/v2\/product_tag?post=29203"}],"curies":[{"name":"wp","href":"https:\/\/api.w.org\/{rel}","templated":true}]}}