{"id":29202,"date":"2026-02-27T00:45:42","date_gmt":"2026-02-27T00:45:42","guid":{"rendered":"https:\/\/nordicmart.andreevmaster.com\/product\/omradetaeppe-2x3-ft-taeppe-til-sovevaerelset-skridsikkert-taeppe-hjemmeindretning-til-stuen-maskinvaskbar-boho-stil-cappuccino-beige\/"},"modified":"2026-02-27T09:22:15","modified_gmt":"2026-02-27T09:22:15","slug":"omradetaeppe-2x3-ft-taeppe-til-sovevaerelset-skridsikkert-taeppe-hjemmeindretning-til-stuen-maskinvaskbar-boho-stil-cappuccino-beige","status":"publish","type":"product","link":"https:\/\/nordicmart.andreevmaster.com\/da\/vare\/omradetaeppe-2x3-ft-taeppe-til-sovevaerelset-skridsikkert-taeppe-hjemmeindretning-til-stuen-maskinvaskbar-boho-stil-cappuccino-beige\/","title":{"rendered":"Omr\u00e5det\u00e6ppe, 2&#215;3 ft t\u00e6ppe til sovev\u00e6relset, skridsikkert t\u00e6ppe, hjemmeindretning, til stuen, maskinvaskbar, Boho-stil, Cappuccino Beige"},"content":{"rendered":"<p>\u3010TR\u00c6D IND I BL\u00d8DHED\u3011T\u00e6ppet lavet af bl\u00f8de 600 g\/\u33a1 polyesterfibre og et 200 g\/\u33a1 filt mellemlag giver en hudvenlig, komfortabel overflade, der passer perfekt til det f\u00f8rste skridt ud af sengen eller hyggeligt ophold derhjemme.<\/p>\n<p>\u3010BOHO CHIC\u3011Dette omr\u00e5det\u00e6ppe, med dets distinkte m\u00f8nstre og opfriskende nuance, puster liv i ethvert rum, hvad enten det er et hyggeligt sovev\u00e6relse eller en travl stue. Det giver dit boligrum en hyggelig, bohemisk atmosf\u00e6re.<\/p>\n<p>\u3010HOLDBART OG MASKINEVASKELIGT\u3011Designet til holdbarhed bevarer sovev\u00e6relsest\u00e6ppet sin bl\u00f8de struktur selv efter langvarig brug uden at f\u00e6lde. Selv efter flere maskinvask beholder det sin kvalitet.<\/p>\n<p>\u3010SKRIDSikkerhed OG ALSIDIGHED\u3011Bagsiden af omr\u00e5det\u00e6pper bruger TPR, hvilket sikrer fremragende skridsikker ydeevne, s\u00e5 det passer perfekt til forskellige gulvtyper, inklusive h\u00e5rdttr\u00e6, fliser og andre<\/p>\n<p>\u3010PROBLEMFRI TRANSPORT OG OPBEVARING\u3011Stuet\u00e6ppet er sammenklappeligt, hvilket g\u00f8r opbevaring og transport nemmere. Uanset om du skal flytte det til reng\u00f8ring eller nyder at opfriske dit v\u00e6relses udseende, giver det sammenklappelige design stor komfort<\/p>\n<p>Tekniske specifikationer:<br \/>\nFarve: Farver: Farver: Farver: 1: Cappuccino Beige<br \/>\nMateriale: Polyester, filt, TPR (termoplastisk gummi).<br \/>\nProdukt st\u00f8rrelse: Produkt st\u00f8rrelse: H\u00f8jde: 1,5 mm:<br \/>\n(92 cm)<br \/>\nBredde: 61 cm (2 ft)<br \/>\nProdukt v\u00e6gt: 0,8 kg (1,8 lb).<\/p>\n<p>Pakkens indhold:<br \/>\n1 x omr\u00e5det\u00e6ppe<\/p>\n","protected":false},"excerpt":{"rendered":"<p>\u3010TR\u00c6D IND I BL\u00d8DHED\u3011T\u00e6ppet lavet af bl\u00f8de 600 g\/\u33a1 polyesterfibre og et 200 g\/\u33a1 filt mellemlag giver en hudvenlig, komfortabel overflade, der passer perfekt til det f\u00f8rste skridt ud af sengen eller hyggeligt ophold derhjemme. \u3010BOHO CHIC\u3011Dette omr\u00e5det\u00e6ppe, med dets distinkte m\u00f8nstre og opfriskende nuance, puster liv i ethvert rum, hvad enten det er et [&hellip;]<\/p>\n","protected":false},"featured_media":0,"comment_status":"open","ping_status":"closed","template":"","meta":[],"product_brand":[],"product_cat":[31],"product_tag":[],"class_list":{"0":"post-29202","1":"product","2":"type-product","3":"status-publish","5":"product_cat-uncategorized-da","7":"first","8":"instock","9":"shipping-taxable","10":"product-type-simple"},"_links":{"self":[{"href":"https:\/\/nordicmart.andreevmaster.com\/da\/wp-json\/wp\/v2\/product\/29202","targetHints":{"allow":["GET"]}}],"collection":[{"href":"https:\/\/nordicmart.andreevmaster.com\/da\/wp-json\/wp\/v2\/product"}],"about":[{"href":"https:\/\/nordicmart.andreevmaster.com\/da\/wp-json\/wp\/v2\/types\/product"}],"replies":[{"embeddable":true,"href":"https:\/\/nordicmart.andreevmaster.com\/da\/wp-json\/wp\/v2\/comments?post=29202"}],"wp:attachment":[{"href":"https:\/\/nordicmart.andreevmaster.com\/da\/wp-json\/wp\/v2\/media?parent=29202"}],"wp:term":[{"taxonomy":"product_brand","embeddable":true,"href":"https:\/\/nordicmart.andreevmaster.com\/da\/wp-json\/wp\/v2\/product_brand?post=29202"},{"taxonomy":"product_cat","embeddable":true,"href":"https:\/\/nordicmart.andreevmaster.com\/da\/wp-json\/wp\/v2\/product_cat?post=29202"},{"taxonomy":"product_tag","embeddable":true,"href":"https:\/\/nordicmart.andreevmaster.com\/da\/wp-json\/wp\/v2\/product_tag?post=29202"}],"curies":[{"name":"wp","href":"https:\/\/api.w.org\/{rel}","templated":true}]}}