{"id":29199,"date":"2026-02-27T00:45:41","date_gmt":"2026-02-27T00:45:41","guid":{"rendered":"https:\/\/nordicmart.andreevmaster.com\/product\/taeppe-160-x-230-cm-skridsikkert-taeppe-boligindretning-til-stue-sovevaerelse-bornevaerelse-maskinvaskbart-moderne-stil-duegra\/"},"modified":"2026-02-27T09:22:14","modified_gmt":"2026-02-27T09:22:14","slug":"taeppe-160-x-230-cm-skridsikkert-taeppe-boligindretning-til-stue-sovevaerelse-bornevaerelse-maskinvaskbart-moderne-stil-duegra","status":"publish","type":"product","link":"https:\/\/nordicmart.andreevmaster.com\/da\/vare\/taeppe-160-x-230-cm-skridsikkert-taeppe-boligindretning-til-stue-sovevaerelse-bornevaerelse-maskinvaskbart-moderne-stil-duegra\/","title":{"rendered":"T\u00e6ppe, 160 x 230 cm, skridsikkert t\u00e6ppe, boligindretning, til stue, sovev\u00e6relse, b\u00f8rnev\u00e6relse, maskinvaskbart, moderne stil, duegr\u00e5"},"content":{"rendered":"<p>[Bl\u00f8dt og sikkert] T\u00e6ppet er fremstillet af 100 % polyesterfibre og f\u00f8les bl\u00f8dt at r\u00f8re ved. Det er certificeret i henhold til OEKO-TEX Standard 100, som opfylder de strengeste tekstilsikkerhedsstandarder (certifikatnummer: SHO25 152411, indehaver: leverand\u00f8r).<\/p>\n<p>[Skridsikkert og alsidigt] T\u00e6ppets underside bruger TPR, som sikrer fremragende skridsikker ydeevne, s\u00e5 det passer perfekt til forskellige gulvtyper, herunder h\u00e5rdttr\u00e6, fliser osv.<\/p>\n<p>[Holdbart og maskinvaskbart] Designet til at holde \u2013 dette sovev\u00e6relsest\u00e6ppe bevarer sin bl\u00f8de struktur selv efter langvarig brug uden at falde fra hinanden. Selv efter flere maskinvaske bevarer det sin kvalitet.<\/p>\n<p>[Afd\u00e6mpet elegance] Den raffinerede duegr\u00e5 farve giver dette t\u00e6ppe et enkelt men stilfuldt udseende, der smelter s\u00f8ml\u00f8st ind i ethvert rum, hvad enten det er sovev\u00e6relset eller stuen, og giver dit hjem en rolig atmosf\u00e6re.<\/p>\n<p>[Ubesv\u00e6ret transport og opbevaring] Stuet\u00e6ppet kan foldes sammen og inkluderer en opbevaringspose, der g\u00f8r det nemt at transportere og opbevare, hvilket tilf\u00f8jer bekvemmelighed til dine daglige rutiner.<\/p>\n<p>Produktdetaljer:<br \/>\nSt\u00f8rrelse: 160x230cm<br \/>\nProduktv\u00e6gt: 5,8 kilo<br \/>\nFarve: Duegr\u00e5<br \/>\nM\u00f8nster: Ensfarvet<br \/>\nForm: Rektangul\u00e6r<\/p>\n","protected":false},"excerpt":{"rendered":"<p>Farbe: Taubengrau<br \/>\nMaterial: Polyester, Filz, TPR (Thermoplastischer Gummi)<br \/>\nGr\u00f6\u00dfe:<br \/>\nL\u00e4nge: 230 cm<br \/>\nBreite: 160 cm<br \/>\nGewicht: 5,8 kg<\/p>\n","protected":false},"featured_media":46516,"comment_status":"open","ping_status":"closed","template":"","meta":[],"product_brand":[],"product_cat":[31],"product_tag":[],"class_list":{"0":"post-29199","1":"product","2":"type-product","3":"status-publish","4":"has-post-thumbnail","6":"product_cat-uncategorized-da","8":"first","9":"instock","10":"shipping-taxable","11":"purchasable","12":"product-type-simple"},"_links":{"self":[{"href":"https:\/\/nordicmart.andreevmaster.com\/da\/wp-json\/wp\/v2\/product\/29199","targetHints":{"allow":["GET"]}}],"collection":[{"href":"https:\/\/nordicmart.andreevmaster.com\/da\/wp-json\/wp\/v2\/product"}],"about":[{"href":"https:\/\/nordicmart.andreevmaster.com\/da\/wp-json\/wp\/v2\/types\/product"}],"replies":[{"embeddable":true,"href":"https:\/\/nordicmart.andreevmaster.com\/da\/wp-json\/wp\/v2\/comments?post=29199"}],"wp:featuredmedia":[{"embeddable":true,"href":"https:\/\/nordicmart.andreevmaster.com\/da\/wp-json\/wp\/v2\/media\/46516"}],"wp:attachment":[{"href":"https:\/\/nordicmart.andreevmaster.com\/da\/wp-json\/wp\/v2\/media?parent=29199"}],"wp:term":[{"taxonomy":"product_brand","embeddable":true,"href":"https:\/\/nordicmart.andreevmaster.com\/da\/wp-json\/wp\/v2\/product_brand?post=29199"},{"taxonomy":"product_cat","embeddable":true,"href":"https:\/\/nordicmart.andreevmaster.com\/da\/wp-json\/wp\/v2\/product_cat?post=29199"},{"taxonomy":"product_tag","embeddable":true,"href":"https:\/\/nordicmart.andreevmaster.com\/da\/wp-json\/wp\/v2\/product_tag?post=29199"}],"curies":[{"name":"wp","href":"https:\/\/api.w.org\/{rel}","templated":true}]}}