{"id":29198,"date":"2026-02-27T00:45:40","date_gmt":"2026-02-27T00:45:40","guid":{"rendered":"https:\/\/nordicmart.andreevmaster.com\/product\/taeppe-120-x-170-cm-skridsikkert-taeppe-hjemmeindretning-til-stuen-sovevaerelset-bornevaerelset-maskinvaskbar-moderne-stil-kullgra\/"},"modified":"2026-02-27T09:22:14","modified_gmt":"2026-02-27T09:22:14","slug":"taeppe-120-x-170-cm-skridsikkert-taeppe-hjemmeindretning-til-stuen-sovevaerelset-bornevaerelset-maskinvaskbar-moderne-stil-kullgra","status":"publish","type":"product","link":"https:\/\/nordicmart.andreevmaster.com\/da\/vare\/taeppe-120-x-170-cm-skridsikkert-taeppe-hjemmeindretning-til-stuen-sovevaerelset-bornevaerelset-maskinvaskbar-moderne-stil-kullgra\/","title":{"rendered":"T\u00e6ppe, 120 x 170 cm, skridsikkert t\u00e6ppe, hjemmeindretning, til stuen, sovev\u00e6relset, b\u00f8rnev\u00e6relset, maskinvaskbar, moderne stil, kullgr\u00e5"},"content":{"rendered":"<p>[Bl\u00f8dt og sikkert] T\u00e6ppet lavet af 100 % polyesterfibre er bl\u00f8dt at r\u00f8re ved. Det er certificeret i henhold til OEKO-TEX Standard 100-standarden, som opfylder de strengeste tekstilsikkerhedsstandarder (certifikatnummer: SHO25 152411, indehaver: leverand\u00f8r).<\/p>\n<p>[Skridsikkert og alsidigt] Bundens brug af TPR sikrer fremragende skridsikkerhed, s\u00e5 det er perfekt egnet til forskellige gulvtyper, s\u00e5som h\u00e5rdttr\u00e6, fliser osv.<\/p>\n<p>[Holdbart og maskinvaskbart] Designet til at holde, dette sovev\u00e6relsest\u00e6ppe bevarer sin bl\u00f8de struktur selv efter langvarig brug uden at f\u00e6lde. Selv efter flere maskinvask beholder det sin kvalitet.<\/p>\n<p>[M\u00e5delig elegance] Den subtile kullgr\u00e5 farve giver dette t\u00e6ppe et simpelt men elegant udseende, der smelter s\u00f8ml\u00f8st ind i ethvert rum, hvad enten det er sovev\u00e6relset eller stuen, og giver dit boligrum en rolig atmosf\u00e6re.<\/p>\n<p>[Problemfri transport og opbevaring] Stuet\u00e6ppet er sammenklappeligt og indeholder en opbevaringspose, hvilket g\u00f8r det nemt at transportere og opbevare, hvilket \u00f8ger komforten i dine daglige rutiner.<\/p>\n<p>Produktinformation: T\u00e6ppet er nemt og nemt at installere, men det er nemt og nemt at installere, men det er nemt og nemt at installere, men det er nemt og nemt at installere, men det er nemt og nemt at installere, men det er nemt og nemt at bruge:<br \/>\nSt\u00f8rrelse: 120 x 170cm<br \/>\nProdukt v\u00e6gt: 3,2 kilo<br \/>\nFarve: Kullgr\u00e5<br \/>\nm\u00f8nster: Solid<br \/>\nForm: Rektangul\u00e6r<\/p>\n","protected":false},"excerpt":{"rendered":"<p>[Bl\u00f8dt og sikkert] T\u00e6ppet lavet af 100 % polyesterfibre er bl\u00f8dt at r\u00f8re ved. Det er certificeret i henhold til OEKO-TEX Standard 100-standarden, som opfylder de strengeste tekstilsikkerhedsstandarder (certifikatnummer: SHO25 152411, indehaver: leverand\u00f8r). [Skridsikkert og alsidigt] Bundens brug af TPR sikrer fremragende skridsikkerhed, s\u00e5 det er perfekt egnet til forskellige gulvtyper, s\u00e5som h\u00e5rdttr\u00e6, fliser osv. [&hellip;]<\/p>\n","protected":false},"featured_media":0,"comment_status":"open","ping_status":"closed","template":"","meta":[],"product_brand":[],"product_cat":[31],"product_tag":[],"class_list":{"0":"post-29198","1":"product","2":"type-product","3":"status-publish","5":"product_cat-uncategorized-da","7":"first","8":"instock","9":"shipping-taxable","10":"product-type-simple"},"_links":{"self":[{"href":"https:\/\/nordicmart.andreevmaster.com\/da\/wp-json\/wp\/v2\/product\/29198","targetHints":{"allow":["GET"]}}],"collection":[{"href":"https:\/\/nordicmart.andreevmaster.com\/da\/wp-json\/wp\/v2\/product"}],"about":[{"href":"https:\/\/nordicmart.andreevmaster.com\/da\/wp-json\/wp\/v2\/types\/product"}],"replies":[{"embeddable":true,"href":"https:\/\/nordicmart.andreevmaster.com\/da\/wp-json\/wp\/v2\/comments?post=29198"}],"wp:attachment":[{"href":"https:\/\/nordicmart.andreevmaster.com\/da\/wp-json\/wp\/v2\/media?parent=29198"}],"wp:term":[{"taxonomy":"product_brand","embeddable":true,"href":"https:\/\/nordicmart.andreevmaster.com\/da\/wp-json\/wp\/v2\/product_brand?post=29198"},{"taxonomy":"product_cat","embeddable":true,"href":"https:\/\/nordicmart.andreevmaster.com\/da\/wp-json\/wp\/v2\/product_cat?post=29198"},{"taxonomy":"product_tag","embeddable":true,"href":"https:\/\/nordicmart.andreevmaster.com\/da\/wp-json\/wp\/v2\/product_tag?post=29198"}],"curies":[{"name":"wp","href":"https:\/\/api.w.org\/{rel}","templated":true}]}}