{"id":29179,"date":"2026-02-27T00:45:35","date_gmt":"2026-02-27T00:45:35","guid":{"rendered":"https:\/\/nordicmart.andreevmaster.com\/product\/sort-badmintonnet-saet-2\/"},"modified":"2026-02-27T09:22:09","modified_gmt":"2026-02-27T09:22:09","slug":"sort-badmintonnet-saet-2","status":"publish","type":"product","link":"https:\/\/nordicmart.andreevmaster.com\/da\/vare\/sort-badmintonnet-saet-2\/","title":{"rendered":"Sort badmintonnet-s\u00e6t"},"content":{"rendered":"<p>Dette s\u00e6t indeholder et t\u00e6tmasket net og robuste jernst\u00e6nger. Du kan s\u00e6tte en bane op i din have, bagg\u00e5rd, park, strand eller fitnesscenter p\u00e5 f\u00e5 sekunder. S\u00e5 kan du jagte fjerbolden og spille en vild badmintonkamp med dine venner eller familie.Produktdetaljer:Farve: NegroMateriale: Jernst\u00e6nger, PE (polyethylen)-net, Oxford-stofSt\u00f8rrelse: 500 x 103 x 155 cm (L x B x H)Diameter p\u00e5 jernst\u00e6nger: 19 mmV\u00e6gt: 4,8 kgLeveringsomfang:1 x badmintonnet1 x transporttaske4 x jordkroge1 x vejledning (DE, EN, FR, ES, IT)<\/p>\n","protected":false},"excerpt":{"rendered":"<p>Dette s\u00e6t indeholder et t\u00e6tmasket net og robuste jernst\u00e6nger. Du kan s\u00e6tte en bane op i din have, bagg\u00e5rd, park, strand eller fitnesscenter p\u00e5 f\u00e5 sekunder. S\u00e5 kan du jagte fjerbolden og spille en vild badmintonkamp med dine venner eller familie.Produktdetaljer:Farve: NegroMateriale: Jernst\u00e6nger, PE (polyethylen)-net, Oxford-stofSt\u00f8rrelse: 500 x 103 x 155 cm (L x B [&hellip;]<\/p>\n","protected":false},"featured_media":0,"comment_status":"open","ping_status":"closed","template":"","meta":[],"product_brand":[],"product_cat":[31],"product_tag":[],"class_list":{"0":"post-29179","1":"product","2":"type-product","3":"status-publish","5":"product_cat-uncategorized-da","7":"first","8":"instock","9":"shipping-taxable","10":"product-type-simple"},"_links":{"self":[{"href":"https:\/\/nordicmart.andreevmaster.com\/da\/wp-json\/wp\/v2\/product\/29179","targetHints":{"allow":["GET"]}}],"collection":[{"href":"https:\/\/nordicmart.andreevmaster.com\/da\/wp-json\/wp\/v2\/product"}],"about":[{"href":"https:\/\/nordicmart.andreevmaster.com\/da\/wp-json\/wp\/v2\/types\/product"}],"replies":[{"embeddable":true,"href":"https:\/\/nordicmart.andreevmaster.com\/da\/wp-json\/wp\/v2\/comments?post=29179"}],"wp:attachment":[{"href":"https:\/\/nordicmart.andreevmaster.com\/da\/wp-json\/wp\/v2\/media?parent=29179"}],"wp:term":[{"taxonomy":"product_brand","embeddable":true,"href":"https:\/\/nordicmart.andreevmaster.com\/da\/wp-json\/wp\/v2\/product_brand?post=29179"},{"taxonomy":"product_cat","embeddable":true,"href":"https:\/\/nordicmart.andreevmaster.com\/da\/wp-json\/wp\/v2\/product_cat?post=29179"},{"taxonomy":"product_tag","embeddable":true,"href":"https:\/\/nordicmart.andreevmaster.com\/da\/wp-json\/wp\/v2\/product_tag?post=29179"}],"curies":[{"name":"wp","href":"https:\/\/api.w.org\/{rel}","templated":true}]}}