{"id":29169,"date":"2026-02-27T00:45:32","date_gmt":"2026-02-27T00:45:32","guid":{"rendered":"https:\/\/nordicmart.andreevmaster.com\/product\/hojdejusterbart-badmintonnet-med-stativ-2\/"},"modified":"2026-02-27T09:22:07","modified_gmt":"2026-02-27T09:22:07","slug":"hojdejusterbart-badmintonnet-med-stativ-2","status":"publish","type":"product","link":"https:\/\/nordicmart.andreevmaster.com\/da\/vare\/hojdejusterbart-badmintonnet-med-stativ-2\/","title":{"rendered":"H\u00f8jdejusterbart badmintonnet med stativ"},"content":{"rendered":"<p>Produktbeskrivelse: S\u00e6t dit badmintonnet op hvor som helst og n\u00e5r som helst, s\u00e5 du og din familie kan nyde at spille. Detaljer om produktet: &#8211; Materiale: jernr\u00f8r + PE-net + Oxford-stof &#8211; Jernr\u00f8renes diameter: 19 mm &#8211; Produktm\u00e5l: 300 x 155 x 103 cm (B x H x D) &#8211; Farve: sort (ramme); sort (net)Leveringsomfang:- 1x badmintonnet- 1x b\u00e6retaske- 4x jords\u00f8m- 1x brugsanvisning (DE, EN, FR, IT, ES)<\/p>\n","protected":false},"excerpt":{"rendered":"<p>Produktbeskrivelse: S\u00e6t dit badmintonnet op hvor som helst og n\u00e5r som helst, s\u00e5 du og din familie kan nyde at spille. Detaljer om produktet: &#8211; Materiale: jernr\u00f8r + PE-net + Oxford-stof &#8211; Jernr\u00f8renes diameter: 19 mm &#8211; Produktm\u00e5l: 300 x 155 x 103 cm (B x H x D) &#8211; Farve: sort (ramme); sort (net)Leveringsomfang:- [&hellip;]<\/p>\n","protected":false},"featured_media":0,"comment_status":"open","ping_status":"closed","template":"","meta":[],"product_brand":[],"product_cat":[31],"product_tag":[],"class_list":{"0":"post-29169","1":"product","2":"type-product","3":"status-publish","5":"product_cat-uncategorized-da","7":"first","8":"instock","9":"shipping-taxable","10":"product-type-simple"},"_links":{"self":[{"href":"https:\/\/nordicmart.andreevmaster.com\/da\/wp-json\/wp\/v2\/product\/29169","targetHints":{"allow":["GET"]}}],"collection":[{"href":"https:\/\/nordicmart.andreevmaster.com\/da\/wp-json\/wp\/v2\/product"}],"about":[{"href":"https:\/\/nordicmart.andreevmaster.com\/da\/wp-json\/wp\/v2\/types\/product"}],"replies":[{"embeddable":true,"href":"https:\/\/nordicmart.andreevmaster.com\/da\/wp-json\/wp\/v2\/comments?post=29169"}],"wp:attachment":[{"href":"https:\/\/nordicmart.andreevmaster.com\/da\/wp-json\/wp\/v2\/media?parent=29169"}],"wp:term":[{"taxonomy":"product_brand","embeddable":true,"href":"https:\/\/nordicmart.andreevmaster.com\/da\/wp-json\/wp\/v2\/product_brand?post=29169"},{"taxonomy":"product_cat","embeddable":true,"href":"https:\/\/nordicmart.andreevmaster.com\/da\/wp-json\/wp\/v2\/product_cat?post=29169"},{"taxonomy":"product_tag","embeddable":true,"href":"https:\/\/nordicmart.andreevmaster.com\/da\/wp-json\/wp\/v2\/product_tag?post=29169"}],"curies":[{"name":"wp","href":"https:\/\/api.w.org\/{rel}","templated":true}]}}