{"id":29168,"date":"2026-02-27T00:45:31","date_gmt":"2026-02-27T00:45:31","guid":{"rendered":"https:\/\/nordicmart.andreevmaster.com\/product\/badmintonnet-bla-2\/"},"modified":"2026-02-27T09:22:07","modified_gmt":"2026-02-27T09:22:07","slug":"badmintonnet-bla-2","status":"publish","type":"product","link":"https:\/\/nordicmart.andreevmaster.com\/da\/vare\/badmintonnet-bla-2\/","title":{"rendered":"Badmintonnet bl\u00e5"},"content":{"rendered":"<p>Produktdetaljer:Materiale: Jernr\u00f8r + PE-net + Oxford-stof diameter p\u00e5 jernr\u00f8r: 19 mm Produktm\u00e5l: 300 x 155 x 103 cm (B x H x D) Farve: Sort (ramme), sort (net)Indhold i \u00e6sken:1x badmintonnet, 1x b\u00e6retaske, 4x jords\u00f8m, 1x vejledning (DE, EN, FR, IT, ES).<\/p>\n","protected":false},"excerpt":{"rendered":"<p>Produktdetaljer:Materiale: Jernr\u00f8r + PE-net + Oxford-stof diameter p\u00e5 jernr\u00f8r: 19 mm Produktm\u00e5l: 300 x 155 x 103 cm (B x H x D) Farve: Sort (ramme), sort (net)Indhold i \u00e6sken:1x badmintonnet, 1x b\u00e6retaske, 4x jords\u00f8m, 1x vejledning (DE, EN, FR, IT, ES).<\/p>\n","protected":false},"featured_media":0,"comment_status":"open","ping_status":"closed","template":"","meta":[],"product_brand":[],"product_cat":[31],"product_tag":[],"class_list":{"0":"post-29168","1":"product","2":"type-product","3":"status-publish","5":"product_cat-uncategorized-da","7":"first","8":"instock","9":"shipping-taxable","10":"product-type-simple"},"_links":{"self":[{"href":"https:\/\/nordicmart.andreevmaster.com\/da\/wp-json\/wp\/v2\/product\/29168","targetHints":{"allow":["GET"]}}],"collection":[{"href":"https:\/\/nordicmart.andreevmaster.com\/da\/wp-json\/wp\/v2\/product"}],"about":[{"href":"https:\/\/nordicmart.andreevmaster.com\/da\/wp-json\/wp\/v2\/types\/product"}],"replies":[{"embeddable":true,"href":"https:\/\/nordicmart.andreevmaster.com\/da\/wp-json\/wp\/v2\/comments?post=29168"}],"wp:attachment":[{"href":"https:\/\/nordicmart.andreevmaster.com\/da\/wp-json\/wp\/v2\/media?parent=29168"}],"wp:term":[{"taxonomy":"product_brand","embeddable":true,"href":"https:\/\/nordicmart.andreevmaster.com\/da\/wp-json\/wp\/v2\/product_brand?post=29168"},{"taxonomy":"product_cat","embeddable":true,"href":"https:\/\/nordicmart.andreevmaster.com\/da\/wp-json\/wp\/v2\/product_cat?post=29168"},{"taxonomy":"product_tag","embeddable":true,"href":"https:\/\/nordicmart.andreevmaster.com\/da\/wp-json\/wp\/v2\/product_tag?post=29168"}],"curies":[{"name":"wp","href":"https:\/\/api.w.org\/{rel}","templated":true}]}}