{"id":29118,"date":"2026-02-27T00:45:17","date_gmt":"2026-02-27T00:45:17","guid":{"rendered":"https:\/\/nordicmart.andreevmaster.com\/product\/saet-med-2-stobejerns-handvaegte-justerbare-til-maends-og-kvinders-traening-stalgreb-fitnesstraening-vaegtloftning-hjemmegym-sort\/"},"modified":"2026-02-27T09:21:56","modified_gmt":"2026-02-27T09:21:56","slug":"saet-med-2-stobejerns-handvaegte-justerbare-til-maends-og-kvinders-traening-stalgreb-fitnesstraening-vaegtloftning-hjemmegym-sort","status":"publish","type":"product","link":"https:\/\/nordicmart.andreevmaster.com\/da\/vare\/saet-med-2-stobejerns-handvaegte-justerbare-til-maends-og-kvinders-traening-stalgreb-fitnesstraening-vaegtloftning-hjemmegym-sort\/","title":{"rendered":"S\u00e6t med 2 st\u00f8bejerns h\u00e5ndv\u00e6gte, justerbare til m\u00e6nds og kvinders tr\u00e6ning, st\u00e5lgreb, fitnesstr\u00e6ning, v\u00e6gtl\u00f8ftning, hjemmegym, sort"},"content":{"rendered":"<p>[Fitness m\u00f8der Bekvemmelighed] SONGMICS tr\u00e6ningsv\u00e6gte er designet til at hj\u00e6lpe dig med at holde en ideel kropsform uanset om du er p\u00e5 kontoret eller i hjemmegymmet; start tr\u00e6ningen n\u00e5r som helst.<br \/>\n[St\u00f8bejerns h\u00e5ndv\u00e6gtss\u00e6t] Fremstillet af holdbart st\u00f8bejern, overfladen har spr\u00f8jtemaling og galvaniserede st\u00e6nger; dette h\u00e5ndv\u00e6gtss\u00e6t holder til langvarig brug.<br \/>\n[Anti-Slip Greb] Robuste 14 cm lange grebst\u00e6nger, hvis overflade har skridsikker ringribning, sikrer et sikkert og behageligt greb; 4 spinlock-kraver forhindrer h\u00e5ndv\u00e6gtpladernes klingen<br \/>\n[Justerbar v\u00e6gt] Biceps muskler for at tr\u00e6ne dine arme? Lunges eller squats for at tr\u00e6ne dine ben? Intet problem. Du kan kombinere pladerne frit for at tilfredsstille forskellige tr\u00e6ningskrav<br \/>\n[Hvad du f\u00e5r] 60 kg h\u00e5ndv\u00e6gte (2 x 30 kg) &#8211; 8 x 5 kg plader, 4 x 2,5 kg plader, 4 x 1,25 kg plader, 2 x st\u00e6nger, 4 x spinlocks; leveres i 2 separate pakker.<\/p>\n<p>Kombination af forskellige plader, nemt at tilf\u00f8je eller reducere v\u00e6gt hurtigt20 kg v\u00e6gte kan samles frit til 10 kg, 15 kg og 20 kg h\u00e5ndv\u00e6gte.30 kg v\u00e6gte kan samles frit til 10 kg, 15 kg, 20 kg, 25 kg og 30 kg h\u00e5ndv\u00e6gte.40 kg v\u00e6gte kan samles frit til 10 kg, 15 kg, 20 kg, 25 kg, 30 kg, 35 kg og 40 kg h\u00e5ndv\u00e6gte.50 kg v\u00e6gte kan samles frit til 10 kg, 15 kg, 20 kg, 25 kg, 30 kg, 35 kg, 40 kg, 45 kg og 50 kg h\u00e5ndv\u00e6gte.60 kg v\u00e6gte kan samles frit til 10 kg, 15 kg, 20 kg, 25 kg, 30 kg, 35 kg, 40 kg, 45 kg, 50 kg, 55 kg og 60 kg h\u00e5ndv\u00e6gte.<\/p>\n","protected":false},"excerpt":{"rendered":"<p>[Fitness m\u00f8der Bekvemmelighed] SONGMICS tr\u00e6ningsv\u00e6gte er designet til at hj\u00e6lpe dig med at holde en ideel kropsform uanset om du er p\u00e5 kontoret eller i hjemmegymmet; start tr\u00e6ningen n\u00e5r som helst. [St\u00f8bejerns h\u00e5ndv\u00e6gtss\u00e6t] Fremstillet af holdbart st\u00f8bejern, overfladen har spr\u00f8jtemaling og galvaniserede st\u00e6nger; dette h\u00e5ndv\u00e6gtss\u00e6t holder til langvarig brug. [Anti-Slip Greb] Robuste 14 cm lange [&hellip;]<\/p>\n","protected":false},"featured_media":0,"comment_status":"open","ping_status":"closed","template":"","meta":[],"product_brand":[],"product_cat":[31],"product_tag":[],"class_list":{"0":"post-29118","1":"product","2":"type-product","3":"status-publish","5":"product_cat-uncategorized-da","7":"first","8":"instock","9":"shipping-taxable","10":"product-type-simple"},"_links":{"self":[{"href":"https:\/\/nordicmart.andreevmaster.com\/da\/wp-json\/wp\/v2\/product\/29118","targetHints":{"allow":["GET"]}}],"collection":[{"href":"https:\/\/nordicmart.andreevmaster.com\/da\/wp-json\/wp\/v2\/product"}],"about":[{"href":"https:\/\/nordicmart.andreevmaster.com\/da\/wp-json\/wp\/v2\/types\/product"}],"replies":[{"embeddable":true,"href":"https:\/\/nordicmart.andreevmaster.com\/da\/wp-json\/wp\/v2\/comments?post=29118"}],"wp:attachment":[{"href":"https:\/\/nordicmart.andreevmaster.com\/da\/wp-json\/wp\/v2\/media?parent=29118"}],"wp:term":[{"taxonomy":"product_brand","embeddable":true,"href":"https:\/\/nordicmart.andreevmaster.com\/da\/wp-json\/wp\/v2\/product_brand?post=29118"},{"taxonomy":"product_cat","embeddable":true,"href":"https:\/\/nordicmart.andreevmaster.com\/da\/wp-json\/wp\/v2\/product_cat?post=29118"},{"taxonomy":"product_tag","embeddable":true,"href":"https:\/\/nordicmart.andreevmaster.com\/da\/wp-json\/wp\/v2\/product_tag?post=29118"}],"curies":[{"name":"wp","href":"https:\/\/api.w.org\/{rel}","templated":true}]}}