{"id":29114,"date":"2026-02-27T00:45:16","date_gmt":"2026-02-27T00:45:16","guid":{"rendered":"https:\/\/nordicmart.andreevmaster.com\/product\/stobejerns-handvaegte\/"},"modified":"2026-02-27T09:21:55","modified_gmt":"2026-02-27T09:21:55","slug":"stobejerns-handvaegte","status":"publish","type":"product","link":"https:\/\/nordicmart.andreevmaster.com\/da\/vare\/stobejerns-handvaegte\/","title":{"rendered":"st\u00f8bejerns h\u00e5ndv\u00e6gte"},"content":{"rendered":"<p>Tr\u00e6ning m\u00f8der komfort: SONGMICS tr\u00e6ningsudstyr er designet til at hj\u00e6lpe dig med at forme din krop. Hvad enten det er fra kontoret eller fitnesscentret, kan tr\u00e6ningen begynde n\u00e5r som helst &#8211; hvor som helst!<\/p>\n<p>St\u00f8bejerns v\u00e6gtplader: Tunge st\u00f8bejernsplader, pulverlakeret overflade, galvaniserede st\u00e6nger &#8211; disse h\u00e5ndv\u00e6gte garanterer lang levetid<\/p>\n<p>Skridsikre greb: Robuste st\u00e6nger, hvis overflade har skridsikker ribning, sikrer et sikkert og komfortabelt greb. 4 stjerne l\u00e5se forhindrer v\u00e6gtpladernes irriterende klingen.<\/p>\n<p>Fleksible h\u00e5ndv\u00e6gte: Leder du efter at opbygge armstyrke? Vil du styrke l\u00e5renes og ballernes muskler? Dette h\u00e5ndv\u00e6gtss\u00e6t kommer dig til unds\u00e6tning<\/p>\n<p>Hvad du f\u00e5r: 50kg h\u00e5ndv\u00e6gte (2 x 25kg) &#8211; 4 x 5kg skiver, 8 x 2,5kg skiver, 4 x 1,25kg skiver, 2 x stangst\u00e6nger, 4 x sternel\u00e5se; produktet leveres i 2 pakker.<\/p>\n<p>Specifikationer:- Farve: Sort &#8211; Materiale: Malet st\u00f8bejernsskive, galvaniseret jernstang, jerngevindl\u00e5s- 4 x 5 kg skiver- 8 x 2,5 kg skiver- 4 x 1,25 kg skiver- 2 x st\u00e6nger- 4 x gevindl\u00e5se<\/p>\n","protected":false},"excerpt":{"rendered":"<p>Tr\u00e6ning m\u00f8der komfort: SONGMICS tr\u00e6ningsudstyr er designet til at hj\u00e6lpe dig med at forme din krop. Hvad enten det er fra kontoret eller fitnesscentret, kan tr\u00e6ningen begynde n\u00e5r som helst &#8211; hvor som helst! St\u00f8bejerns v\u00e6gtplader: Tunge st\u00f8bejernsplader, pulverlakeret overflade, galvaniserede st\u00e6nger &#8211; disse h\u00e5ndv\u00e6gte garanterer lang levetid Skridsikre greb: Robuste st\u00e6nger, hvis overflade har [&hellip;]<\/p>\n","protected":false},"featured_media":0,"comment_status":"open","ping_status":"closed","template":"","meta":[],"product_brand":[],"product_cat":[31],"product_tag":[],"class_list":{"0":"post-29114","1":"product","2":"type-product","3":"status-publish","5":"product_cat-uncategorized-da","7":"first","8":"instock","9":"shipping-taxable","10":"product-type-simple"},"_links":{"self":[{"href":"https:\/\/nordicmart.andreevmaster.com\/da\/wp-json\/wp\/v2\/product\/29114","targetHints":{"allow":["GET"]}}],"collection":[{"href":"https:\/\/nordicmart.andreevmaster.com\/da\/wp-json\/wp\/v2\/product"}],"about":[{"href":"https:\/\/nordicmart.andreevmaster.com\/da\/wp-json\/wp\/v2\/types\/product"}],"replies":[{"embeddable":true,"href":"https:\/\/nordicmart.andreevmaster.com\/da\/wp-json\/wp\/v2\/comments?post=29114"}],"wp:attachment":[{"href":"https:\/\/nordicmart.andreevmaster.com\/da\/wp-json\/wp\/v2\/media?parent=29114"}],"wp:term":[{"taxonomy":"product_brand","embeddable":true,"href":"https:\/\/nordicmart.andreevmaster.com\/da\/wp-json\/wp\/v2\/product_brand?post=29114"},{"taxonomy":"product_cat","embeddable":true,"href":"https:\/\/nordicmart.andreevmaster.com\/da\/wp-json\/wp\/v2\/product_cat?post=29114"},{"taxonomy":"product_tag","embeddable":true,"href":"https:\/\/nordicmart.andreevmaster.com\/da\/wp-json\/wp\/v2\/product_tag?post=29114"}],"curies":[{"name":"wp","href":"https:\/\/api.w.org\/{rel}","templated":true}]}}