{"id":29103,"date":"2026-02-27T00:45:13","date_gmt":"2026-02-27T00:45:13","guid":{"rendered":"https:\/\/nordicmart.andreevmaster.com\/product\/handvaegte-sort-2\/"},"modified":"2026-02-27T09:21:52","modified_gmt":"2026-02-27T09:21:52","slug":"handvaegte-sort-2","status":"publish","type":"product","link":"https:\/\/nordicmart.andreevmaster.com\/da\/vare\/handvaegte-sort-2\/","title":{"rendered":"H\u00e5ndv\u00e6gte sort"},"content":{"rendered":"<p>Det perfekte basisudstyr til dit hjemmegymTilpas din tr\u00e6ningF\u00e5 det bedste ud af din krop! Dette h\u00e5ndv\u00e6gtss\u00e6t er skr\u00e6ddersyet til dine individuelle m\u00e5l, styrker og evner. Du kan nemt tilpasse det samlede v\u00e6gts\u00e6t fra SONGMICS til dine behov ved at tilf\u00f8je eller fjerne v\u00e6gtskiver med forskellige v\u00e6gte. Uanset om du foretr\u00e6kker armcurls, b\u00e6nkpres, h\u00e5ndv\u00e6gtsroning eller andre \u00f8velser, vil dette s\u00e6t hj\u00e6lpe dig med at opbygge muskler.Velegnet til hverdagsbrugTakket v\u00e6re sandcementblandingen indeni, det robuste PE-plastcover og de skridsikre h\u00e5ndtag, der ligger godt i h\u00e5nden, kan du bruge h\u00e5ndv\u00e6gtss\u00e6ttet p\u00e5 mange forskellige m\u00e5der:V\u00e6gtene, der i alt vejer 20 kg, kan kombineres til at danne h\u00e5ndv\u00e6gte i f\u00f8lgende v\u00e6gtklasser: 5 kg, 6 kg, 10 kg, 11 kg, 15 kg, 16 kg og 20 kg.v\u00e6gtene, som vejer i alt 30 kg, kan kombineres til h\u00e5ndv\u00e6gte i f\u00f8lgende v\u00e6gtklasser: 5 kg, 6 kg, 10 kg, 11 kg, 15 kg, 16 kg, 20 kg, 21 kg, 25 kg, 26 kg og 30 kgV\u00e6gtene p\u00e5 i alt 40 kg kan kombineres til h\u00e5ndv\u00e6gte i f\u00f8lgende v\u00e6gtklasser: 5 kg, 7 kg, 10 kg, 15 kg, 16 kg og 20 kg: 5 kg, 7 kg, 10 kg, 12 kg, 15 kg, 17 kg, 20 kg, 22 kg, 25 kg, 27 kg, 30 kg, 32 kg, 35 kg, 37 kg og 40 kg.SONGMICS Bem\u00e6rkninger:Opbevar ikke h\u00e5ndv\u00e6gtene p\u00e5 et h\u00f8jt sted, f.eks. p\u00e5 den \u00f8verste del af en hylde, da der er risiko for, at de falder ned. Det kan resultere i alvorlige skader.uegnet til b\u00f8rn.brug h\u00e5ndv\u00e6gtene med forsigtighed for at undg\u00e5 skader.s\u00f8rg for, at v\u00e6gtene og m\u00f8trikkerne er skruet godt fast, f\u00f8r du bruger h\u00e5ndv\u00e6gtene.<\/p>\n","protected":false},"excerpt":{"rendered":"<p>Det perfekte basisudstyr til dit hjemmegymTilpas din tr\u00e6ningF\u00e5 det bedste ud af din krop! Dette h\u00e5ndv\u00e6gtss\u00e6t er skr\u00e6ddersyet til dine individuelle m\u00e5l, styrker og evner. Du kan nemt tilpasse det samlede v\u00e6gts\u00e6t fra SONGMICS til dine behov ved at tilf\u00f8je eller fjerne v\u00e6gtskiver med forskellige v\u00e6gte. Uanset om du foretr\u00e6kker armcurls, b\u00e6nkpres, h\u00e5ndv\u00e6gtsroning eller andre [&hellip;]<\/p>\n","protected":false},"featured_media":0,"comment_status":"open","ping_status":"closed","template":"","meta":[],"product_brand":[],"product_cat":[31],"product_tag":[],"class_list":{"0":"post-29103","1":"product","2":"type-product","3":"status-publish","5":"product_cat-uncategorized-da","7":"first","8":"instock","9":"shipping-taxable","10":"product-type-simple"},"_links":{"self":[{"href":"https:\/\/nordicmart.andreevmaster.com\/da\/wp-json\/wp\/v2\/product\/29103","targetHints":{"allow":["GET"]}}],"collection":[{"href":"https:\/\/nordicmart.andreevmaster.com\/da\/wp-json\/wp\/v2\/product"}],"about":[{"href":"https:\/\/nordicmart.andreevmaster.com\/da\/wp-json\/wp\/v2\/types\/product"}],"replies":[{"embeddable":true,"href":"https:\/\/nordicmart.andreevmaster.com\/da\/wp-json\/wp\/v2\/comments?post=29103"}],"wp:attachment":[{"href":"https:\/\/nordicmart.andreevmaster.com\/da\/wp-json\/wp\/v2\/media?parent=29103"}],"wp:term":[{"taxonomy":"product_brand","embeddable":true,"href":"https:\/\/nordicmart.andreevmaster.com\/da\/wp-json\/wp\/v2\/product_brand?post=29103"},{"taxonomy":"product_cat","embeddable":true,"href":"https:\/\/nordicmart.andreevmaster.com\/da\/wp-json\/wp\/v2\/product_cat?post=29103"},{"taxonomy":"product_tag","embeddable":true,"href":"https:\/\/nordicmart.andreevmaster.com\/da\/wp-json\/wp\/v2\/product_tag?post=29103"}],"curies":[{"name":"wp","href":"https:\/\/api.w.org\/{rel}","templated":true}]}}