{"id":29098,"date":"2026-02-27T00:45:11","date_gmt":"2026-02-27T00:45:11","guid":{"rendered":"https:\/\/nordicmart.andreevmaster.com\/product\/2-i-1-handvaegtssaet-2-x-10-kg-justerbare-vaegte-i-stobejern-med-ekstra-vaegtstang-i-stal-fitnesstraening-vaegtloftning-i-hjemmegym-sort\/"},"modified":"2026-02-27T09:21:51","modified_gmt":"2026-02-27T09:21:51","slug":"2-i-1-handvaegtssaet-2-x-10-kg-justerbare-vaegte-i-stobejern-med-ekstra-vaegtstang-i-stal-fitnesstraening-vaegtloftning-i-hjemmegym-sort","status":"publish","type":"product","link":"https:\/\/nordicmart.andreevmaster.com\/da\/vare\/2-i-1-handvaegtssaet-2-x-10-kg-justerbare-vaegte-i-stobejern-med-ekstra-vaegtstang-i-stal-fitnesstraening-vaegtloftning-i-hjemmegym-sort\/","title":{"rendered":"2-i-1 h\u00e5ndv\u00e6gtss\u00e6t, 2 x 10 kg justerbare v\u00e6gte i st\u00f8bejern, med ekstra v\u00e6gtstang i st\u00e5l, fitnesstr\u00e6ning, v\u00e6gtl\u00f8ftning, i hjemmegym, sort"},"content":{"rendered":"<p>[Fitness m\u00f8der bekvemmelighed] SONGMICS tr\u00e6ningsudstyr er designet til at hj\u00e6lpe dig med at holde en ideel kropsform, uanset om du er p\u00e5 kontoret eller i hjemmet; bare f\u00e5 tr\u00e6ningen i gang, n\u00e5r du har lyst.<\/p>\n<p>[Justerbar v\u00e6gt] 8 plader (4 x 2,5 kg, 4 x 1,25 kg) giver dig mulighed for at justere v\u00e6gten til forskellige tr\u00e6ningss\u00e6t; dette s\u00e6t med 2 h\u00e5ndv\u00e6gte kan kombineres til en 20 kg v\u00e6gtstang<\/p>\n<p>[Lavet til at holde] Dette h\u00e5ndv\u00e6gtss\u00e6t er lavet af kvalitetsst\u00f8bejern med spr\u00f8jtemaling p\u00e5 overfladen og galvaniserede st\u00e6nger, og det er robust og holdbart i mange \u00e5r fremover.<\/p>\n<p>[Ekstra v\u00e6gtstang] Der medf\u00f8lger en ekstra v\u00e6gtstang p\u00e5 30 cm, s\u00e5 du kan forvandle h\u00e5ndv\u00e6gtss\u00e6ttet til en almindelig v\u00e6gtstang og tr\u00e6ne med flere forskellige bev\u00e6gelsesm\u00f8nstre.<\/p>\n<p>[Sikkert greb] Med rifling p\u00e5 overfladen er den 14 cm lange h\u00e5ndv\u00e6gtstang skridsikker og sikrer et behageligt greb; desuden l\u00e5ser 4 spinlock-kraver sikkert for at holde h\u00e5ndv\u00e6gtskiverne p\u00e5 plads<\/p>\n<p>SONGMICS tilbyder fitnesstilbeh\u00f8r af h\u00f8j kvalitet til dem, der arbejder p\u00e5 at opn\u00e5 en ideel kropsform. Vores h\u00e5ndv\u00e6gtss\u00e6t er designet til at give dig en optimal tr\u00e6ningsoplevelse uden tids- og pladsbegr\u00e6nsninger, s\u00e5 du kan: &#8230;&#8230; personligg\u00f8re din tr\u00e6ning: Forskellige skiver g\u00f8r det muligt at tilpasse v\u00e6gtene til din tr\u00e6ningsintensitet ved blot at kombinere dem, s\u00e5 du sparer penge og plads til ekstra v\u00e6gte&#8230;. dette h\u00e5ndv\u00e6gtss\u00e6t til en v\u00e6gtstang: Det s\u00e6rlige forbindelsesstykke, der f\u00f8lger med i leveringen, giver dig en v\u00e6gtstang p\u00e5 ingen tid. Det giver dig endnu flere muligheder for at opbygge musklerne i forskellige dele af kroppen og opn\u00e5 bedre tr\u00e6ningsresultater.Produktdetaljer:Farve: SortMateriale: Pulverlakerede st\u00f8bejernsskiver, galvaniserede jernst\u00e6nger, jernstjernebeslagLeveringsomfang:4 x 2,5 kg skive4 x 1,25 kg skive2 x stang4 x stjernebeslag1 x forbindelsesr\u00f8r1 x tilbeh\u00f8rspakkeSONGMICS Bem\u00e6rkninger:F\u00f8r du bruger h\u00e5ndv\u00e6gtene, skal du p\u00e5f\u00f8re en rustbeskyttelsesolie p\u00e5 overfladen.Af sikkerhedsm\u00e6ssige \u00e5rsager m\u00e5 du ikke opbevare h\u00e5ndv\u00e6gtene p\u00e5 h\u00f8je steder, hvor de kan rulle ned.Lad ikke b\u00f8rn lege med h\u00e5ndv\u00e6gtene.L\u00e6g h\u00e5ndv\u00e6gtene forsigtigt fra dig efter tr\u00e6ning for at undg\u00e5 skader.<\/p>\n","protected":false},"excerpt":{"rendered":"<p>[Fitness m\u00f8der bekvemmelighed] SONGMICS tr\u00e6ningsudstyr er designet til at hj\u00e6lpe dig med at holde en ideel kropsform, uanset om du er p\u00e5 kontoret eller i hjemmet; bare f\u00e5 tr\u00e6ningen i gang, n\u00e5r du har lyst. [Justerbar v\u00e6gt] 8 plader (4 x 2,5 kg, 4 x 1,25 kg) giver dig mulighed for at justere v\u00e6gten til [&hellip;]<\/p>\n","protected":false},"featured_media":0,"comment_status":"open","ping_status":"closed","template":"","meta":[],"product_brand":[],"product_cat":[31],"product_tag":[],"class_list":{"0":"post-29098","1":"product","2":"type-product","3":"status-publish","5":"product_cat-uncategorized-da","7":"first","8":"instock","9":"shipping-taxable","10":"product-type-simple"},"_links":{"self":[{"href":"https:\/\/nordicmart.andreevmaster.com\/da\/wp-json\/wp\/v2\/product\/29098","targetHints":{"allow":["GET"]}}],"collection":[{"href":"https:\/\/nordicmart.andreevmaster.com\/da\/wp-json\/wp\/v2\/product"}],"about":[{"href":"https:\/\/nordicmart.andreevmaster.com\/da\/wp-json\/wp\/v2\/types\/product"}],"replies":[{"embeddable":true,"href":"https:\/\/nordicmart.andreevmaster.com\/da\/wp-json\/wp\/v2\/comments?post=29098"}],"wp:attachment":[{"href":"https:\/\/nordicmart.andreevmaster.com\/da\/wp-json\/wp\/v2\/media?parent=29098"}],"wp:term":[{"taxonomy":"product_brand","embeddable":true,"href":"https:\/\/nordicmart.andreevmaster.com\/da\/wp-json\/wp\/v2\/product_brand?post=29098"},{"taxonomy":"product_cat","embeddable":true,"href":"https:\/\/nordicmart.andreevmaster.com\/da\/wp-json\/wp\/v2\/product_cat?post=29098"},{"taxonomy":"product_tag","embeddable":true,"href":"https:\/\/nordicmart.andreevmaster.com\/da\/wp-json\/wp\/v2\/product_tag?post=29098"}],"curies":[{"name":"wp","href":"https:\/\/api.w.org\/{rel}","templated":true}]}}