{"id":29095,"date":"2026-02-27T00:45:10","date_gmt":"2026-02-27T00:45:10","guid":{"rendered":"https:\/\/nordicmart.andreevmaster.com\/product\/handvaegtssaet-20-kg-sort\/"},"modified":"2026-02-27T09:21:50","modified_gmt":"2026-02-27T09:21:50","slug":"handvaegtssaet-20-kg-sort","status":"publish","type":"product","link":"https:\/\/nordicmart.andreevmaster.com\/da\/vare\/handvaegtssaet-20-kg-sort\/","title":{"rendered":"H\u00e5ndv\u00e6gtss\u00e6t 20 kg sort"},"content":{"rendered":"<p>Det perfekte basisudstyr til dit hjemmegymTilpas din tr\u00e6ningF\u00e5 det bedste ud af din krop! Dette h\u00e5ndv\u00e6gtss\u00e6t er skr\u00e6ddersyet til dine individuelle m\u00e5l, styrker og evner. Du kan nemt tilpasse det samlede v\u00e6gts\u00e6t fra SONGMICS til dine behov ved at tilf\u00f8je eller fjerne v\u00e6gtskiver med forskellige v\u00e6gte. Uanset om du foretr\u00e6kker armcurls, b\u00e6nkpres, h\u00e5ndv\u00e6gtsroning eller andre \u00f8velser, vil dette s\u00e6t hj\u00e6lpe dig med at opbygge muskler.Egnet til daglig brugTakket v\u00e6re sand-cementblandingen indeni, det robuste PE-plastovertr\u00e6k og de komfortable, skridsikre h\u00e5ndtag kan du nemt bruge h\u00e5ndv\u00e6gtss\u00e6ttet hver dag.ProduktdetaljerFarve: SortMateriale: Jernstang, v\u00e6gtskiver med fyld af cementblanding og PE-hylsterDiameter p\u00e5 skivehul: 2,6 cmSt\u00f8rrelse p\u00e5 v\u00e6gtstang: 2,5 x 50,5 cm (diameter x l\u00e6ngde)L\u00e6ngde p\u00e5 h\u00e5ndtag: 12 cmV\u00e6gt af v\u00e6gtstang og stjernegrebsm\u00f8trik: 1 kg<\/p>\n","protected":false},"excerpt":{"rendered":"<p>Det perfekte basisudstyr til dit hjemmegymTilpas din tr\u00e6ningF\u00e5 det bedste ud af din krop! Dette h\u00e5ndv\u00e6gtss\u00e6t er skr\u00e6ddersyet til dine individuelle m\u00e5l, styrker og evner. Du kan nemt tilpasse det samlede v\u00e6gts\u00e6t fra SONGMICS til dine behov ved at tilf\u00f8je eller fjerne v\u00e6gtskiver med forskellige v\u00e6gte. Uanset om du foretr\u00e6kker armcurls, b\u00e6nkpres, h\u00e5ndv\u00e6gtsroning eller andre [&hellip;]<\/p>\n","protected":false},"featured_media":0,"comment_status":"open","ping_status":"closed","template":"","meta":[],"product_brand":[],"product_cat":[31],"product_tag":[],"class_list":{"0":"post-29095","1":"product","2":"type-product","3":"status-publish","5":"product_cat-uncategorized-da","7":"first","8":"instock","9":"shipping-taxable","10":"product-type-simple"},"_links":{"self":[{"href":"https:\/\/nordicmart.andreevmaster.com\/da\/wp-json\/wp\/v2\/product\/29095","targetHints":{"allow":["GET"]}}],"collection":[{"href":"https:\/\/nordicmart.andreevmaster.com\/da\/wp-json\/wp\/v2\/product"}],"about":[{"href":"https:\/\/nordicmart.andreevmaster.com\/da\/wp-json\/wp\/v2\/types\/product"}],"replies":[{"embeddable":true,"href":"https:\/\/nordicmart.andreevmaster.com\/da\/wp-json\/wp\/v2\/comments?post=29095"}],"wp:attachment":[{"href":"https:\/\/nordicmart.andreevmaster.com\/da\/wp-json\/wp\/v2\/media?parent=29095"}],"wp:term":[{"taxonomy":"product_brand","embeddable":true,"href":"https:\/\/nordicmart.andreevmaster.com\/da\/wp-json\/wp\/v2\/product_brand?post=29095"},{"taxonomy":"product_cat","embeddable":true,"href":"https:\/\/nordicmart.andreevmaster.com\/da\/wp-json\/wp\/v2\/product_cat?post=29095"},{"taxonomy":"product_tag","embeddable":true,"href":"https:\/\/nordicmart.andreevmaster.com\/da\/wp-json\/wp\/v2\/product_tag?post=29095"}],"curies":[{"name":"wp","href":"https:\/\/api.w.org\/{rel}","templated":true}]}}