{"id":29077,"date":"2026-02-27T00:45:05","date_gmt":"2026-02-27T00:45:05","guid":{"rendered":"https:\/\/nordicmart.andreevmaster.com\/product\/swanderful-stribes-lagen-40x90\/"},"modified":"2026-02-27T09:21:46","modified_gmt":"2026-02-27T09:21:46","slug":"swanderful-stribes-lagen-40x90","status":"publish","type":"product","link":"https:\/\/nordicmart.andreevmaster.com\/da\/vare\/swanderful-stribes-lagen-40x90\/","title":{"rendered":"Swan&#8217;derful Stribes lagen 40&#215;90"},"content":{"rendered":"<p>Lagnet af h\u00f8j kvalitet bomuld. Det gr\u00e5 og hvide prim\u00e6re farveskema p\u00e5 lagenet betyder, at det matcher n\u00e6sten enhver seng og er egnet til en dreng eller en pige.<br \/>\nDet diagonale stribem\u00f8nster er dynamisk og vil vedligeholde interessen. Det bringer et st\u00e6nk af farve selv til et simpelt, moderne sengedesign, b\u00e5de til en pige eller en dreng.<br \/>\nLagnet holder til madrassen meget godt p\u00e5 grund af det veltilpassede elastikb\u00e5nd, hvilket sikrer komfortabel s\u00f8vn for dit barn. Bomulden, der bruges i dets fremstilling, er sk\u00e5nsom mod et barns eller nyf\u00f8dt&#8217;s hud. <\/p>\n<p>**Detaljer:**<br \/>\n\u2022 designet og fremstillet i Polen<br \/>\n\u2022 trykte elementer falmer ikke (selv efter gentagne vaske)<br \/>\n\u2022 100 % bomuld med en tr\u00e5dv\u00e6gt p\u00e5 150 g\/m2 og et Oeko-Tex Standard 100 IW 00034 certifikat<br \/>\n\u2022 vasketemperatur: 30\u02da C<\/p>\n<p>**St\u00f8rrelse:<br \/>\n**- 40&#215;90**<\/p>\n<p>Tilg\u00e6ngelige st\u00f8rrelser:**<br \/>\n\u2022 60&#215;120 cm<br \/>\n\u2022 90&#215;200 cm<\/p>\n","protected":false},"excerpt":{"rendered":"<p>Lagnet af h\u00f8j kvalitet bomuld. Det gr\u00e5 og hvide prim\u00e6re farveskema p\u00e5 lagenet betyder, at det matcher n\u00e6sten enhver seng og er egnet til en dreng eller en pige. Det diagonale stribem\u00f8nster er dynamisk og vil vedligeholde interessen. Det bringer et st\u00e6nk af farve selv til et simpelt, moderne sengedesign, b\u00e5de til en pige eller [&hellip;]<\/p>\n","protected":false},"featured_media":0,"comment_status":"open","ping_status":"closed","template":"","meta":[],"product_brand":[],"product_cat":[31],"product_tag":[],"class_list":{"0":"post-29077","1":"product","2":"type-product","3":"status-publish","5":"product_cat-uncategorized-da","7":"first","8":"instock","9":"shipping-taxable","10":"purchasable","11":"product-type-simple"},"_links":{"self":[{"href":"https:\/\/nordicmart.andreevmaster.com\/da\/wp-json\/wp\/v2\/product\/29077","targetHints":{"allow":["GET"]}}],"collection":[{"href":"https:\/\/nordicmart.andreevmaster.com\/da\/wp-json\/wp\/v2\/product"}],"about":[{"href":"https:\/\/nordicmart.andreevmaster.com\/da\/wp-json\/wp\/v2\/types\/product"}],"replies":[{"embeddable":true,"href":"https:\/\/nordicmart.andreevmaster.com\/da\/wp-json\/wp\/v2\/comments?post=29077"}],"wp:attachment":[{"href":"https:\/\/nordicmart.andreevmaster.com\/da\/wp-json\/wp\/v2\/media?parent=29077"}],"wp:term":[{"taxonomy":"product_brand","embeddable":true,"href":"https:\/\/nordicmart.andreevmaster.com\/da\/wp-json\/wp\/v2\/product_brand?post=29077"},{"taxonomy":"product_cat","embeddable":true,"href":"https:\/\/nordicmart.andreevmaster.com\/da\/wp-json\/wp\/v2\/product_cat?post=29077"},{"taxonomy":"product_tag","embeddable":true,"href":"https:\/\/nordicmart.andreevmaster.com\/da\/wp-json\/wp\/v2\/product_tag?post=29077"}],"curies":[{"name":"wp","href":"https:\/\/api.w.org\/{rel}","templated":true}]}}