{"id":29012,"date":"2026-02-27T00:44:45","date_gmt":"2026-02-27T00:44:45","guid":{"rendered":"https:\/\/nordicmart.andreevmaster.com\/product\/kantafdaekning-til-o-427-cm-trampolin-2\/"},"modified":"2026-02-27T09:21:31","modified_gmt":"2026-02-27T09:21:31","slug":"kantafdaekning-til-o-427-cm-trampolin-2","status":"publish","type":"product","link":"https:\/\/nordicmart.andreevmaster.com\/da\/vare\/kantafdaekning-til-o-427-cm-trampolin-2\/","title":{"rendered":"Kantafd\u00e6kning til \u00d8 427 cm trampolin"},"content":{"rendered":"<p>En ekstra dosis sikkerhedMed kantovertr\u00e6kket fra SONGMICS kan du lade dine b\u00f8rn hoppe p\u00e5 trampolinen med ro i sindet, velvidende at det tykke EPE-skum og det robuste PVC-betr\u00e6k giver fremragende beskyttelse mod skader. Denne m\u00e5tte er designet til at beskytte dig mod smertefuld kontakt med trampolinens fjedre og giver en ekstra dosis sikkerhed for en lang levetidForudsat at den behandles med omhu, beh\u00f8ver den runde sikkerhedsm\u00e5tte ikke at blive udskiftet hvert \u00e5r. Den slidst\u00e6rke, UV- og vandafvisende 310 g\/m\u00b2 PVC-overflade (500D), det 15 mm tykke EPE-skum, undersiden i h\u00f8j kvalitet af 130 g\/m\u00b2 PE og dygtigt placerede s\u00f8mme sikrer, at dette trampolintilbeh\u00f8r holder i lang tid.Find den perfekte st\u00f8rrelseBestem venligst diameteren p\u00e5 din trampolin, f\u00f8r du k\u00f8ber, s\u00e5 kantafd\u00e6kningen passer perfekt. Dette SONGMICS-produkt er velegnet til alle trampoliner i standardst\u00f8rrelseProduktdetaljer:- Farve: Bl\u00e5- Materiale: 310 g\/m\u00b2 PVC (500D), 15 mm EPE-skum, 130 g\/m\u00b2 PE- St\u00f8rrelse: \u00d8 427 cm- V\u00e6gt: 3,5 kgLeveringsomfang:- 1 x trampolinkantovertr\u00e6kSONGMICS Bem\u00e6rkninger:- M\u00e5l venligst diameteren p\u00e5 din trampolin til den yderste kant af trampolinrammen (ikke kun til fjedrene), f\u00f8r du k\u00f8ber, for at bestemme den korrekte st\u00f8rrelse p\u00e5 beskyttelsesovertr\u00e6kket &#8211; F\u00f8lg venligst sikkerhedsinstruktionerne for dette produkt &#8211; Kun kantovertr\u00e6kket er inkluderet, ikke selve trampolinen.<\/p>\n","protected":false},"excerpt":{"rendered":"<p>En ekstra dosis sikkerhedMed kantovertr\u00e6kket fra SONGMICS kan du lade dine b\u00f8rn hoppe p\u00e5 trampolinen med ro i sindet, velvidende at det tykke EPE-skum og det robuste PVC-betr\u00e6k giver fremragende beskyttelse mod skader. Denne m\u00e5tte er designet til at beskytte dig mod smertefuld kontakt med trampolinens fjedre og giver en ekstra dosis sikkerhed for en [&hellip;]<\/p>\n","protected":false},"featured_media":0,"comment_status":"open","ping_status":"closed","template":"","meta":[],"product_brand":[],"product_cat":[31],"product_tag":[],"class_list":{"0":"post-29012","1":"product","2":"type-product","3":"status-publish","5":"product_cat-uncategorized-da","7":"first","8":"instock","9":"shipping-taxable","10":"product-type-simple"},"_links":{"self":[{"href":"https:\/\/nordicmart.andreevmaster.com\/da\/wp-json\/wp\/v2\/product\/29012","targetHints":{"allow":["GET"]}}],"collection":[{"href":"https:\/\/nordicmart.andreevmaster.com\/da\/wp-json\/wp\/v2\/product"}],"about":[{"href":"https:\/\/nordicmart.andreevmaster.com\/da\/wp-json\/wp\/v2\/types\/product"}],"replies":[{"embeddable":true,"href":"https:\/\/nordicmart.andreevmaster.com\/da\/wp-json\/wp\/v2\/comments?post=29012"}],"wp:attachment":[{"href":"https:\/\/nordicmart.andreevmaster.com\/da\/wp-json\/wp\/v2\/media?parent=29012"}],"wp:term":[{"taxonomy":"product_brand","embeddable":true,"href":"https:\/\/nordicmart.andreevmaster.com\/da\/wp-json\/wp\/v2\/product_brand?post=29012"},{"taxonomy":"product_cat","embeddable":true,"href":"https:\/\/nordicmart.andreevmaster.com\/da\/wp-json\/wp\/v2\/product_cat?post=29012"},{"taxonomy":"product_tag","embeddable":true,"href":"https:\/\/nordicmart.andreevmaster.com\/da\/wp-json\/wp\/v2\/product_tag?post=29012"}],"curies":[{"name":"wp","href":"https:\/\/api.w.org\/{rel}","templated":true}]}}