{"id":28973,"date":"2026-02-27T00:44:33","date_gmt":"2026-02-27T00:44:33","guid":{"rendered":"https:\/\/nordicmart.andreevmaster.com\/product\/skinnende-stjerne-sengeudstyr-saet-med-fyld-storrelse-m\/"},"modified":"2026-02-27T09:21:22","modified_gmt":"2026-02-27T09:21:22","slug":"skinnende-stjerne-sengeudstyr-saet-med-fyld-storrelse-m","status":"publish","type":"product","link":"https:\/\/nordicmart.andreevmaster.com\/da\/vare\/skinnende-stjerne-sengeudstyr-saet-med-fyld-storrelse-m\/","title":{"rendered":"Skinnende Stjerne sengeudstyr s\u00e6t med fyld st\u00f8rrelse M"},"content":{"rendered":"<p>Et smukt og delikat sengeudstyr s\u00e6t egnet til en dreng eller en pige. Den sidste touch gives af den s\u00f8lvfarvede piping, som vi har tilf\u00f8jet til dyne og pude. <\/p>\n<p>Sengeudstyret er let, delikat og absorberer ikke fugt, takket v\u00e6re dets hypoallergene silicon fiber fyld. De h\u00f8j kvalitet betr\u00e6k lavet af certificeret bomuld er \u00e5ndbare og sikrer en hyggelig s\u00f8vn for dit barn.<\/p>\n<p>Sengeudstyret, inklusive fyldet, kan maskinvaskes, hvilket g\u00f8r det praktisk og hygiejnisk. <\/p>\n<p>**Detaljer:**<br \/>\n&#8211; designet og fremstillet i Polen<br \/>\n&#8211; trykte elementer falmer ikke (selv efter gentagne vaske)<br \/>\n&#8211; originale stjerne designs p\u00e5 begge sider af betr\u00e6kket<br \/>\n&#8211; 100 % bomuld med en tr\u00e5dv\u00e6gt p\u00e5 150 g\/m2 og et Oeko-Tex Standard 100 IW00034 certifikat; hypoallergen 200g\/m2 silicon fiber<br \/>\n&#8211; vasketemperatur: 30\u02da C<\/p>\n<p>**St\u00f8rrelse:**<br \/>\nPude: 40&#215;60 cm<br \/>\nDyne: 100&#215;135 cm<br \/>\nTil sm\u00e5 b\u00f8rn (fra 0 til 5 \u00e5r):<\/p>\n<p>**Anbefales til dette s\u00e6t:**<br \/>\nTilbeh\u00f8r til dette sengeudstyr s\u00e6t:<br \/>\n\u2022 stjerne m\u00f8nster pique betr\u00e6k i en af to tilg\u00e6ngelige farver: cremehvid eller delikat gr\u00e5<br \/>\n\u2022 lagen med stjerner eller diagonale striber<\/p>\n","protected":false},"excerpt":{"rendered":"<p>Et smukt og delikat sengeudstyr s\u00e6t egnet til en dreng eller en pige. Den sidste touch gives af den s\u00f8lvfarvede piping, som vi har tilf\u00f8jet til dyne og pude. Sengeudstyret er let, delikat og absorberer ikke fugt, takket v\u00e6re dets hypoallergene silicon fiber fyld. De h\u00f8j kvalitet betr\u00e6k lavet af certificeret bomuld er \u00e5ndbare og [&hellip;]<\/p>\n","protected":false},"featured_media":0,"comment_status":"open","ping_status":"closed","template":"","meta":[],"product_brand":[],"product_cat":[31],"product_tag":[],"class_list":{"0":"post-28973","1":"product","2":"type-product","3":"status-publish","5":"product_cat-uncategorized-da","7":"first","8":"instock","9":"shipping-taxable","10":"purchasable","11":"product-type-simple"},"_links":{"self":[{"href":"https:\/\/nordicmart.andreevmaster.com\/da\/wp-json\/wp\/v2\/product\/28973","targetHints":{"allow":["GET"]}}],"collection":[{"href":"https:\/\/nordicmart.andreevmaster.com\/da\/wp-json\/wp\/v2\/product"}],"about":[{"href":"https:\/\/nordicmart.andreevmaster.com\/da\/wp-json\/wp\/v2\/types\/product"}],"replies":[{"embeddable":true,"href":"https:\/\/nordicmart.andreevmaster.com\/da\/wp-json\/wp\/v2\/comments?post=28973"}],"wp:attachment":[{"href":"https:\/\/nordicmart.andreevmaster.com\/da\/wp-json\/wp\/v2\/media?parent=28973"}],"wp:term":[{"taxonomy":"product_brand","embeddable":true,"href":"https:\/\/nordicmart.andreevmaster.com\/da\/wp-json\/wp\/v2\/product_brand?post=28973"},{"taxonomy":"product_cat","embeddable":true,"href":"https:\/\/nordicmart.andreevmaster.com\/da\/wp-json\/wp\/v2\/product_cat?post=28973"},{"taxonomy":"product_tag","embeddable":true,"href":"https:\/\/nordicmart.andreevmaster.com\/da\/wp-json\/wp\/v2\/product_tag?post=28973"}],"curies":[{"name":"wp","href":"https:\/\/api.w.org\/{rel}","templated":true}]}}