{"id":28972,"date":"2026-02-27T00:44:32","date_gmt":"2026-02-27T00:44:32","guid":{"rendered":"https:\/\/nordicmart.andreevmaster.com\/product\/skinnende-stjerne-dekorations-pude\/"},"modified":"2026-02-27T09:21:22","modified_gmt":"2026-02-27T09:21:22","slug":"skinnende-stjerne-dekorations-pude","status":"publish","type":"product","link":"https:\/\/nordicmart.andreevmaster.com\/da\/vare\/skinnende-stjerne-dekorations-pude\/","title":{"rendered":"Skinnende stjerne dekorations pude"},"content":{"rendered":"<p>Dekorations stjerne pude Skinnende stjerne:<\/p>\n<p>&#8211; den r\u00e5 klipning g\u00f8r puden i en naturlig stil<br \/>\n&#8211; den vil dekorere ethvert b\u00f8rnev\u00e6relse<br \/>\n&#8211; meget god l\u00f8sning til andre interi\u00f8rer f.eks stue eller for\u00e6ldres sovev\u00e6relse<br \/>\n&#8211; meget bl\u00f8d og behagelig at r\u00f8re ved. **Detaljer:**<br \/>\n&#8211; designet og fremstillet i Polen<br \/>\n&#8211; trykte elementer falmer ikke (selv efter gentagne vaske)<br \/>\n&#8211; 100 % bomuld med en tr\u00e5dv\u00e6gt p\u00e5 150 g\/m2 og et Oeko-Tex Standard 100 IW 00034<br \/>\n&#8211; certifikat; hypoallergen 200g\/m2 silicon fiber<br \/>\n&#8211; vasketemperatur: 30\u02da C **St\u00f8rrelse**: fi 50<\/p>\n","protected":false},"excerpt":{"rendered":"<p>Dekorations stjerne pude Skinnende stjerne: &#8211; den r\u00e5 klipning g\u00f8r puden i en naturlig stil &#8211; den vil dekorere ethvert b\u00f8rnev\u00e6relse &#8211; meget god l\u00f8sning til andre interi\u00f8rer f.eks stue eller for\u00e6ldres sovev\u00e6relse &#8211; meget bl\u00f8d og behagelig at r\u00f8re ved. **Detaljer:** &#8211; designet og fremstillet i Polen &#8211; trykte elementer falmer ikke (selv efter [&hellip;]<\/p>\n","protected":false},"featured_media":0,"comment_status":"open","ping_status":"closed","template":"","meta":[],"product_brand":[],"product_cat":[31],"product_tag":[],"class_list":{"0":"post-28972","1":"product","2":"type-product","3":"status-publish","5":"product_cat-uncategorized-da","7":"first","8":"instock","9":"shipping-taxable","10":"purchasable","11":"product-type-simple"},"_links":{"self":[{"href":"https:\/\/nordicmart.andreevmaster.com\/da\/wp-json\/wp\/v2\/product\/28972","targetHints":{"allow":["GET"]}}],"collection":[{"href":"https:\/\/nordicmart.andreevmaster.com\/da\/wp-json\/wp\/v2\/product"}],"about":[{"href":"https:\/\/nordicmart.andreevmaster.com\/da\/wp-json\/wp\/v2\/types\/product"}],"replies":[{"embeddable":true,"href":"https:\/\/nordicmart.andreevmaster.com\/da\/wp-json\/wp\/v2\/comments?post=28972"}],"wp:attachment":[{"href":"https:\/\/nordicmart.andreevmaster.com\/da\/wp-json\/wp\/v2\/media?parent=28972"}],"wp:term":[{"taxonomy":"product_brand","embeddable":true,"href":"https:\/\/nordicmart.andreevmaster.com\/da\/wp-json\/wp\/v2\/product_brand?post=28972"},{"taxonomy":"product_cat","embeddable":true,"href":"https:\/\/nordicmart.andreevmaster.com\/da\/wp-json\/wp\/v2\/product_cat?post=28972"},{"taxonomy":"product_tag","embeddable":true,"href":"https:\/\/nordicmart.andreevmaster.com\/da\/wp-json\/wp\/v2\/product_tag?post=28972"}],"curies":[{"name":"wp","href":"https:\/\/api.w.org\/{rel}","templated":true}]}}