{"id":28971,"date":"2026-02-27T00:44:32","date_gmt":"2026-02-27T00:44:32","guid":{"rendered":"https:\/\/nordicmart.andreevmaster.com\/product\/linned-2-sidet-maskerings-flonce-under-madrassen-skinnende-stjerne\/"},"modified":"2026-02-27T09:21:22","modified_gmt":"2026-02-27T09:21:22","slug":"linned-2-sidet-maskerings-flonce-under-madrassen-skinnende-stjerne","status":"publish","type":"product","link":"https:\/\/nordicmart.andreevmaster.com\/da\/vare\/linned-2-sidet-maskerings-flonce-under-madrassen-skinnende-stjerne\/","title":{"rendered":"Linned 2-sidet maskerings flonce under madrassen skinnende stjerne"},"content":{"rendered":"<p>Linned 2-sidet\/3-sidet maskerings flonce under madrassen. <\/p>\n<p>Detaljer:<br \/>\n &#8211; perfekt til at skjule alt indhold i skuffen n\u00e5r basen er p\u00e5 den h\u00f8je position,<br \/>\n &#8211; nem at samle,<br \/>\n &#8211; du kan d\u00e6kke en, to eller tre dele af sengesider \u2013 afh\u00e6ngigt af hvordan du har brug for det (option at k\u00f8be),<br \/>\n &#8211; nemt justerbar h\u00f8jde (for afstanden 65 cm),<br \/>\n &#8211; hold babyens seng i charmerende og ren stil,<br \/>\n &#8211; meget bl\u00f8d og behagelig at r\u00f8re ved. <\/p>\n<p>St\u00f8rrelser:<br \/>\n &#8211; base: 70&#215;140<br \/>\n &#8211; h\u00f8jde: 35cm <\/p>\n<p>Materiale: <\/p>\n<p>&#8211; 100 % bomuld med en tr\u00e5dv\u00e6gt p\u00e5 150 g\/m2 med en Oeko-TEX Standard 100 certifikat<\/p>\n<p>Vaskeinstruktioner:<br \/>\n &#8211; maskinvask ved 40\u00b0<br \/>\n &#8211; stryg ved temperaturer ikke h\u00f8jere end 110\u00b0<br \/>\n &#8211; m\u00e5 ikke bleges<br \/>\n &#8211; m\u00e5 ikke maskint\u00f8rres<\/p>\n","protected":false},"excerpt":{"rendered":"<p>Linned 2-sidet\/3-sidet maskerings flonce under madrassen. Detaljer: &#8211; perfekt til at skjule alt indhold i skuffen n\u00e5r basen er p\u00e5 den h\u00f8je position, &#8211; nem at samle, &#8211; du kan d\u00e6kke en, to eller tre dele af sengesider \u2013 afh\u00e6ngigt af hvordan du har brug for det (option at k\u00f8be), &#8211; nemt justerbar h\u00f8jde (for [&hellip;]<\/p>\n","protected":false},"featured_media":0,"comment_status":"open","ping_status":"closed","template":"","meta":[],"product_brand":[],"product_cat":[31],"product_tag":[],"class_list":{"0":"post-28971","1":"product","2":"type-product","3":"status-publish","5":"product_cat-uncategorized-da","7":"first","8":"instock","9":"shipping-taxable","10":"purchasable","11":"product-type-simple"},"_links":{"self":[{"href":"https:\/\/nordicmart.andreevmaster.com\/da\/wp-json\/wp\/v2\/product\/28971","targetHints":{"allow":["GET"]}}],"collection":[{"href":"https:\/\/nordicmart.andreevmaster.com\/da\/wp-json\/wp\/v2\/product"}],"about":[{"href":"https:\/\/nordicmart.andreevmaster.com\/da\/wp-json\/wp\/v2\/types\/product"}],"replies":[{"embeddable":true,"href":"https:\/\/nordicmart.andreevmaster.com\/da\/wp-json\/wp\/v2\/comments?post=28971"}],"wp:attachment":[{"href":"https:\/\/nordicmart.andreevmaster.com\/da\/wp-json\/wp\/v2\/media?parent=28971"}],"wp:term":[{"taxonomy":"product_brand","embeddable":true,"href":"https:\/\/nordicmart.andreevmaster.com\/da\/wp-json\/wp\/v2\/product_brand?post=28971"},{"taxonomy":"product_cat","embeddable":true,"href":"https:\/\/nordicmart.andreevmaster.com\/da\/wp-json\/wp\/v2\/product_cat?post=28971"},{"taxonomy":"product_tag","embeddable":true,"href":"https:\/\/nordicmart.andreevmaster.com\/da\/wp-json\/wp\/v2\/product_tag?post=28971"}],"curies":[{"name":"wp","href":"https:\/\/api.w.org\/{rel}","templated":true}]}}