{"id":28970,"date":"2026-02-27T00:44:32","date_gmt":"2026-02-27T00:44:32","guid":{"rendered":"https:\/\/nordicmart.andreevmaster.com\/product\/so-sixty-skuffe-90x200\/"},"modified":"2026-02-27T09:21:21","modified_gmt":"2026-02-27T09:21:21","slug":"so-sixty-skuffe-90x200","status":"publish","type":"product","link":"https:\/\/nordicmart.andreevmaster.com\/da\/vare\/so-sixty-skuffe-90x200\/","title":{"rendered":"So sixty skuffe 90&#215;200"},"content":{"rendered":"<p>Egenskaber: <\/p>\n<p>&#8211; forst\u00e6rket bund, som kan bruges som et opbevaringsrum og ekstra soveomr\u00e5de <\/p>\n<p>&#8211; gulv-beskyttende d\u00e6k hjul <\/p>\n<p>&#8211; fremstillet i henhold til de europ\u00e6iske sikkerhedsstandarder og normer <\/p>\n<p>M\u00e5l (cm):<br \/>\n l\u00e6ngde: 192.7<br \/>\n bredde: 83.2<br \/>\n h\u00f8jde: 20.8 <\/p>\n<p> Yderligere oplysninger:<br \/>\n   &#8211; 80 cm x 180 cm x 10 cm<br \/>\n madras passer til skuffen &#8211; op til 100 kg styrke af skuffen <\/p>\n<p>Design og finish:<br \/>\n &#8211; h\u00f8j kvalitet laminatplade modstandsdygtig over for skader og fugt, let at holde ren <\/p>\n<p>  Farve:<br \/>\n &#8211; hvid <\/p>\n<p>Brugsanvisning:  <\/p>\n<p>M\u00f8blerne skal t\u00f8rres af med en bl\u00f8d bomuldsklud fugtet med vand eller et m\u00f8belplejeprodukt. <\/p>\n<p>Yderligere oplysninger:<br \/>\n M\u00f8blerne leveres i pakker til selvmontering. Detaljerede samlevejledninger findes i pakkerne sammen med udstyret. (bolte, osv.)<\/p>\n","protected":false},"excerpt":{"rendered":"<p>Egenskaber: &#8211; forst\u00e6rket bund, som kan bruges som et opbevaringsrum og ekstra soveomr\u00e5de &#8211; gulv-beskyttende d\u00e6k hjul &#8211; fremstillet i henhold til de europ\u00e6iske sikkerhedsstandarder og normer M\u00e5l (cm): l\u00e6ngde: 192.7 bredde: 83.2 h\u00f8jde: 20.8 Yderligere oplysninger: &#8211; 80 cm x 180 cm x 10 cm madras passer til skuffen &#8211; op til 100 kg [&hellip;]<\/p>\n","protected":false},"featured_media":0,"comment_status":"open","ping_status":"closed","template":"","meta":[],"product_brand":[],"product_cat":[31],"product_tag":[],"class_list":{"0":"post-28970","1":"product","2":"type-product","3":"status-publish","5":"product_cat-uncategorized-da","7":"first","8":"instock","9":"shipping-taxable","10":"purchasable","11":"product-type-simple"},"_links":{"self":[{"href":"https:\/\/nordicmart.andreevmaster.com\/da\/wp-json\/wp\/v2\/product\/28970","targetHints":{"allow":["GET"]}}],"collection":[{"href":"https:\/\/nordicmart.andreevmaster.com\/da\/wp-json\/wp\/v2\/product"}],"about":[{"href":"https:\/\/nordicmart.andreevmaster.com\/da\/wp-json\/wp\/v2\/types\/product"}],"replies":[{"embeddable":true,"href":"https:\/\/nordicmart.andreevmaster.com\/da\/wp-json\/wp\/v2\/comments?post=28970"}],"wp:attachment":[{"href":"https:\/\/nordicmart.andreevmaster.com\/da\/wp-json\/wp\/v2\/media?parent=28970"}],"wp:term":[{"taxonomy":"product_brand","embeddable":true,"href":"https:\/\/nordicmart.andreevmaster.com\/da\/wp-json\/wp\/v2\/product_brand?post=28970"},{"taxonomy":"product_cat","embeddable":true,"href":"https:\/\/nordicmart.andreevmaster.com\/da\/wp-json\/wp\/v2\/product_cat?post=28970"},{"taxonomy":"product_tag","embeddable":true,"href":"https:\/\/nordicmart.andreevmaster.com\/da\/wp-json\/wp\/v2\/product_tag?post=28970"}],"curies":[{"name":"wp","href":"https:\/\/api.w.org\/{rel}","templated":true}]}}