{"id":28969,"date":"2026-02-27T00:44:31","date_gmt":"2026-02-27T00:44:31","guid":{"rendered":"https:\/\/nordicmart.andreevmaster.com\/product\/so-sixty-reol\/"},"modified":"2026-02-27T09:21:21","modified_gmt":"2026-02-27T09:21:21","slug":"so-sixty-reol","status":"publish","type":"product","link":"https:\/\/nordicmart.andreevmaster.com\/da\/vare\/so-sixty-reol\/","title":{"rendered":"So sixty reol"},"content":{"rendered":"<p>Egenskaber:<br \/>\n &#8211; to rummelige skuffer<br \/>\n &#8211; skuffer og skab inkluderer et &#8220;push-to-open&#8221; system-<br \/>\n&#8211; l\u00e5sbart skab med justerbar hylde &#8211; 3 hylder, hvoraf en kan justeres<br \/>\n&#8211; to rum til h\u00f8je b\u00f8ger, mapper osv.<br \/>\n&#8211; v\u00e6gmonterbar &#8211; anbefales<br \/>\n&#8211; fremstillet i henhold til de europ\u00e6iske sikkerhedsstandarder og normer<\/p>\n<p> M\u00e5l (cm):<br \/>\n h\u00f8jde: 190<br \/>\n dybde: 44<br \/>\n bredde: 100 <\/p>\n<p>Materialer og finish:<br \/>\n &#8211; h\u00f8j kvalitet laminatplade modstandsdygtig over for skader og fugt, let at holde ren<br \/>\n &#8211; lakeret birk krydsfiner <\/p>\n<p>De lakker, der bruges som en del af produktionen, er sikre for b\u00f8rn og certificeret i overensstemmelse med EN71\/3  <\/p>\n<p>Farve:<br \/>\n hvid \/birk <\/p>\n<p>Brugsanvisning:  <\/p>\n<p>M\u00f8blerne skal t\u00f8rres af med en bl\u00f8d bomuldsklud fugtet med vand eller et m\u00f8belplejeprodukt.<\/p>\n<p> Samling:<br \/>\n M\u00f8blerne leveres i pakker til selvmontering. Detaljerede samlevejledninger findes i pakkerne sammen med udstyret.<\/p>\n","protected":false},"excerpt":{"rendered":"<p>Egenskaber: &#8211; to rummelige skuffer &#8211; skuffer og skab inkluderer et &#8220;push-to-open&#8221; system- &#8211; l\u00e5sbart skab med justerbar hylde &#8211; 3 hylder, hvoraf en kan justeres &#8211; to rum til h\u00f8je b\u00f8ger, mapper osv. &#8211; v\u00e6gmonterbar &#8211; anbefales &#8211; fremstillet i henhold til de europ\u00e6iske sikkerhedsstandarder og normer M\u00e5l (cm): h\u00f8jde: 190 dybde: 44 bredde: [&hellip;]<\/p>\n","protected":false},"featured_media":0,"comment_status":"open","ping_status":"closed","template":"","meta":[],"product_brand":[],"product_cat":[31],"product_tag":[],"class_list":{"0":"post-28969","1":"product","2":"type-product","3":"status-publish","5":"product_cat-uncategorized-da","7":"first","8":"instock","9":"shipping-taxable","10":"purchasable","11":"product-type-simple"},"_links":{"self":[{"href":"https:\/\/nordicmart.andreevmaster.com\/da\/wp-json\/wp\/v2\/product\/28969","targetHints":{"allow":["GET"]}}],"collection":[{"href":"https:\/\/nordicmart.andreevmaster.com\/da\/wp-json\/wp\/v2\/product"}],"about":[{"href":"https:\/\/nordicmart.andreevmaster.com\/da\/wp-json\/wp\/v2\/types\/product"}],"replies":[{"embeddable":true,"href":"https:\/\/nordicmart.andreevmaster.com\/da\/wp-json\/wp\/v2\/comments?post=28969"}],"wp:attachment":[{"href":"https:\/\/nordicmart.andreevmaster.com\/da\/wp-json\/wp\/v2\/media?parent=28969"}],"wp:term":[{"taxonomy":"product_brand","embeddable":true,"href":"https:\/\/nordicmart.andreevmaster.com\/da\/wp-json\/wp\/v2\/product_brand?post=28969"},{"taxonomy":"product_cat","embeddable":true,"href":"https:\/\/nordicmart.andreevmaster.com\/da\/wp-json\/wp\/v2\/product_cat?post=28969"},{"taxonomy":"product_tag","embeddable":true,"href":"https:\/\/nordicmart.andreevmaster.com\/da\/wp-json\/wp\/v2\/product_tag?post=28969"}],"curies":[{"name":"wp","href":"https:\/\/api.w.org\/{rel}","templated":true}]}}