{"id":28968,"date":"2026-02-27T00:44:31","date_gmt":"2026-02-27T00:44:31","guid":{"rendered":"https:\/\/nordicmart.andreevmaster.com\/product\/so-sixty-pusleenhed\/"},"modified":"2026-02-27T09:21:21","modified_gmt":"2026-02-27T09:21:21","slug":"so-sixty-pusleenhed","status":"publish","type":"product","link":"https:\/\/nordicmart.andreevmaster.com\/da\/vare\/so-sixty-pusleenhed\/","title":{"rendered":"So sixty pusleenhed"},"content":{"rendered":"<p>Egenskaber:<br \/>\n &#8211; sikkert, praktisk og komfortabelt sted som g\u00f8r det lettere at skifte babyens bleer udvider overfladen af kommoden, s\u00e5 barnet er sikkert og alle plejeprodukter er inden for r\u00e6kkevidde passer perfekt til so sixty kommoden<br \/>\n &#8211; b\u00e5de samling og adskillelse er meget hurtig og nem; efter fjernelse ingen m\u00e6rker tilbage p\u00e5 kommoden<br \/>\n kan monteres p\u00e5 venstre og h\u00f8jre side samt i midten af kommoden<br \/>\n &#8211; overholder de europ\u00e6iske sikkerhedsstandarder og normer <\/p>\n<p>M\u00e5l (cm):<br \/>\n l\u00e6ngde: 78.7<br \/>\n bredde: 60.2<br \/>\n h\u00f8jde: 6<\/p>\n<p> Yderligere oplysninger &#8211;<br \/>\n   tekstilindsatse \/ puslem\u00e5tter med maksimale m\u00e5l p\u00e5 56 cm x 75 cm<br \/>\n kan fastg\u00f8res til pusleenheden maksimal v\u00e6gt af et barn p\u00e5 pusleenheden: 15kg <\/p>\n<p> Materialer og finish<br \/>\n h\u00f8j kvalitet laminatplade modstandsdygtig over for skader og fugt, let at holde ren<\/p>\n<p> Farve:<br \/>\n  &#8211; birk <\/p>\n<p>Brugsanvisning: <\/p>\n<p>M\u00f8blerne skal t\u00f8rres af med en bl\u00f8d bomuldsklud fugtet med vand eller et m\u00f8belplejeprodukt.<\/p>\n<p> Samling:<br \/>\n M\u00f8blerne leveres i pakker til selvmontering. Detaljerede samlevejledninger findes i pakkerne sammen med udstyret.<\/p>\n","protected":false},"excerpt":{"rendered":"<p>Egenskaber: &#8211; sikkert, praktisk og komfortabelt sted som g\u00f8r det lettere at skifte babyens bleer udvider overfladen af kommoden, s\u00e5 barnet er sikkert og alle plejeprodukter er inden for r\u00e6kkevidde passer perfekt til so sixty kommoden &#8211; b\u00e5de samling og adskillelse er meget hurtig og nem; efter fjernelse ingen m\u00e6rker tilbage p\u00e5 kommoden kan monteres [&hellip;]<\/p>\n","protected":false},"featured_media":0,"comment_status":"open","ping_status":"closed","template":"","meta":[],"product_brand":[],"product_cat":[31],"product_tag":[],"class_list":{"0":"post-28968","1":"product","2":"type-product","3":"status-publish","5":"product_cat-uncategorized-da","7":"first","8":"instock","9":"shipping-taxable","10":"purchasable","11":"product-type-simple"},"_links":{"self":[{"href":"https:\/\/nordicmart.andreevmaster.com\/da\/wp-json\/wp\/v2\/product\/28968","targetHints":{"allow":["GET"]}}],"collection":[{"href":"https:\/\/nordicmart.andreevmaster.com\/da\/wp-json\/wp\/v2\/product"}],"about":[{"href":"https:\/\/nordicmart.andreevmaster.com\/da\/wp-json\/wp\/v2\/types\/product"}],"replies":[{"embeddable":true,"href":"https:\/\/nordicmart.andreevmaster.com\/da\/wp-json\/wp\/v2\/comments?post=28968"}],"wp:attachment":[{"href":"https:\/\/nordicmart.andreevmaster.com\/da\/wp-json\/wp\/v2\/media?parent=28968"}],"wp:term":[{"taxonomy":"product_brand","embeddable":true,"href":"https:\/\/nordicmart.andreevmaster.com\/da\/wp-json\/wp\/v2\/product_brand?post=28968"},{"taxonomy":"product_cat","embeddable":true,"href":"https:\/\/nordicmart.andreevmaster.com\/da\/wp-json\/wp\/v2\/product_cat?post=28968"},{"taxonomy":"product_tag","embeddable":true,"href":"https:\/\/nordicmart.andreevmaster.com\/da\/wp-json\/wp\/v2\/product_tag?post=28968"}],"curies":[{"name":"wp","href":"https:\/\/api.w.org\/{rel}","templated":true}]}}