{"id":28967,"date":"2026-02-27T00:44:31","date_gmt":"2026-02-27T00:44:31","guid":{"rendered":"https:\/\/nordicmart.andreevmaster.com\/product\/so-sixty-sovesofa-90x200-1\/"},"modified":"2026-02-27T09:21:21","modified_gmt":"2026-02-27T09:21:21","slug":"so-sixty-sovesofa-90x200-1","status":"publish","type":"product","link":"https:\/\/nordicmart.andreevmaster.com\/da\/vare\/so-sixty-sovesofa-90x200-1\/","title":{"rendered":"So sixty sovesofa 90&#215;200 (1)"},"content":{"rendered":"<p>Egenskaber: <\/p>\n<p>&#8211; hylde til b\u00f8ger, telefon, yndlingst\u00e6ppe, osv.<br \/>\n &#8211; to rummelige skuffer p\u00e5 filt skinner<br \/>\n&#8211; stor nederste skuffe med forst\u00e6rket bund s\u00e5 den kan fungere som en ekstra seng<br \/>\n&#8211; gulv-beskyttende nederste skuffe med d\u00e6k hjul<br \/>\n&#8211; standard st\u00f8rrelse af det \u00f8verste soveomr\u00e5de<br \/>\n&#8211; madras og tekstiler kan nemt matches<br \/>\n&#8211;  sengen er indbygget p\u00e5 3 sider, s\u00e5 den om dagen kan fungere som en sofa<br \/>\n&#8211; tr\u00e6ramme til madras inkluderet<br \/>\n&#8211; en sikkerhedsr\u00e6ling mod fald ud kan tilf\u00f8jes til sengen (option)<br \/>\n&#8211; fremstillet i henhold til de europ\u00e6iske sikkerhedsstandarder og normer  <\/p>\n<p>M\u00e5l (cm): <\/p>\n<p>l\u00e6ngde: 203<br \/>\n bredde: 94<br \/>\n h\u00f8jde: 77<\/p>\n<p> Yderligere oplysninger:<br \/>\n   &#8211; 80 cm x 180 cm madras kan matches; med en 8 cm madras h\u00f8jde, kan den opbevares i skuffen sammen med senget\u00f8jet. Maksimal madras h\u00f8jde i en skuffe er 14 cm. <\/p>\n<p>&#8211; styrke af skuffe op til 100 kg Maksimal h\u00f8jde af en madras i en skuffe er 14 cm.<br \/>\n &#8211; styrke af skuffe op til 100 kg <\/p>\n<p> Design og finish:<br \/>\n &#8211; h\u00f8j kvalitet laminatplade modstandsdygtig over for skader og fugt, let at holde ren <\/p>\n<p>  Farve:<br \/>\n &#8211; hvid\/birk <\/p>\n<p>Brugsanvisning:  <\/p>\n<p>M\u00f8blerne skal t\u00f8rres af med en bl\u00f8d bomuldsklud fugtet med vand eller et m\u00f8belplejeprodukt. <\/p>\n<p>Yderligere oplysninger:<br \/>\n M\u00f8blerne leveres i pakker til selvmontering. Detaljerede samlevejledninger findes i pakkerne sammen med udstyret. (bolte, osv.)<\/p>\n","protected":false},"excerpt":{"rendered":"<p>Egenskaber: &#8211; hylde til b\u00f8ger, telefon, yndlingst\u00e6ppe, osv. &#8211; to rummelige skuffer p\u00e5 filt skinner &#8211; stor nederste skuffe med forst\u00e6rket bund s\u00e5 den kan fungere som en ekstra seng &#8211; gulv-beskyttende nederste skuffe med d\u00e6k hjul &#8211; standard st\u00f8rrelse af det \u00f8verste soveomr\u00e5de &#8211; madras og tekstiler kan nemt matches &#8211; sengen er indbygget [&hellip;]<\/p>\n","protected":false},"featured_media":0,"comment_status":"open","ping_status":"closed","template":"","meta":[],"product_brand":[],"product_cat":[31],"product_tag":[],"class_list":{"0":"post-28967","1":"product","2":"type-product","3":"status-publish","5":"product_cat-uncategorized-da","7":"first","8":"instock","9":"shipping-taxable","10":"purchasable","11":"product-type-simple"},"_links":{"self":[{"href":"https:\/\/nordicmart.andreevmaster.com\/da\/wp-json\/wp\/v2\/product\/28967","targetHints":{"allow":["GET"]}}],"collection":[{"href":"https:\/\/nordicmart.andreevmaster.com\/da\/wp-json\/wp\/v2\/product"}],"about":[{"href":"https:\/\/nordicmart.andreevmaster.com\/da\/wp-json\/wp\/v2\/types\/product"}],"replies":[{"embeddable":true,"href":"https:\/\/nordicmart.andreevmaster.com\/da\/wp-json\/wp\/v2\/comments?post=28967"}],"wp:attachment":[{"href":"https:\/\/nordicmart.andreevmaster.com\/da\/wp-json\/wp\/v2\/media?parent=28967"}],"wp:term":[{"taxonomy":"product_brand","embeddable":true,"href":"https:\/\/nordicmart.andreevmaster.com\/da\/wp-json\/wp\/v2\/product_brand?post=28967"},{"taxonomy":"product_cat","embeddable":true,"href":"https:\/\/nordicmart.andreevmaster.com\/da\/wp-json\/wp\/v2\/product_cat?post=28967"},{"taxonomy":"product_tag","embeddable":true,"href":"https:\/\/nordicmart.andreevmaster.com\/da\/wp-json\/wp\/v2\/product_tag?post=28967"}],"curies":[{"name":"wp","href":"https:\/\/api.w.org\/{rel}","templated":true}]}}