{"id":28966,"date":"2026-02-27T00:44:31","date_gmt":"2026-02-27T00:44:31","guid":{"rendered":"https:\/\/nordicmart.andreevmaster.com\/product\/so-sixty-babyseng-70x140-udvidelig-til-70x160\/"},"modified":"2026-02-27T09:21:21","modified_gmt":"2026-02-27T09:21:21","slug":"so-sixty-babyseng-70x140-udvidelig-til-70x160","status":"publish","type":"product","link":"https:\/\/nordicmart.andreevmaster.com\/da\/vare\/so-sixty-babyseng-70x140-udvidelig-til-70x160\/","title":{"rendered":"So sixty babyseng 70&#215;140 udvidelig til 70&#215;160"},"content":{"rendered":"<p>Egenskaber:<br \/>\n &#8211; overholder de europ\u00e6iske sikkerhedsstandarder og normer<br \/>\n &#8211; tre aftagelige st\u00e6nger som en del af en ramme p\u00e5 sengen enabling dit barn at komme ind og ud af sengen frit          &#8211; tre-niveau positionering af madras ramme tilpasset &#8211; barnets udvikling (56 \/43 \/27 cm fra gulvet)<br \/>\n&#8211; kan omdannes til en sofa<br \/>\n&#8211; kan omdannes til en sofa<br \/>\n&#8211; kan udvides til 166 cm ; dens levetid kan forl\u00e6nges op til ca. 8 \u00e5r<br \/>\n&#8211; eco smart- et skrivebord til barnet kan dannes ved genbrug af dele af sengen<br \/>\n-en sikkerhedsr\u00e6ling kan k\u00f8bes for at forhindre fald ud (valgfrit)<\/p>\n<p> M\u00e5l (cm):<br \/>\n l\u00e6ngde: 144 &#8211; 166<br \/>\n bredde: 74<br \/>\n h\u00f8jde: 92 <\/p>\n<p> Yderligere oplysninger &#8211;<br \/>\n&#8211; madras med f\u00f8lgende m\u00e5l passer til sengen: 140 cm x 70 cm<br \/>\n &#8211; madras med f\u00f8lgende m\u00e5l passer til sofaen: 70 cm x 160 cm<br \/>\n &#8211; levetid: op til ca. 8 \u00e5r.<\/p>\n<p> Materialer og finish:<br \/>\n &#8211; h\u00f8j kvalitet laminatplade modstandsdygtig over for skader og fugt, let at holde ren <\/p>\n<p>-lakeret birk krydsfiner <\/p>\n<p>&#8211; lakeret b\u00f8getr\u00e6 <\/p>\n<p>&#8211; b\u00f8ge krydsfiner <\/p>\n<p>De lakker, der bruges som en del af produktionen, er sikre for b\u00f8rn og certificeret i overensstemmelse med EN71\/3 <\/p>\n<p>Farve:<br \/>\n hvid \/birk <\/p>\n<p> Brugsanvisning:  <\/p>\n<p>M\u00f8blerne skal t\u00f8rres af med en bl\u00f8d bomuldsklud fugtet med vand eller et m\u00f8belplejeprodukt.<\/p>\n<p> Samling:<br \/>\n M\u00f8blerne leveres i pakker til selvmontering. Detaljerede samlevejledninger findes i pakkerne sammen med udstyret.<\/p>\n","protected":false},"excerpt":{"rendered":"<p>Egenskaber: &#8211; overholder de europ\u00e6iske sikkerhedsstandarder og normer &#8211; tre aftagelige st\u00e6nger som en del af en ramme p\u00e5 sengen enabling dit barn at komme ind og ud af sengen frit &#8211; tre-niveau positionering af madras ramme tilpasset &#8211; barnets udvikling (56 \/43 \/27 cm fra gulvet) &#8211; kan omdannes til en sofa &#8211; kan [&hellip;]<\/p>\n","protected":false},"featured_media":0,"comment_status":"open","ping_status":"closed","template":"","meta":[],"product_brand":[],"product_cat":[31],"product_tag":[],"class_list":{"0":"post-28966","1":"product","2":"type-product","3":"status-publish","5":"product_cat-uncategorized-da","7":"first","8":"instock","9":"shipping-taxable","10":"purchasable","11":"product-type-simple"},"_links":{"self":[{"href":"https:\/\/nordicmart.andreevmaster.com\/da\/wp-json\/wp\/v2\/product\/28966","targetHints":{"allow":["GET"]}}],"collection":[{"href":"https:\/\/nordicmart.andreevmaster.com\/da\/wp-json\/wp\/v2\/product"}],"about":[{"href":"https:\/\/nordicmart.andreevmaster.com\/da\/wp-json\/wp\/v2\/types\/product"}],"replies":[{"embeddable":true,"href":"https:\/\/nordicmart.andreevmaster.com\/da\/wp-json\/wp\/v2\/comments?post=28966"}],"wp:attachment":[{"href":"https:\/\/nordicmart.andreevmaster.com\/da\/wp-json\/wp\/v2\/media?parent=28966"}],"wp:term":[{"taxonomy":"product_brand","embeddable":true,"href":"https:\/\/nordicmart.andreevmaster.com\/da\/wp-json\/wp\/v2\/product_brand?post=28966"},{"taxonomy":"product_cat","embeddable":true,"href":"https:\/\/nordicmart.andreevmaster.com\/da\/wp-json\/wp\/v2\/product_cat?post=28966"},{"taxonomy":"product_tag","embeddable":true,"href":"https:\/\/nordicmart.andreevmaster.com\/da\/wp-json\/wp\/v2\/product_tag?post=28966"}],"curies":[{"name":"wp","href":"https:\/\/api.w.org\/{rel}","templated":true}]}}