{"id":28965,"date":"2026-02-27T00:44:30","date_gmt":"2026-02-27T00:44:30","guid":{"rendered":"https:\/\/nordicmart.andreevmaster.com\/product\/so-sixty-skab-pa-hjul\/"},"modified":"2026-02-27T09:21:20","modified_gmt":"2026-02-27T09:21:20","slug":"so-sixty-skab-pa-hjul","status":"publish","type":"product","link":"https:\/\/nordicmart.andreevmaster.com\/da\/vare\/so-sixty-skab-pa-hjul\/","title":{"rendered":"So sixty skab p\u00e5 hjul"},"content":{"rendered":"<p>Egenskaber: <\/p>\n<p>&#8211; mobilitet<br \/>\n&#8211; hjul med d\u00e6k, sikre for gulvet<br \/>\n&#8211; 2 rummelige skuffer p\u00e5 skinner<br \/>\n&#8211; bordplade stop s\u00e5 genstande p\u00e5 skabet ikke falder af<br \/>\n&#8211; fremstillet i henhold til europ\u00e6iske standarder og sikkerhedsnormer<br \/>\n&#8211; passer perfekt under skrivebordet so sixty p\u00e5 h\u00f8jeste position af bordpladen <\/p>\n<p>M\u00e5l (cm):<br \/>\n h\u00f8jde: 55.2<br \/>\n dybde: 54<br \/>\n bredde: 40.6 <\/p>\n<p>Materialer og finish : <\/p>\n<p>&#8211; h\u00f8j kvalitet laminatplade modstandsdygtig over for skader og fugt, let at holde ren <\/p>\n<p>Farve:<br \/>\n hvid \/birk <\/p>\n<p>Brugsanvisning:  <\/p>\n<p>M\u00f8blerne skal t\u00f8rres af med en bl\u00f8d bomuldsklud fugtet med vand eller et m\u00f8belplejeprodukt.<\/p>\n<p> Samling:<br \/>\n  M\u00f8blerne leveres i pakker til selvmontering. Detaljerede samlevejledninger findes i pakkerne sammen med udstyret.<\/p>\n","protected":false},"excerpt":{"rendered":"<p>Egenskaber: &#8211; mobilitet &#8211; hjul med d\u00e6k, sikre for gulvet &#8211; 2 rummelige skuffer p\u00e5 skinner &#8211; bordplade stop s\u00e5 genstande p\u00e5 skabet ikke falder af &#8211; fremstillet i henhold til europ\u00e6iske standarder og sikkerhedsnormer &#8211; passer perfekt under skrivebordet so sixty p\u00e5 h\u00f8jeste position af bordpladen M\u00e5l (cm): h\u00f8jde: 55.2 dybde: 54 bredde: 40.6 [&hellip;]<\/p>\n","protected":false},"featured_media":0,"comment_status":"open","ping_status":"closed","template":"","meta":[],"product_brand":[],"product_cat":[31],"product_tag":[],"class_list":{"0":"post-28965","1":"product","2":"type-product","3":"status-publish","5":"product_cat-uncategorized-da","7":"first","8":"instock","9":"shipping-taxable","10":"purchasable","11":"product-type-simple"},"_links":{"self":[{"href":"https:\/\/nordicmart.andreevmaster.com\/da\/wp-json\/wp\/v2\/product\/28965","targetHints":{"allow":["GET"]}}],"collection":[{"href":"https:\/\/nordicmart.andreevmaster.com\/da\/wp-json\/wp\/v2\/product"}],"about":[{"href":"https:\/\/nordicmart.andreevmaster.com\/da\/wp-json\/wp\/v2\/types\/product"}],"replies":[{"embeddable":true,"href":"https:\/\/nordicmart.andreevmaster.com\/da\/wp-json\/wp\/v2\/comments?post=28965"}],"wp:attachment":[{"href":"https:\/\/nordicmart.andreevmaster.com\/da\/wp-json\/wp\/v2\/media?parent=28965"}],"wp:term":[{"taxonomy":"product_brand","embeddable":true,"href":"https:\/\/nordicmart.andreevmaster.com\/da\/wp-json\/wp\/v2\/product_brand?post=28965"},{"taxonomy":"product_cat","embeddable":true,"href":"https:\/\/nordicmart.andreevmaster.com\/da\/wp-json\/wp\/v2\/product_cat?post=28965"},{"taxonomy":"product_tag","embeddable":true,"href":"https:\/\/nordicmart.andreevmaster.com\/da\/wp-json\/wp\/v2\/product_tag?post=28965"}],"curies":[{"name":"wp","href":"https:\/\/api.w.org\/{rel}","templated":true}]}}