{"id":28954,"date":"2026-02-27T00:44:27","date_gmt":"2026-02-27T00:44:27","guid":{"rendered":"https:\/\/nordicmart.andreevmaster.com\/product\/bornesengeudstyr-sky-adventure-bomuld-140x200-cm\/"},"modified":"2026-02-27T09:21:18","modified_gmt":"2026-02-27T09:21:18","slug":"bornesengeudstyr-sky-adventure-bomuld-140x200-cm","status":"publish","type":"product","link":"https:\/\/nordicmart.andreevmaster.com\/da\/vare\/bornesengeudstyr-sky-adventure-bomuld-140x200-cm\/","title":{"rendered":"B\u00f8rnesengeudstyr &#8220;Sky Adventure&#8221; bomuld 140&#215;200 cm"},"content":{"rendered":"<p>Sengeudstyr lavet af 100% h\u00f8j kvalitet bomuld med OEKO-TEX Standard 100 certificering garanterer exceptionel komfort og holdbarhed. Stoffet er bl\u00f8dt men modstandsdygtigt over for slid, hvilket sikrer langvarig brug. S\u00e6ttet inkluderer pude- og dynebetr\u00e6k, uden fyld. <\/p>\n<p>Bomulden, der bruges i dette sengeudstyr, er et naturligt, hudvenligt materiale. Dens \u00e5ndbarhed giver komfort gennem hele natten. Det er holdbart, bliver bl\u00f8dere med hver vask og er let at pleje. OEKO-TEX Standard 100 certificering sikrer, at bomulden er fri for skadelige stoffer. <\/p>\n<p>Produceret i Polen med st\u00f8rste omhu, er sengeudstyret pakket i en praktisk bomuldspose med samme m\u00f8nster, hvilket g\u00f8r det ideelt til opbevaring af b\u00f8rns sm\u00e5ting. Det er et perfekt valg til en babyshower gave, f\u00f8dselsdag eller andre s\u00e6rlige lejligheder.  <\/p>\n<p>Detaljer: <\/p>\n<p>-Betr\u00e6k lavet af h\u00f8j kvalitet bomuldsstof <\/p>\n<p>-Trykt m\u00f8nster falmer ikke, selv efter flere vaske <\/p>\n<p>-Perfekt til baby senge <\/p>\n<p>Materiale: <\/p>\n<p>-100% bomuld med en v\u00e6gt p\u00e5 150 g\/m\u00b2 og OEKO-TEX Standard 100 certificering  <\/p>\n<p>M\u00e5l: <\/p>\n<p>&#8211; pudebetr\u00e6k: 50&#215;60 cm <\/p>\n<p>&#8211; dynebetr\u00e6k: 140&#215;200 cm   <\/p>\n<p>Anbefales til b\u00f8rn fra f\u00f8dslen til omkring 6 \u00e5r. Skal bruges under for\u00e6ldre opsyn. <\/p>\n<p>Vaskeinstruktioner: <\/p>\n<p>&#8211; maskinvask ved 30\u00b0 <\/p>\n<p>&#8211; stryg ved h\u00f8j temperatur op til 110\u00b0C  <\/p>\n<p>&#8211; m\u00e5 ikke bleges <\/p>\n<p>&#8211; kan tumble t\u00f8rres p\u00e5 indstilling til delikate stoffer<\/p>\n","protected":false},"excerpt":{"rendered":"<p>Sengeudstyr lavet af 100% h\u00f8j kvalitet bomuld med OEKO-TEX Standard 100 certificering garanterer exceptionel komfort og holdbarhed. Stoffet er bl\u00f8dt men modstandsdygtigt over for slid, hvilket sikrer langvarig brug. S\u00e6ttet inkluderer pude- og dynebetr\u00e6k, uden fyld. Bomulden, der bruges i dette sengeudstyr, er et naturligt, hudvenligt materiale. Dens \u00e5ndbarhed giver komfort gennem hele natten. Det [&hellip;]<\/p>\n","protected":false},"featured_media":0,"comment_status":"open","ping_status":"closed","template":"","meta":[],"product_brand":[],"product_cat":[31],"product_tag":[],"class_list":{"0":"post-28954","1":"product","2":"type-product","3":"status-publish","5":"product_cat-uncategorized-da","7":"first","8":"instock","9":"shipping-taxable","10":"purchasable","11":"product-type-simple"},"_links":{"self":[{"href":"https:\/\/nordicmart.andreevmaster.com\/da\/wp-json\/wp\/v2\/product\/28954","targetHints":{"allow":["GET"]}}],"collection":[{"href":"https:\/\/nordicmart.andreevmaster.com\/da\/wp-json\/wp\/v2\/product"}],"about":[{"href":"https:\/\/nordicmart.andreevmaster.com\/da\/wp-json\/wp\/v2\/types\/product"}],"replies":[{"embeddable":true,"href":"https:\/\/nordicmart.andreevmaster.com\/da\/wp-json\/wp\/v2\/comments?post=28954"}],"wp:attachment":[{"href":"https:\/\/nordicmart.andreevmaster.com\/da\/wp-json\/wp\/v2\/media?parent=28954"}],"wp:term":[{"taxonomy":"product_brand","embeddable":true,"href":"https:\/\/nordicmart.andreevmaster.com\/da\/wp-json\/wp\/v2\/product_brand?post=28954"},{"taxonomy":"product_cat","embeddable":true,"href":"https:\/\/nordicmart.andreevmaster.com\/da\/wp-json\/wp\/v2\/product_cat?post=28954"},{"taxonomy":"product_tag","embeddable":true,"href":"https:\/\/nordicmart.andreevmaster.com\/da\/wp-json\/wp\/v2\/product_tag?post=28954"}],"curies":[{"name":"wp","href":"https:\/\/api.w.org\/{rel}","templated":true}]}}