{"id":28951,"date":"2026-02-27T00:44:26","date_gmt":"2026-02-27T00:44:26","guid":{"rendered":"https:\/\/nordicmart.andreevmaster.com\/product\/jordankre-til-trampoliner-2\/"},"modified":"2026-02-27T09:21:17","modified_gmt":"2026-02-27T09:21:17","slug":"jordankre-til-trampoliner-2","status":"publish","type":"product","link":"https:\/\/nordicmart.andreevmaster.com\/da\/vare\/jordankre-til-trampoliner-2\/","title":{"rendered":"Jordankre til trampoliner"},"content":{"rendered":"<p>Er jordankrene kun egnet til trampoliner? Disse jordankre er ikke kun egnet til trampoliner, men ogs\u00e5 til presenninger, gynger, rutsjebaner osv. Det g\u00f8r det muligt at fastg\u00f8re dit udend\u00f8rsudstyr til jorden, hvilket giver st\u00f8rre sikkerhed under brug.Leveringsomfang:4 x jordankre4 x polyesterstropSONGMICS Bem\u00e6rkninger:Produktet kan bruges op til vindstyrke 5-6. Hvis vindstyrke 6 overskrides, skal du opbevare den genstand, der er sikret med jordankrene, korrekt indend\u00f8rs.<\/p>\n","protected":false},"excerpt":{"rendered":"<p>Er jordankrene kun egnet til trampoliner? Disse jordankre er ikke kun egnet til trampoliner, men ogs\u00e5 til presenninger, gynger, rutsjebaner osv. Det g\u00f8r det muligt at fastg\u00f8re dit udend\u00f8rsudstyr til jorden, hvilket giver st\u00f8rre sikkerhed under brug.Leveringsomfang:4 x jordankre4 x polyesterstropSONGMICS Bem\u00e6rkninger:Produktet kan bruges op til vindstyrke 5-6. Hvis vindstyrke 6 overskrides, skal du opbevare [&hellip;]<\/p>\n","protected":false},"featured_media":0,"comment_status":"open","ping_status":"closed","template":"","meta":[],"product_brand":[],"product_cat":[31],"product_tag":[],"class_list":{"0":"post-28951","1":"product","2":"type-product","3":"status-publish","5":"product_cat-uncategorized-da","7":"first","8":"instock","9":"shipping-taxable","10":"product-type-simple"},"_links":{"self":[{"href":"https:\/\/nordicmart.andreevmaster.com\/da\/wp-json\/wp\/v2\/product\/28951","targetHints":{"allow":["GET"]}}],"collection":[{"href":"https:\/\/nordicmart.andreevmaster.com\/da\/wp-json\/wp\/v2\/product"}],"about":[{"href":"https:\/\/nordicmart.andreevmaster.com\/da\/wp-json\/wp\/v2\/types\/product"}],"replies":[{"embeddable":true,"href":"https:\/\/nordicmart.andreevmaster.com\/da\/wp-json\/wp\/v2\/comments?post=28951"}],"wp:attachment":[{"href":"https:\/\/nordicmart.andreevmaster.com\/da\/wp-json\/wp\/v2\/media?parent=28951"}],"wp:term":[{"taxonomy":"product_brand","embeddable":true,"href":"https:\/\/nordicmart.andreevmaster.com\/da\/wp-json\/wp\/v2\/product_brand?post=28951"},{"taxonomy":"product_cat","embeddable":true,"href":"https:\/\/nordicmart.andreevmaster.com\/da\/wp-json\/wp\/v2\/product_cat?post=28951"},{"taxonomy":"product_tag","embeddable":true,"href":"https:\/\/nordicmart.andreevmaster.com\/da\/wp-json\/wp\/v2\/product_tag?post=28951"}],"curies":[{"name":"wp","href":"https:\/\/api.w.org\/{rel}","templated":true}]}}