{"id":28944,"date":"2026-02-27T00:44:24","date_gmt":"2026-02-27T00:44:24","guid":{"rendered":"https:\/\/nordicmart.andreevmaster.com\/product\/rulletraener-sort-2\/"},"modified":"2026-02-27T09:21:16","modified_gmt":"2026-02-27T09:21:16","slug":"rulletraener-sort-2","status":"publish","type":"product","link":"https:\/\/nordicmart.andreevmaster.com\/da\/vare\/rulletraener-sort-2\/","title":{"rendered":"Rulletr\u00e6ner sort"},"content":{"rendered":"<p>Du skal ikke bekymre dig om vejret. Du st\u00e5r op hver morgen med et klart m\u00e5l for \u00f8je: I dag vil jeg g\u00f8re mit bedste. Du kl\u00e6der dig p\u00e5 og \u00e5bner hovedd\u00f8ren, men ser uvejrsskyer p\u00e5 himlen, vandpytter p\u00e5 gaden og silende regn. &#8220;Heldigvis &#8230;&#8221; siger du, &#8220;har jeg en rullesk\u00f8jte!&#8221; Du er en af de kloge. Regn og d\u00e5rligt vejr vil ikke blokere din vej til fitness og sundhed. Din racercykel monteres p\u00e5 rullesk\u00f8jtetr\u00e6neren i enkle trin, og med progressive modstandsniveauer kan du simulere forskellige sv\u00e6rhedsgrader i din stue, som om du k\u00f8rte p\u00e5 en cykelsti eller en landevej. Den letl\u00f8bende mekanisme g\u00f8r, at du kan tr\u00e6ne stille og roligt uden at forstyrre din familie eller dine naboer. Den medf\u00f8lgende forhjulsst\u00f8tte holder ogs\u00e5 din cykel stabil.N\u00e5r du har denne rulletr\u00e6ner fra SONGMICS, vil din tr\u00e6ning ikke l\u00e6ngere v\u00e6re afh\u00e6ngig af vejret, men af dig!Produktdetaljer:Farve: SortMateriale: St\u00e5lSt\u00f8rrelse p\u00e5 udfoldet produkt: 70 x 56 x 42 cm (L x B x H)St\u00f8rrelse p\u00e5 sammenfoldet produkt: 47 x 22 x 51 cm (L x B x H)V\u00e6gt: 9,8 kgMax. Statisk belastningskapacitet: 100 kgLeveringsomfang:1 x Fluid cykeltr\u00e6ner1 x forhjulsst\u00f8tte1 x quick release1 x instruktionerSONGMICS Bem\u00e6rkninger:F\u00f8r brug skal du s\u00f8rge for, at din cykel er forsvarligt fastgjort til tr\u00e6neren.R\u00f8r aldrig ved cyklens d\u00e6k eller tr\u00e6nerens modstandshjul under tr\u00e6ning.Slip aldrig cyklens styr under tr\u00e6ning.Af sikkerhedsm\u00e6ssige \u00e5rsager skal du holde rulletr\u00e6neren v\u00e6k fra b\u00f8rn og k\u00e6ledyr.<\/p>\n","protected":false},"excerpt":{"rendered":"<p>Du skal ikke bekymre dig om vejret. Du st\u00e5r op hver morgen med et klart m\u00e5l for \u00f8je: I dag vil jeg g\u00f8re mit bedste. Du kl\u00e6der dig p\u00e5 og \u00e5bner hovedd\u00f8ren, men ser uvejrsskyer p\u00e5 himlen, vandpytter p\u00e5 gaden og silende regn. &#8220;Heldigvis &#8230;&#8221; siger du, &#8220;har jeg en rullesk\u00f8jte!&#8221; Du er en af [&hellip;]<\/p>\n","protected":false},"featured_media":0,"comment_status":"open","ping_status":"closed","template":"","meta":[],"product_brand":[],"product_cat":[31],"product_tag":[],"class_list":{"0":"post-28944","1":"product","2":"type-product","3":"status-publish","5":"product_cat-uncategorized-da","7":"first","8":"instock","9":"shipping-taxable","10":"purchasable","11":"product-type-simple"},"_links":{"self":[{"href":"https:\/\/nordicmart.andreevmaster.com\/da\/wp-json\/wp\/v2\/product\/28944","targetHints":{"allow":["GET"]}}],"collection":[{"href":"https:\/\/nordicmart.andreevmaster.com\/da\/wp-json\/wp\/v2\/product"}],"about":[{"href":"https:\/\/nordicmart.andreevmaster.com\/da\/wp-json\/wp\/v2\/types\/product"}],"replies":[{"embeddable":true,"href":"https:\/\/nordicmart.andreevmaster.com\/da\/wp-json\/wp\/v2\/comments?post=28944"}],"wp:attachment":[{"href":"https:\/\/nordicmart.andreevmaster.com\/da\/wp-json\/wp\/v2\/media?parent=28944"}],"wp:term":[{"taxonomy":"product_brand","embeddable":true,"href":"https:\/\/nordicmart.andreevmaster.com\/da\/wp-json\/wp\/v2\/product_brand?post=28944"},{"taxonomy":"product_cat","embeddable":true,"href":"https:\/\/nordicmart.andreevmaster.com\/da\/wp-json\/wp\/v2\/product_cat?post=28944"},{"taxonomy":"product_tag","embeddable":true,"href":"https:\/\/nordicmart.andreevmaster.com\/da\/wp-json\/wp\/v2\/product_tag?post=28944"}],"curies":[{"name":"wp","href":"https:\/\/api.w.org\/{rel}","templated":true}]}}