{"id":28876,"date":"2026-02-27T00:44:03","date_gmt":"2026-02-27T00:44:03","guid":{"rendered":"https:\/\/nordicmart.andreevmaster.com\/product\/garderobe-med-1-tojstang\/"},"modified":"2026-02-27T09:21:00","modified_gmt":"2026-02-27T09:21:00","slug":"garderobe-med-1-tojstang","status":"publish","type":"product","link":"https:\/\/nordicmart.andreevmaster.com\/da\/vare\/garderobe-med-1-tojstang\/","title":{"rendered":"Garderobe med 1 t\u00f8jstang"},"content":{"rendered":"<p>[Skjorter p\u00e5 t\u00f8jstangen, bukser, sokker og undert\u00f8j p\u00e5 hylderne &#8211; alt har sin plads i denne garderobe. Du f\u00e5r blot fat i det t\u00f8j, du har brug for, og g\u00f8r dig hurtigt klar &#8211; en fantastisk dag kan begynde!<\/p>\n<p>[Du beh\u00f8ver ikke at g\u00e5 p\u00e5 kompromis med stilen] Et skoskab beh\u00f8ver ikke at se kedeligt og trist ud. Charmende m\u00f8rkebl\u00e5t fiberdug giver denne garderobe et s\u00e6rligt udseende og bringer karakter til dit hjem.<\/p>\n<p>[Vil du beskytte dit t\u00f8j?] Det vil vi ogs\u00e5! Dit yndlingst\u00f8j beh\u00f8ver ikke at lide under st\u00f8v. Rul blot d\u00f8ren ned og luk lynl\u00e5sen &#8211; stofbeskyttelsen giver optimal beskyttelse.<\/p>\n<p>[Hvor skal denne hylde placeres?] Vores svar: Hvor skal denne hylde placeres? &#8220;Hvor som helst! Hvor end du vil!&#8221; I din entr\u00e9? I stuen eller sovev\u00e6relset? Det er helt op til dig! Hele hjemmets ordensforsvarer<\/p>\n<p>[Samling uden stress] &#8220;\u00c5h gud, hvordan f\u00e5r jeg samlet denne store garderobe?&#8221; &#8220;\u00c5h gud, hvordan f\u00e5r jeg samlet denne store garderobe?&#8221; Fortvivl ikke, SONGMICS hj\u00e6lper dig! Takket v\u00e6re klare instruktioner og m\u00e6rkede dele beh\u00f8ver du ikke at bekymre dig om samlingen!<\/p>\n<p>Produktdetaljer:Farve: Farve: M\u00f8rkebl\u00e5Materiale: M\u00f8rkebl\u00e5: Materiale: Fiberdug, metalr\u00f8r, plastforbindelseSt\u00f8rrelse: 45 x 88 x 168 cm (B x L x H). V\u00e6gt: 2,9 kg. Max. T\u00f8jstangens statiske b\u00e6reevne: 15 kg. Max. Statisk belastningsevne pr. hylde: 5 kg. Max. Statisk samlet belastningsevne: 45 kgPakkens indhold:1 x stofskab, 1 x vippebeskyttelse, 1 x brugsanvisning (engelsk sprog ikke garanteret).<\/p>\n","protected":false},"excerpt":{"rendered":"<p>[Skjorter p\u00e5 t\u00f8jstangen, bukser, sokker og undert\u00f8j p\u00e5 hylderne &#8211; alt har sin plads i denne garderobe. Du f\u00e5r blot fat i det t\u00f8j, du har brug for, og g\u00f8r dig hurtigt klar &#8211; en fantastisk dag kan begynde! [Du beh\u00f8ver ikke at g\u00e5 p\u00e5 kompromis med stilen] Et skoskab beh\u00f8ver ikke at se kedeligt [&hellip;]<\/p>\n","protected":false},"featured_media":0,"comment_status":"open","ping_status":"closed","template":"","meta":[],"product_brand":[],"product_cat":[31],"product_tag":[],"class_list":{"0":"post-28876","1":"product","2":"type-product","3":"status-publish","5":"product_cat-uncategorized-da","7":"first","8":"instock","9":"shipping-taxable","10":"product-type-simple"},"_links":{"self":[{"href":"https:\/\/nordicmart.andreevmaster.com\/da\/wp-json\/wp\/v2\/product\/28876","targetHints":{"allow":["GET"]}}],"collection":[{"href":"https:\/\/nordicmart.andreevmaster.com\/da\/wp-json\/wp\/v2\/product"}],"about":[{"href":"https:\/\/nordicmart.andreevmaster.com\/da\/wp-json\/wp\/v2\/types\/product"}],"replies":[{"embeddable":true,"href":"https:\/\/nordicmart.andreevmaster.com\/da\/wp-json\/wp\/v2\/comments?post=28876"}],"wp:attachment":[{"href":"https:\/\/nordicmart.andreevmaster.com\/da\/wp-json\/wp\/v2\/media?parent=28876"}],"wp:term":[{"taxonomy":"product_brand","embeddable":true,"href":"https:\/\/nordicmart.andreevmaster.com\/da\/wp-json\/wp\/v2\/product_brand?post=28876"},{"taxonomy":"product_cat","embeddable":true,"href":"https:\/\/nordicmart.andreevmaster.com\/da\/wp-json\/wp\/v2\/product_cat?post=28876"},{"taxonomy":"product_tag","embeddable":true,"href":"https:\/\/nordicmart.andreevmaster.com\/da\/wp-json\/wp\/v2\/product_tag?post=28876"}],"curies":[{"name":"wp","href":"https:\/\/api.w.org\/{rel}","templated":true}]}}