{"id":28863,"date":"2026-02-27T00:43:59","date_gmt":"2026-02-27T00:43:59","guid":{"rendered":"https:\/\/nordicmart.andreevmaster.com\/product\/stofgarderobe-sammenklappelig-garderobe-med-ophaengsstang-tojstativ-opbevaringsorganisator-til-tasker-sko-stue-sovevaerelse-garderoberum-45-x-150-x-175-cm-morkebla\/"},"modified":"2026-02-27T09:20:56","modified_gmt":"2026-02-27T09:20:56","slug":"stofgarderobe-sammenklappelig-garderobe-med-ophaengsstang-tojstativ-opbevaringsorganisator-til-tasker-sko-stue-sovevaerelse-garderoberum-45-x-150-x-175-cm-morkebla","status":"publish","type":"product","link":"https:\/\/nordicmart.andreevmaster.com\/da\/vare\/stofgarderobe-sammenklappelig-garderobe-med-ophaengsstang-tojstativ-opbevaringsorganisator-til-tasker-sko-stue-sovevaerelse-garderoberum-45-x-150-x-175-cm-morkebla\/","title":{"rendered":"Stofgarderobe, sammenklappelig garderobe med oph\u00e6ngsstang, t\u00f8jstativ, opbevaringsorganisator til tasker, sko, stue, sovev\u00e6relse, garderoberum, 45 x 150 x 175 cm, m\u00f8rkebl\u00e5"},"content":{"rendered":"<p>[Kald dine t\u00f8jstykker ind] H\u00e6ng dit t\u00f8j p\u00e5 de to st\u00e6nger i stofskabet i p\u00e6ne r\u00e6kker. Placer dit foldede t\u00f8j p\u00e5 hylderne. N\u00e5r du skal v\u00e6lge outfits til den store dag, er alt, hvad du har, lige ved h\u00e5nden.<\/p>\n<p>[Den har styrke] Oph\u00e6ngsstangens b\u00e6reevne er 15 kg og stoflaget t\u00e5ler 5 kg, da det st\u00f8ttes af metalr\u00f8r med en diameter p\u00e5 16 mm og kvalitets fiberdug; sammenklappelig garderoberobusthed og holdbarhed er begge garanteret<\/p>\n<p>[V\u00e6k fra st\u00f8v] Dit nye yndlingst\u00f8j beh\u00f8ver bedre beskyttelse. Stofbeskyttelsen med lynl\u00e5s og velcrolukninger er h\u00e5ndplukket, s\u00e5 dit t\u00f8j forbliver i god stand. Med dette t\u00f8jstativ er du sikker!<\/p>\n<p>[Nem samling] Ikke flere timer med at samle stofgarderobe; i denne samling handler det blot om at fastg\u00f8re r\u00f8rene til plastforbindelser, og der er ikke behov for v\u00e6rkt\u00f8j. Det eneste tilbage er at pr\u00e6sentere dine skjorter og kjoler p\u00e5 oph\u00e6ngsstangen<\/p>\n<p>[Hvad du f\u00e5r] Fiberdugsgarderobe med oph\u00e6ngsst\u00e6nger og praktiske hylder, der giver dig masser af opbevaringsplads til at l\u00f8se kaos, og et nyttigt, opfriskende tilskud til dit sovev\u00e6relse eller garderoberum.<\/p>\n<p>Farve: BrunIntirilife-foldeskab 108x170x45 cm.<\/p>\n","protected":false},"excerpt":{"rendered":"<p>[Kald dine t\u00f8jstykker ind] H\u00e6ng dit t\u00f8j p\u00e5 de to st\u00e6nger i stofskabet i p\u00e6ne r\u00e6kker. Placer dit foldede t\u00f8j p\u00e5 hylderne. N\u00e5r du skal v\u00e6lge outfits til den store dag, er alt, hvad du har, lige ved h\u00e5nden. [Den har styrke] Oph\u00e6ngsstangens b\u00e6reevne er 15 kg og stoflaget t\u00e5ler 5 kg, da det st\u00f8ttes [&hellip;]<\/p>\n","protected":false},"featured_media":0,"comment_status":"open","ping_status":"closed","template":"","meta":[],"product_brand":[],"product_cat":[31],"product_tag":[],"class_list":{"0":"post-28863","1":"product","2":"type-product","3":"status-publish","5":"product_cat-uncategorized-da","7":"first","8":"instock","9":"shipping-taxable","10":"product-type-simple"},"_links":{"self":[{"href":"https:\/\/nordicmart.andreevmaster.com\/da\/wp-json\/wp\/v2\/product\/28863","targetHints":{"allow":["GET"]}}],"collection":[{"href":"https:\/\/nordicmart.andreevmaster.com\/da\/wp-json\/wp\/v2\/product"}],"about":[{"href":"https:\/\/nordicmart.andreevmaster.com\/da\/wp-json\/wp\/v2\/types\/product"}],"replies":[{"embeddable":true,"href":"https:\/\/nordicmart.andreevmaster.com\/da\/wp-json\/wp\/v2\/comments?post=28863"}],"wp:attachment":[{"href":"https:\/\/nordicmart.andreevmaster.com\/da\/wp-json\/wp\/v2\/media?parent=28863"}],"wp:term":[{"taxonomy":"product_brand","embeddable":true,"href":"https:\/\/nordicmart.andreevmaster.com\/da\/wp-json\/wp\/v2\/product_brand?post=28863"},{"taxonomy":"product_cat","embeddable":true,"href":"https:\/\/nordicmart.andreevmaster.com\/da\/wp-json\/wp\/v2\/product_cat?post=28863"},{"taxonomy":"product_tag","embeddable":true,"href":"https:\/\/nordicmart.andreevmaster.com\/da\/wp-json\/wp\/v2\/product_tag?post=28863"}],"curies":[{"name":"wp","href":"https:\/\/api.w.org\/{rel}","templated":true}]}}