{"id":28835,"date":"2026-02-27T00:43:50","date_gmt":"2026-02-27T00:43:50","guid":{"rendered":"https:\/\/nordicmart.andreevmaster.com\/product\/10-etagers-sko-reol-med-stovtaet-cover-opbevaringsskab-organisator-der-holder-op-til-40-par-sko-i-stuen-entreen-88-x-28-x-160-cm-gra\/"},"modified":"2026-02-27T09:20:50","modified_gmt":"2026-02-27T09:20:50","slug":"10-etagers-sko-reol-med-stovtaet-cover-opbevaringsskab-organisator-der-holder-op-til-40-par-sko-i-stuen-entreen-88-x-28-x-160-cm-gra","status":"publish","type":"product","link":"https:\/\/nordicmart.andreevmaster.com\/da\/vare\/10-etagers-sko-reol-med-stovtaet-cover-opbevaringsskab-organisator-der-holder-op-til-40-par-sko-i-stuen-entreen-88-x-28-x-160-cm-gra\/","title":{"rendered":"10-etagers sko reol med st\u00f8vt\u00e6t cover, opbevaringsskab, organisator, der holder op til 40 par sko, i stuen, entr\u00e9en, 88 x 28 x 160 cm, gr\u00e5"},"content":{"rendered":"<p>V\u00e6k fra st\u00f8v og insekter: Vil du give dine f\u00f8lsomme sko mere beskyttelse? Ingen grund til panik, SONGMICS har d\u00e6kket dig! Ja, stof kappen p\u00e5 sko reolen med lynl\u00e5s og krog lukninger er h\u00e5ndplukket til at opbevare dine sko korrekt<\/p>\n<p>Den har styrke: Kvalitets metal r\u00f8r med en diameter p\u00e5 12 mm og 75 g\/m\u00b2 fiberdug er valgt for at sikre sko organisatorens stabilitet og holdbarhed.<\/p>\n<p>Brug den hvor? Jeg siger, hvor som helst du vil! Hvad enten det er i stuen, sovev\u00e6relset eller garderoberummet, vil denne sko opbevaring altid fungere fantastisk til orden&#8230;<\/p>\n<p>Samling? Nemt! Det er ikke l\u00e6ngere n\u00f8dvendigt at bruge timer p\u00e5 at samle sko reolen; i denne samling handler det blot om at fastg\u00f8re r\u00f8rene til plast forbindelser. Dern\u00e6st placerer du 4-5 par sko p\u00e5 hver etage.<\/p>\n<p>Hvad du f\u00e5r: En stabil sko reol med 10 hylder, med l\u00e5g, nem samling og tilpasseligt design, og en l\u00f8sning til entr\u00e9en og garderoberummet til at t\u00e6mme spredte sko.<\/p>\n<p>Tekniske specifikationer: &#8211; Farver: Farver: 1: Farve: Gr\u00e5- Materiale: Gr\u00e5: Materiale: Fiberdug, metal r\u00f8r, plast forbindelse- H\u00f8jde mellem etager: 17 cm- Produkt st\u00f8rrelse: 88 x 28 x 160 cm- Produkt v\u00e6gt: 2,7 kg- B\u00e6reevne pr. etage: 3 kg- Samlet belastningskapacitet: 27 kg Pakkens indhold: &#8211; 1 x Sko reol- 1 x Instruktioner (EN, DE, FR, ES, IT)<\/p>\n","protected":false},"excerpt":{"rendered":"<p>V\u00e6k fra st\u00f8v og insekter: Vil du give dine f\u00f8lsomme sko mere beskyttelse? Ingen grund til panik, SONGMICS har d\u00e6kket dig! Ja, stof kappen p\u00e5 sko reolen med lynl\u00e5s og krog lukninger er h\u00e5ndplukket til at opbevare dine sko korrekt Den har styrke: Kvalitets metal r\u00f8r med en diameter p\u00e5 12 mm og 75 g\/m\u00b2 [&hellip;]<\/p>\n","protected":false},"featured_media":0,"comment_status":"open","ping_status":"closed","template":"","meta":[],"product_brand":[],"product_cat":[31],"product_tag":[],"class_list":{"0":"post-28835","1":"product","2":"type-product","3":"status-publish","5":"product_cat-uncategorized-da","7":"first","8":"instock","9":"shipping-taxable","10":"product-type-simple"},"_links":{"self":[{"href":"https:\/\/nordicmart.andreevmaster.com\/da\/wp-json\/wp\/v2\/product\/28835","targetHints":{"allow":["GET"]}}],"collection":[{"href":"https:\/\/nordicmart.andreevmaster.com\/da\/wp-json\/wp\/v2\/product"}],"about":[{"href":"https:\/\/nordicmart.andreevmaster.com\/da\/wp-json\/wp\/v2\/types\/product"}],"replies":[{"embeddable":true,"href":"https:\/\/nordicmart.andreevmaster.com\/da\/wp-json\/wp\/v2\/comments?post=28835"}],"wp:attachment":[{"href":"https:\/\/nordicmart.andreevmaster.com\/da\/wp-json\/wp\/v2\/media?parent=28835"}],"wp:term":[{"taxonomy":"product_brand","embeddable":true,"href":"https:\/\/nordicmart.andreevmaster.com\/da\/wp-json\/wp\/v2\/product_brand?post=28835"},{"taxonomy":"product_cat","embeddable":true,"href":"https:\/\/nordicmart.andreevmaster.com\/da\/wp-json\/wp\/v2\/product_cat?post=28835"},{"taxonomy":"product_tag","embeddable":true,"href":"https:\/\/nordicmart.andreevmaster.com\/da\/wp-json\/wp\/v2\/product_tag?post=28835"}],"curies":[{"name":"wp","href":"https:\/\/api.w.org\/{rel}","templated":true}]}}