{"id":28826,"date":"2026-02-27T00:43:48","date_gmt":"2026-02-27T00:43:48","guid":{"rendered":"https:\/\/nordicmart.andreevmaster.com\/product\/10-etagers-skoreol-skohylde-til-op-til-54-par-sko-fritstaende-opbevaringsorganizer-skab-100-x-28-x-162-cm-sort-rxj00h-2\/"},"modified":"2026-02-27T09:20:48","modified_gmt":"2026-02-27T09:20:48","slug":"10-etagers-skoreol-skohylde-til-op-til-54-par-sko-fritstaende-opbevaringsorganizer-skab-100-x-28-x-162-cm-sort-rxj00h-2","status":"publish","type":"product","link":"https:\/\/nordicmart.andreevmaster.com\/da\/vare\/10-etagers-skoreol-skohylde-til-op-til-54-par-sko-fritstaende-opbevaringsorganizer-skab-100-x-28-x-162-cm-sort-rxj00h-2\/","title":{"rendered":"10-etagers skoreol, skohylde til op til 54 par sko, fritst\u00e5ende opbevaringsorganizer, skab, 100 x 28 x 162 cm, sort RXJ00H"},"content":{"rendered":"<p>St\u00e5lr\u00f8r og plastforbindelser af h\u00f8j kvalitet &#8211; med en glat overflade er st\u00e5lr\u00f8rene rustbestandige og slidst\u00e6rke. Plastforbindelserne er meget stabile<\/p>\n<p>Vandt\u00e6tte hylder &#8211; Betr\u00e6kket af ikke-v\u00e6vet stof er \u00e5ndbart og fugtbestandigt. De 10 hylder, der er lamineret med polypropylenfilm, sikrer godt ventilerede sko og giver dit hjem en p\u00e6n og ryddelig atmosf\u00e6re. Let at reng\u00f8re<\/p>\n<p>Praktisk d\u00f8rforh\u00e6ng &#8211; Det rullede forh\u00e6ng er fastgjort med velcrolukning. De hvide lynl\u00e5se g\u00f8r det nemt at \u00e5bne og lukke d\u00f8ren. Derudover garanterer d\u00f8rforh\u00e6nget st\u00f8vfri opbevaring af skoene og holder nysgerrige blikke v\u00e6k.<\/p>\n<p>Opfylder sit form\u00e5l perfekt &#8211; DIY-design. Let og alligevel robust. Nok plads til flere typer sko, f.eks. h\u00f8jh\u00e6lede, ballerinaer, b\u00f8rnesko osv., kan ogs\u00e5 opbevare handsker, t\u00e6pper, sengelinned. Med 2 lommer (14 x 14 cm) p\u00e5 begge sider er det ogs\u00e5 muligt at opbevare skob\u00f8rster, h\u00e5ndtasker, skohorn osv.<\/p>\n<p>Alsidig brug: Uanset om det er i k\u00e6lderen, p\u00e5 b\u00f8rnev\u00e6relset, i sovev\u00e6relset, p\u00e5 loftet eller p\u00e5 campingpladsen, er dine sko altid godt opbevaret i det b\u00e6rbare skoskab. Skabet er meget pladsbesparende, s\u00e5 det passer ind i alle hj\u00f8rner. Let at st\u00f8ve af og reng\u00f8re<\/p>\n<p>Tag denne skoreol med hjem og pift dit hjem op. SONGMICS vil aldrig svigte dig! Red dit hjem fra skokaos: Dine h\u00f8jh\u00e6lede sko, din partners st\u00f8vler og dine b\u00f8rns sko er spredt ud over hele gulvet, hvilket g\u00f8r det sv\u00e6rt for dig at finde det rigtige par, n\u00e5r du forlader huset om morgenen? Fra i dag er det slut med at lede! Denne skohylde vil hj\u00e6lpe dig med at organisere alle dine sko. Endelig har sko, der har v\u00e6ret gemt under en bunke sko i lang tid, en chance for at blive brugt igen! Hvad skal man g\u00f8re, hvis stofhylden bliver beskidt? Det skal du ikke bekymre dig om! Det ikke-v\u00e6vede stof er let at vedligeholde og vandafvisende, en fugtig klud er alt, hvad du beh\u00f8ver for at reng\u00f8re det.Produktdetaljer:Farve: SortMateriale: Ikke-v\u00e6vet stof, metalr\u00f8r, plastikforbindelserAfstand mellem hylder: 17 cmSt\u00f8rrelse: 100 x 28 x 162 cm (L x B x H)V\u00e6gt: 4,4 kgMax. statisk belastningskapacitet pr. hylde: 3 kgMax. statisk belastningskapacitet for hele hylden: 27 kgLeveringsomfang:1 x skostativ1 x brugsanvisning (DE, EN, FR, ES, IT)SONGMICS r\u00e5d:Brug venligst ikke produktet udend\u00f8rs.<\/p>\n","protected":false},"excerpt":{"rendered":"<p>St\u00e5lr\u00f8r og plastforbindelser af h\u00f8j kvalitet &#8211; med en glat overflade er st\u00e5lr\u00f8rene rustbestandige og slidst\u00e6rke. Plastforbindelserne er meget stabile Vandt\u00e6tte hylder &#8211; Betr\u00e6kket af ikke-v\u00e6vet stof er \u00e5ndbart og fugtbestandigt. De 10 hylder, der er lamineret med polypropylenfilm, sikrer godt ventilerede sko og giver dit hjem en p\u00e6n og ryddelig atmosf\u00e6re. Let at reng\u00f8re [&hellip;]<\/p>\n","protected":false},"featured_media":0,"comment_status":"open","ping_status":"closed","template":"","meta":[],"product_brand":[],"product_cat":[31],"product_tag":[],"class_list":{"0":"post-28826","1":"product","2":"type-product","3":"status-publish","5":"product_cat-uncategorized-da","7":"first","8":"instock","9":"shipping-taxable","10":"product-type-simple"},"_links":{"self":[{"href":"https:\/\/nordicmart.andreevmaster.com\/da\/wp-json\/wp\/v2\/product\/28826","targetHints":{"allow":["GET"]}}],"collection":[{"href":"https:\/\/nordicmart.andreevmaster.com\/da\/wp-json\/wp\/v2\/product"}],"about":[{"href":"https:\/\/nordicmart.andreevmaster.com\/da\/wp-json\/wp\/v2\/types\/product"}],"replies":[{"embeddable":true,"href":"https:\/\/nordicmart.andreevmaster.com\/da\/wp-json\/wp\/v2\/comments?post=28826"}],"wp:attachment":[{"href":"https:\/\/nordicmart.andreevmaster.com\/da\/wp-json\/wp\/v2\/media?parent=28826"}],"wp:term":[{"taxonomy":"product_brand","embeddable":true,"href":"https:\/\/nordicmart.andreevmaster.com\/da\/wp-json\/wp\/v2\/product_brand?post=28826"},{"taxonomy":"product_cat","embeddable":true,"href":"https:\/\/nordicmart.andreevmaster.com\/da\/wp-json\/wp\/v2\/product_cat?post=28826"},{"taxonomy":"product_tag","embeddable":true,"href":"https:\/\/nordicmart.andreevmaster.com\/da\/wp-json\/wp\/v2\/product_tag?post=28826"}],"curies":[{"name":"wp","href":"https:\/\/api.w.org\/{rel}","templated":true}]}}