{"id":28791,"date":"2026-02-27T00:43:37","date_gmt":"2026-02-27T00:43:37","guid":{"rendered":"https:\/\/nordicmart.andreevmaster.com\/product\/4-stk-undertojskasse-organisatorer-garderober-organisatorer-til-bher-undertoj-slips-og-sokker-sammenklappelige-stofopbevaringskasser-lyserode\/"},"modified":"2026-02-27T09:20:40","modified_gmt":"2026-02-27T09:20:40","slug":"4-stk-undertojskasse-organisatorer-garderober-organisatorer-til-bher-undertoj-slips-og-sokker-sammenklappelige-stofopbevaringskasser-lyserode","status":"publish","type":"product","link":"https:\/\/nordicmart.andreevmaster.com\/da\/vare\/4-stk-undertojskasse-organisatorer-garderober-organisatorer-til-bher-undertoj-slips-og-sokker-sammenklappelige-stofopbevaringskasser-lyserode\/","title":{"rendered":"4 stk undert\u00f8jskasse organisatorer, garderober organisatorer til bh&#8217;er, undert\u00f8j, slips og sokker, sammenklappelige stofopbevaringskasser, lyser\u00f8de"},"content":{"rendered":"<p>Reducer rod: Dette undert\u00f8js organiseringss\u00e6t hj\u00e6lper dig med at sortere undert\u00f8j efter type og holde dine skuffer p\u00e6nt organiserede, s\u00e5 du altid hurtigt finder det undert\u00f8j eller de bh&#8217;er, du har brug for.<\/p>\n<p>Spar plads: eller fold dem sammen, n\u00e5r de ikke bruges, hvilket sparer plads.<\/p>\n<p>Alsided organisering: 4-delte stofkasser opfylder forskellige opbevaringsbehov: 5-cellet organisator (32 x 32 x 10 cm) til bh&#8217;er, 6-cellet (32 x 16 x 10 cm) til undert\u00f8j, 8-cellet (32 x 16 x 10 cm) til slips og 24-cellet (32 x 32 x 10 cm) til sokker.<\/p>\n<p>Hold formen: D\u00e6kket med 80 g\/m\u00b2 fiberdug og st\u00f8ttet af pap, har disse garderober organisatorer en stiv, rigid struktur, der holder formen og holder undert\u00f8jet i perfekt orden.<\/p>\n<p>Hvad du f\u00e5r: 4 kasse organisator s\u00e6t, med sammenklappeligt design, der tilbyder et passende sted til bh&#8217;er, undert\u00f8j, slips og sokker og passer ogs\u00e5 komfortabelt i skuffestakke eller garderober hylder.<\/p>\n<p>Tekniske specifikationer:- Farve: &#8211; Farve: 1: Pink- Materiale: Materiale: 80 g\/m\u00b2 fiberdug, pap, PE-panel- Produkt st\u00f8rrelse: &#8211; 5-cellet til bh&#8217;er: 6-cellet til bh&#8217;er: 32 x 32 x 10 cm (L x B x H) &#8211; 6-cellet til undert\u00f8j: 32 x 32 x 10 cm (L x B x H): 32 x 16 x 10 cm (L x B x H)- 8-cellet til slips slips: 32 x 16 x 10 cm (L x B x H)- 8-cellet til slips slips: Sokker: 32 x 16 x 10 cm (L x B x H) &#8211; 24-cellet sokker: 32 x 16 x 10 cm (L x B x H): Samlet v\u00e6gt: 0,7 kg Pakkens indhold:- 1 x 4 undert\u00f8js organisator s\u00e6t (5-cellet, 6-cellet, 8-cellet, 24-cellet) &#8211; 2 x udtr\u00e6kkelige PE-paneler.<\/p>\n","protected":false},"excerpt":{"rendered":"<p>Reducer rod: Dette undert\u00f8js organiseringss\u00e6t hj\u00e6lper dig med at sortere undert\u00f8j efter type og holde dine skuffer p\u00e6nt organiserede, s\u00e5 du altid hurtigt finder det undert\u00f8j eller de bh&#8217;er, du har brug for. Spar plads: eller fold dem sammen, n\u00e5r de ikke bruges, hvilket sparer plads. Alsided organisering: 4-delte stofkasser opfylder forskellige opbevaringsbehov: 5-cellet organisator [&hellip;]<\/p>\n","protected":false},"featured_media":0,"comment_status":"open","ping_status":"closed","template":"","meta":[],"product_brand":[],"product_cat":[31],"product_tag":[],"class_list":{"0":"post-28791","1":"product","2":"type-product","3":"status-publish","5":"product_cat-uncategorized-da","7":"first","8":"instock","9":"shipping-taxable","10":"purchasable","11":"product-type-simple"},"_links":{"self":[{"href":"https:\/\/nordicmart.andreevmaster.com\/da\/wp-json\/wp\/v2\/product\/28791","targetHints":{"allow":["GET"]}}],"collection":[{"href":"https:\/\/nordicmart.andreevmaster.com\/da\/wp-json\/wp\/v2\/product"}],"about":[{"href":"https:\/\/nordicmart.andreevmaster.com\/da\/wp-json\/wp\/v2\/types\/product"}],"replies":[{"embeddable":true,"href":"https:\/\/nordicmart.andreevmaster.com\/da\/wp-json\/wp\/v2\/comments?post=28791"}],"wp:attachment":[{"href":"https:\/\/nordicmart.andreevmaster.com\/da\/wp-json\/wp\/v2\/media?parent=28791"}],"wp:term":[{"taxonomy":"product_brand","embeddable":true,"href":"https:\/\/nordicmart.andreevmaster.com\/da\/wp-json\/wp\/v2\/product_brand?post=28791"},{"taxonomy":"product_cat","embeddable":true,"href":"https:\/\/nordicmart.andreevmaster.com\/da\/wp-json\/wp\/v2\/product_cat?post=28791"},{"taxonomy":"product_tag","embeddable":true,"href":"https:\/\/nordicmart.andreevmaster.com\/da\/wp-json\/wp\/v2\/product_tag?post=28791"}],"curies":[{"name":"wp","href":"https:\/\/api.w.org\/{rel}","templated":true}]}}