{"id":28728,"date":"2026-02-27T00:43:19","date_gmt":"2026-02-27T00:43:19","guid":{"rendered":"https:\/\/nordicmart.andreevmaster.com\/product\/saet-med-12-svaevende-billedrammer\/"},"modified":"2026-02-27T09:20:26","modified_gmt":"2026-02-27T09:20:26","slug":"saet-med-12-svaevende-billedrammer","status":"publish","type":"product","link":"https:\/\/nordicmart.andreevmaster.com\/da\/vare\/saet-med-12-svaevende-billedrammer\/","title":{"rendered":"S\u00e6t med 12 sv\u00e6vende billedrammer"},"content":{"rendered":"<p>Lad billeder sv\u00e6ve: Hvis du maler et smukt billede eller tager et fantastisk landskabsbillede, kan du g\u00f8re dem til kunstv\u00e6rker med disse billedrammer. Rammerne holder billedet mellem to glasplader, s\u00e5 det ser ud som om billedet sv\u00e6ver i luften. Moderne udseende, hvid overflade med \u00e5retegninger &#8211; disse billedrammer passer til forskellige indretningsstile.Fremh\u00e6vninger af disse 3 billedrammer:Billeder i st\u00f8rrelse 10,2 x 15,2 cm, 12,7 x 17,8 cm og 15,2 x 20,3 cm passer ind i billedrammerne4 anvendelser: Fastg\u00f8relse af billeder: S\u00e6t p\u00e5 bordet eller h\u00e6ng p\u00e5 v\u00e6ggen &#8211; b\u00e5de vandret og lodretSkjulte huller p\u00e5 bagsiden muligg\u00f8r fastg\u00f8relse af rammerne t\u00e6t p\u00e5 v\u00e6ggen3 medf\u00f8lgende papirer med m\u00e6rker hj\u00e6lper dig med at bestemme, hvor rammerne skal fastg\u00f8res p\u00e5 v\u00e6ggenMedf\u00f8lgende metalstativer underst\u00f8tter billedrammerne, Medf\u00f8lgende metalstativer underst\u00f8tter billedrammerne, s\u00e5 de kan st\u00e5 stabilt p\u00e5 bordetVed hj\u00e6lp af side\u00e5bningen med clips kan du nemt udskifte og fastg\u00f8re billederRammerne er fremstillet af h\u00f8j kvalitet glas og MDF-plade, s\u00e5 du kan se skarpe billeder og bruge rammerne i lang tidProduktinformation:Farve: HvidMateriale: Hvid: Materiale: Hvid: MDF (medium density fiberboard), glasSt\u00f8rrelse: 24,5 x 19,5 cm (L x B)Samlet v\u00e6gt: 1,7 kgLeveringsomfang:12 x billedrammer24 x metal st\u00f8tte st\u00e6nger12 x papir og mark\u00f8rer4 x kl\u00e6bepunkterSONGMICS Bem\u00e6rkninger:Ekstraudstyr til fastg\u00f8relse af rammer p\u00e5 v\u00e6ggen er IKKE inkluderet i leveringen. Da der er mange typer v\u00e6gmaterialer, skal du bruge fastg\u00f8relsesudstyr, der passer til dine v\u00e6gforhold.Alle glaspanelkanter er slebet ned for at sikre din sikkerhed ved udskiftning af billeder. Hold dog b\u00f8rn v\u00e6k fra dette produkt og placer det p\u00e5 en flad overflade eller fastg\u00f8r det sikkert til v\u00e6ggen.<\/p>\n","protected":false},"excerpt":{"rendered":"<p>Lad billeder sv\u00e6ve: Hvis du maler et smukt billede eller tager et fantastisk landskabsbillede, kan du g\u00f8re dem til kunstv\u00e6rker med disse billedrammer. Rammerne holder billedet mellem to glasplader, s\u00e5 det ser ud som om billedet sv\u00e6ver i luften. Moderne udseende, hvid overflade med \u00e5retegninger &#8211; disse billedrammer passer til forskellige indretningsstile.Fremh\u00e6vninger af disse 3 [&hellip;]<\/p>\n","protected":false},"featured_media":0,"comment_status":"open","ping_status":"closed","template":"","meta":[],"product_brand":[],"product_cat":[31],"product_tag":[],"class_list":{"0":"post-28728","1":"product","2":"type-product","3":"status-publish","5":"product_cat-uncategorized-da","7":"first","8":"instock","9":"shipping-taxable","10":"purchasable","11":"product-type-simple"},"_links":{"self":[{"href":"https:\/\/nordicmart.andreevmaster.com\/da\/wp-json\/wp\/v2\/product\/28728","targetHints":{"allow":["GET"]}}],"collection":[{"href":"https:\/\/nordicmart.andreevmaster.com\/da\/wp-json\/wp\/v2\/product"}],"about":[{"href":"https:\/\/nordicmart.andreevmaster.com\/da\/wp-json\/wp\/v2\/types\/product"}],"replies":[{"embeddable":true,"href":"https:\/\/nordicmart.andreevmaster.com\/da\/wp-json\/wp\/v2\/comments?post=28728"}],"wp:attachment":[{"href":"https:\/\/nordicmart.andreevmaster.com\/da\/wp-json\/wp\/v2\/media?parent=28728"}],"wp:term":[{"taxonomy":"product_brand","embeddable":true,"href":"https:\/\/nordicmart.andreevmaster.com\/da\/wp-json\/wp\/v2\/product_brand?post=28728"},{"taxonomy":"product_cat","embeddable":true,"href":"https:\/\/nordicmart.andreevmaster.com\/da\/wp-json\/wp\/v2\/product_cat?post=28728"},{"taxonomy":"product_tag","embeddable":true,"href":"https:\/\/nordicmart.andreevmaster.com\/da\/wp-json\/wp\/v2\/product_tag?post=28728"}],"curies":[{"name":"wp","href":"https:\/\/api.w.org\/{rel}","templated":true}]}}