{"id":28727,"date":"2026-02-27T00:43:18","date_gmt":"2026-02-27T00:43:18","guid":{"rendered":"https:\/\/nordicmart.andreevmaster.com\/product\/saet-med-10-roterende-billedrammer-til-billeder-i-storrelse-203-x-254-cm-8-x-10-tommer\/"},"modified":"2026-02-27T09:20:26","modified_gmt":"2026-02-27T09:20:26","slug":"saet-med-10-roterende-billedrammer-til-billeder-i-storrelse-203-x-254-cm-8-x-10-tommer","status":"publish","type":"product","link":"https:\/\/nordicmart.andreevmaster.com\/da\/vare\/saet-med-10-roterende-billedrammer-til-billeder-i-storrelse-203-x-254-cm-8-x-10-tommer\/","title":{"rendered":"S\u00e6t med 10 roterende billedrammer til billeder i st\u00f8rrelse 20,3 x 25,4 cm (8 x 10 tommer)."},"content":{"rendered":"<p>Drej, vis og dekor\u00e9r: Den drejelige billedramme har 2 glasplader, med et billede p\u00e5 hver side. Moderne udseende, hvid overflade med \u00e5retegninger &#8211; rammerne passer til forskellige indretningsstile.Fremh\u00e6vninger af disse 2 billedrammer: To billeder p\u00e5 20,3 x 25,4 cm passer ind i hver ramme6 anvendelser: st\u00f8ttet med stativer, st\u00e5ende uden stativer, fastg\u00f8relse p\u00e5 v\u00e6ggen &#8211; b\u00e5de vandret og lodretMedf\u00f8lgende metalstativer underst\u00f8tter billedrammerne, s\u00e5 de nemt kan st\u00e5 skr\u00e5t p\u00e5 bordetTakket v\u00e6re rammerens 3 cm dybde kan rammerne st\u00e5 stabilt p\u00e5 en flad overflade uden stativerSkjulte huller p\u00e5 bagsiden muligg\u00f8r, Ved hj\u00e6lp af de skjulte huller p\u00e5 bagsiden kan du fastg\u00f8re rammerne sikkert p\u00e5 v\u00e6ggen2 medf\u00f8lgende papirer med m\u00e6rker hj\u00e6lper dig med at bestemme stederne, hvor rammerne skal fastg\u00f8res p\u00e5 v\u00e6ggenVed hj\u00e6lp af side\u00e5bningen med clips kan du nemt udskifte og fastg\u00f8re billederRammerne er fremstillet af h\u00f8j kvalitet glas og MDF-plade, s\u00e5 du kan se skarpe billeder og bruge rammerne permanentProduktinformation: 1. Billedrammerne er fremstillet af h\u00f8j kvalitet glas og MDF-plade, s\u00e5 du kan se skarpe billeder og bruge rammerne permanent:Farver: HvidMateriale: Hvid: St\u00f8rrelser: 32,8 x 28,7 cm (L x B), 33,8 x 27,8 cm (L x B)Samlet v\u00e6gt: 2,5 kgLeveringsomfang:10 x billedrammer20 x metal st\u00f8tte st\u00e6nger10 x papir og markeringpenneSONGMICS Bem\u00e6rkninger:Tilbeh\u00f8r til fastg\u00f8relse af rammer p\u00e5 v\u00e6ggen er IKKE inkluderet i leveringen. Da der er mange typer v\u00e6gmaterialer, skal du bruge fastg\u00f8relsesudstyr, der passer til dine v\u00e6gforhold.Alle glaskanter er slebet ned for at sikre din sikkerhed, n\u00e5r du udskifter billeder. Placer produktet p\u00e5 en flad overflade eller fastg\u00f8r det sikkert til v\u00e6ggen.billedrammerne kan ikke drejes, n\u00e5r du fastg\u00f8r dem p\u00e5 v\u00e6ggen.<\/p>\n","protected":false},"excerpt":{"rendered":"<p>Drej, vis og dekor\u00e9r: Den drejelige billedramme har 2 glasplader, med et billede p\u00e5 hver side. Moderne udseende, hvid overflade med \u00e5retegninger &#8211; rammerne passer til forskellige indretningsstile.Fremh\u00e6vninger af disse 2 billedrammer: To billeder p\u00e5 20,3 x 25,4 cm passer ind i hver ramme6 anvendelser: st\u00f8ttet med stativer, st\u00e5ende uden stativer, fastg\u00f8relse p\u00e5 v\u00e6ggen &#8211; [&hellip;]<\/p>\n","protected":false},"featured_media":0,"comment_status":"open","ping_status":"closed","template":"","meta":[],"product_brand":[],"product_cat":[31],"product_tag":[],"class_list":{"0":"post-28727","1":"product","2":"type-product","3":"status-publish","5":"product_cat-uncategorized-da","7":"first","8":"instock","9":"shipping-taxable","10":"purchasable","11":"product-type-simple"},"_links":{"self":[{"href":"https:\/\/nordicmart.andreevmaster.com\/da\/wp-json\/wp\/v2\/product\/28727","targetHints":{"allow":["GET"]}}],"collection":[{"href":"https:\/\/nordicmart.andreevmaster.com\/da\/wp-json\/wp\/v2\/product"}],"about":[{"href":"https:\/\/nordicmart.andreevmaster.com\/da\/wp-json\/wp\/v2\/types\/product"}],"replies":[{"embeddable":true,"href":"https:\/\/nordicmart.andreevmaster.com\/da\/wp-json\/wp\/v2\/comments?post=28727"}],"wp:attachment":[{"href":"https:\/\/nordicmart.andreevmaster.com\/da\/wp-json\/wp\/v2\/media?parent=28727"}],"wp:term":[{"taxonomy":"product_brand","embeddable":true,"href":"https:\/\/nordicmart.andreevmaster.com\/da\/wp-json\/wp\/v2\/product_brand?post=28727"},{"taxonomy":"product_cat","embeddable":true,"href":"https:\/\/nordicmart.andreevmaster.com\/da\/wp-json\/wp\/v2\/product_cat?post=28727"},{"taxonomy":"product_tag","embeddable":true,"href":"https:\/\/nordicmart.andreevmaster.com\/da\/wp-json\/wp\/v2\/product_tag?post=28727"}],"curies":[{"name":"wp","href":"https:\/\/api.w.org\/{rel}","templated":true}]}}