{"id":28568,"date":"2026-02-27T00:42:33","date_gmt":"2026-02-27T00:42:33","guid":{"rendered":"https:\/\/nordicmart.andreevmaster.com\/product\/vasketojskurv-med-hjul\/"},"modified":"2026-02-27T09:19:50","modified_gmt":"2026-02-27T09:19:50","slug":"vasketojskurv-med-hjul","status":"publish","type":"product","link":"https:\/\/nordicmart.andreevmaster.com\/da\/vare\/vasketojskurv-med-hjul\/","title":{"rendered":"Vasket\u00f8jskurv med hjul"},"content":{"rendered":"<p>SONGMICS vasket\u00f8jskurv med hjul, rullende vasket\u00f8jskurv, rund, st\u00e5lramme og aftagelig pose, 4 hjul og 2 bremser, cremefarvet og s\u00f8lv URLS006W01<br \/>\n&#8211; Farve: Sort, s\u00f8lv.<br \/>\n&#8211; Materiale: st\u00e5l, 600D polyesterstof.<br \/>\n&#8211; Produktst\u00f8rrelse: 39 cm diameter. 40 x 61 cm.<br \/>\n&#8211; Produktv\u00e6gt: 3 kg.<br \/>\n&#8211; Total maks. statisk b\u00e6reevne: 15 kg<br \/>\n&#8211; Volumen: 18,5 gal 70 l.<\/p>\n","protected":false},"excerpt":{"rendered":"<p>SONGMICS vasket\u00f8jskurv med hjul, rullende vasket\u00f8jskurv, rund, st\u00e5lramme og aftagelig pose, 4 hjul og 2 bremser, cremefarvet og s\u00f8lv URLS006W01<\/p>\n","protected":false},"featured_media":45962,"comment_status":"open","ping_status":"closed","template":"","meta":[],"product_brand":[],"product_cat":[31],"product_tag":[],"class_list":{"0":"post-28568","1":"product","2":"type-product","3":"status-publish","4":"has-post-thumbnail","6":"product_cat-uncategorized-da","8":"first","9":"instock","10":"shipping-taxable","11":"purchasable","12":"product-type-simple"},"_links":{"self":[{"href":"https:\/\/nordicmart.andreevmaster.com\/da\/wp-json\/wp\/v2\/product\/28568","targetHints":{"allow":["GET"]}}],"collection":[{"href":"https:\/\/nordicmart.andreevmaster.com\/da\/wp-json\/wp\/v2\/product"}],"about":[{"href":"https:\/\/nordicmart.andreevmaster.com\/da\/wp-json\/wp\/v2\/types\/product"}],"replies":[{"embeddable":true,"href":"https:\/\/nordicmart.andreevmaster.com\/da\/wp-json\/wp\/v2\/comments?post=28568"}],"wp:featuredmedia":[{"embeddable":true,"href":"https:\/\/nordicmart.andreevmaster.com\/da\/wp-json\/wp\/v2\/media\/45962"}],"wp:attachment":[{"href":"https:\/\/nordicmart.andreevmaster.com\/da\/wp-json\/wp\/v2\/media?parent=28568"}],"wp:term":[{"taxonomy":"product_brand","embeddable":true,"href":"https:\/\/nordicmart.andreevmaster.com\/da\/wp-json\/wp\/v2\/product_brand?post=28568"},{"taxonomy":"product_cat","embeddable":true,"href":"https:\/\/nordicmart.andreevmaster.com\/da\/wp-json\/wp\/v2\/product_cat?post=28568"},{"taxonomy":"product_tag","embeddable":true,"href":"https:\/\/nordicmart.andreevmaster.com\/da\/wp-json\/wp\/v2\/product_tag?post=28568"}],"curies":[{"name":"wp","href":"https:\/\/api.w.org\/{rel}","templated":true}]}}